{"id":6506,"date":"2026-04-22T18:18:45","date_gmt":"2026-04-22T18:18:45","guid":{"rendered":"https:\/\/terradecorart.com\/product\/beli-san-fasada\/"},"modified":"2026-04-22T18:43:04","modified_gmt":"2026-04-22T18:43:04","slug":"bela-fasada-iz-sna","status":"publish","type":"product","link":"https:\/\/terradecorart.com\/sr\/\u043f\u0440\u043e\u0438\u0437\u0432\u043e\u0434\/bela-fasada-iz-sna\/","title":{"rendered":"Bela fasada iz sna"},"content":{"rendered":"<p>Bela fasada iz sna pru\u017ea sna\u017ean, ultra-realisti\u010dan izgled kamena inspirisan prirodnim \u0161kriljcem. Njena o\u0161tra, slojevita tekstura stvara moderan i upe\u010datljiv arhitektonski efekat. Lagana, a izuzetno izdr\u017eljiva, otporna je na UV zra\u010denje, vodu, toplotu i udarce. Laka za monta\u017eu i odr\u017eavanje, idealna je za spoljne zidove i dekorativne povr\u0161ine. Dizajnirana za dugotrajnu upotrebu uz minimalno odr\u017eavanje, zadr\u017eava svoj autenti\u010dan izgled. Velika prednost je \u0161to se mo\u017ee postaviti na gotovo svaku stabilnu povr\u0161inu. Cena po m\u00b2.<\/p>\n<section class=\"text-token-text-primary w-full focus:outline-none [--shadow-height:45px] has-data-writing-block:pointer-events-none has-data-writing-block:-mt-(--shadow-height) has-data-writing-block:pt-(--shadow-height) [&amp;:has([data-writing-block])&gt;*]:pointer-events-auto [content-visibility:auto] supports-[content-visibility:auto]:[contain-intrinsic-size:auto_100lvh] R6Vx5W_threadScrollVars scroll-mb-[calc(var(--scroll-root-safe-area-inset-bottom,0px)+var(--thread-response-height))] scroll-mt-[calc(var(--header-height)+min(200px,max(70px,20svh)))]\" dir=\"auto\" data-turn-id=\"request-WEB:2d2bb97a-3dd6-44dc-a9b4-570ea329827e-237\" data-testid=\"conversation-turn-120\" data-scroll-anchor=\"false\" data-turn=\"assistant\">\n<div class=\"text-base my-auto mx-auto pb-10 [--thread-content-margin:var(--thread-content-margin-xs,calc(var(--spacing)*4))] @w-sm\/main:[--thread-content-margin:var(--thread-content-margin-sm,calc(var(--spacing)*6))] @w-lg\/main:[--thread-content-margin:var(--thread-content-margin-lg,calc(var(--spacing)*16))] px-(--thread-content-margin)\">\n<div class=\"[--thread-content-max-width:40rem] @w-lg\/main:[--thread-content-max-width:48rem] mx-auto max-w-(--thread-content-max-width) flex-1 group\/turn-messages focus-visible:outline-hidden relative flex w-full min-w-0 flex-col agent-turn\">\n<div class=\"z-0 flex min-h-[46px] justify-start\"><\/div>\n<div class=\"mt-3 w-full empty:hidden\">\n<div class=\"text-center\"><\/div>\n<\/div>\n<\/div>\n<\/div>\n<\/section>\n<div class=\"pointer-events-none -mt-px h-px translate-y-[calc(var(--scroll-root-safe-area-inset-bottom)-14*var(--spacing))]\" aria-hidden=\"true\"><\/div>\n","protected":false},"excerpt":{"rendered":"<p>Bela fasada iz sna pru\u017ea sna\u017ean, ultra-realisti\u010dan izgled kamena inspirisan prirodnim \u0161kriljcem. Njena o\u0161tra, slojevita tekstura stvara moderan i upe\u010datljiv arhitektonski efekat. Lagana, a izuzetno izdr\u017eljiva, otporna je na UV zra\u010denje, vodu, toplotu i udarce. Laka za monta\u017eu i odr\u017eavanje, idealna je za spoljne zidove i dekorativne povr\u0161ine. Dizajnirana za dugotrajnu upotrebu uz minimalno odr\u017eavanje, zadr\u017eava svoj autenti\u010dan izgled. Velika prednost je \u0161to se mo\u017ee postaviti na gotovo svaku stabilnu povr\u0161inu. Cena po m\u00b2.<\/p>\n","protected":false},"featured_media":6507,"comment_status":"closed","ping_status":"closed","template":"","meta":{"_acf_changed":false},"product_brand":[],"product_cat":[113,183],"product_tag":[],"class_list":{"0":"post-6506","1":"product","2":"type-product","3":"status-publish","4":"has-post-thumbnail","6":"product_cat-eksterijer","7":"product_cat-fasadni-paneli","9":"first","10":"instock","11":"shipping-taxable","12":"purchasable","13":"product-type-simple"},"acf":[],"yoast_head":"<!-- This site is optimized with the Yoast SEO plugin v27.4 - https:\/\/yoast.com\/product\/yoast-seo-wordpress\/ -->\n<title>Bela fasada iz sna | Terradecor<\/title>\n<meta name=\"description\" content=\"Bela fasada iz sna odlikuje se ultra-realisti\u010dnim izgledom. Lagana, izdr\u017eljiva, otporna na UV zra\u010denje i vodu, laka za \u010di\u0161\u0107enje.\" \/>\n<meta name=\"robots\" content=\"index, follow, max-snippet:-1, max-image-preview:large, max-video-preview:-1\" \/>\n<link rel=\"canonical\" href=\"https:\/\/terradecorart.com\/sr\/\u043f\u0440\u043e\u0438\u0437\u0432\u043e\u0434\/bela-fasada-iz-sna\/\" \/>\n<meta property=\"og:locale\" content=\"sr_RS\" \/>\n<meta property=\"og:type\" content=\"article\" \/>\n<meta property=\"og:title\" content=\"Bela fasada iz sna | Terradecor\" \/>\n<meta property=\"og:description\" content=\"Bela fasada iz sna odlikuje se ultra-realisti\u010dnim izgledom. Lagana, izdr\u017eljiva, otporna na UV zra\u010denje i vodu, laka za \u010di\u0161\u0107enje.\" \/>\n<meta property=\"og:url\" content=\"https:\/\/terradecorart.com\/sr\/\u043f\u0440\u043e\u0438\u0437\u0432\u043e\u0434\/bela-fasada-iz-sna\/\" \/>\n<meta property=\"og:site_name\" content=\"Terradecor\" \/>\n<meta property=\"article:modified_time\" content=\"2026-04-22T18:43:04+00:00\" \/>\n<meta property=\"og:image\" content=\"https:\/\/terradecorart.com\/wp-content\/uploads\/2026\/04\/white-dream-facade.webp\" \/>\n\t<meta property=\"og:image:width\" content=\"1672\" \/>\n\t<meta property=\"og:image:height\" content=\"941\" \/>\n\t<meta property=\"og:image:type\" content=\"image\/webp\" \/>\n<meta name=\"twitter:card\" content=\"summary_large_image\" \/>\n<meta name=\"twitter:label1\" content=\"\u041f\u0440\u043e\u0446\u0435\u045a\u0435\u043d\u043e \u0432\u0440\u0435\u043c\u0435 \u0447\u0438\u0442\u0430\u045a\u0430\" \/>\n\t<meta name=\"twitter:data1\" content=\"1 \u043c\u0438\u043d\u0443\u0442\" \/>\n<script type=\"application\/ld+json\" class=\"yoast-schema-graph\">{\"@context\":\"https:\\\/\\\/schema.org\",\"@graph\":[{\"@type\":\"WebPage\",\"@id\":\"https:\\\/\\\/terradecorart.com\\\/sr\\\/\u043f\u0440\u043e\u0438\u0437\u0432\u043e\u0434\\\/bela-fasada-iz-sna\\\/\",\"url\":\"https:\\\/\\\/terradecorart.com\\\/sr\\\/\u043f\u0440\u043e\u0438\u0437\u0432\u043e\u0434\\\/bela-fasada-iz-sna\\\/\",\"name\":\"Bela fasada iz sna | Terradecor\",\"isPartOf\":{\"@id\":\"https:\\\/\\\/terradecorart.com\\\/sr\\\/#website\"},\"primaryImageOfPage\":{\"@id\":\"https:\\\/\\\/terradecorart.com\\\/sr\\\/\u043f\u0440\u043e\u0438\u0437\u0432\u043e\u0434\\\/bela-fasada-iz-sna\\\/#primaryimage\"},\"image\":{\"@id\":\"https:\\\/\\\/terradecorart.com\\\/sr\\\/\u043f\u0440\u043e\u0438\u0437\u0432\u043e\u0434\\\/bela-fasada-iz-sna\\\/#primaryimage\"},\"thumbnailUrl\":\"https:\\\/\\\/terradecorart.com\\\/wp-content\\\/uploads\\\/2026\\\/04\\\/white-dream-facade.webp\",\"datePublished\":\"2026-04-22T18:18:45+00:00\",\"dateModified\":\"2026-04-22T18:43:04+00:00\",\"description\":\"Bela fasada iz sna odlikuje se ultra-realisti\u010dnim izgledom. Lagana, izdr\u017eljiva, otporna na UV zra\u010denje i vodu, laka za \u010di\u0161\u0107enje.\",\"breadcrumb\":{\"@id\":\"https:\\\/\\\/terradecorart.com\\\/sr\\\/\u043f\u0440\u043e\u0438\u0437\u0432\u043e\u0434\\\/bela-fasada-iz-sna\\\/#breadcrumb\"},\"inLanguage\":\"sr-RS\",\"potentialAction\":[{\"@type\":\"ReadAction\",\"target\":[\"https:\\\/\\\/terradecorart.com\\\/sr\\\/\u043f\u0440\u043e\u0438\u0437\u0432\u043e\u0434\\\/bela-fasada-iz-sna\\\/\"]}]},{\"@type\":\"ImageObject\",\"inLanguage\":\"sr-RS\",\"@id\":\"https:\\\/\\\/terradecorart.com\\\/sr\\\/\u043f\u0440\u043e\u0438\u0437\u0432\u043e\u0434\\\/bela-fasada-iz-sna\\\/#primaryimage\",\"url\":\"https:\\\/\\\/terradecorart.com\\\/wp-content\\\/uploads\\\/2026\\\/04\\\/white-dream-facade.webp\",\"contentUrl\":\"https:\\\/\\\/terradecorart.com\\\/wp-content\\\/uploads\\\/2026\\\/04\\\/white-dream-facade.webp\",\"width\":1672,\"height\":941},{\"@type\":\"BreadcrumbList\",\"@id\":\"https:\\\/\\\/terradecorart.com\\\/sr\\\/\u043f\u0440\u043e\u0438\u0437\u0432\u043e\u0434\\\/bela-fasada-iz-sna\\\/#breadcrumb\",\"itemListElement\":[{\"@type\":\"ListItem\",\"position\":1,\"name\":\"Home\",\"item\":\"https:\\\/\\\/terradecorart.com\\\/sr\\\/\"},{\"@type\":\"ListItem\",\"position\":2,\"name\":\"\u041f\u0440\u043e\u0438\u0437\u0432\u043e\u0434\u0438\",\"item\":\"https:\\\/\\\/terradecorart.com\\\/sr\\\/shop\\\/\"},{\"@type\":\"ListItem\",\"position\":3,\"name\":\"Bela fasada iz sna\"}]},{\"@type\":\"WebSite\",\"@id\":\"https:\\\/\\\/terradecorart.com\\\/sr\\\/#website\",\"url\":\"https:\\\/\\\/terradecorart.com\\\/sr\\\/\",\"name\":\"Terradecor\",\"description\":\"Take your interior design\\u2028to the next level of style We are Terradecor, a Serbian company with 15 years of experience in creating decorative materials that look like natural stone.\",\"publisher\":{\"@id\":\"https:\\\/\\\/terradecorart.com\\\/sr\\\/#organization\"},\"potentialAction\":[{\"@type\":\"SearchAction\",\"target\":{\"@type\":\"EntryPoint\",\"urlTemplate\":\"https:\\\/\\\/terradecorart.com\\\/sr\\\/?s={search_term_string}\"},\"query-input\":{\"@type\":\"PropertyValueSpecification\",\"valueRequired\":true,\"valueName\":\"search_term_string\"}}],\"inLanguage\":\"sr-RS\"},{\"@type\":\"Organization\",\"@id\":\"https:\\\/\\\/terradecorart.com\\\/sr\\\/#organization\",\"name\":\"Terradecor\",\"url\":\"https:\\\/\\\/terradecorart.com\\\/sr\\\/\",\"logo\":{\"@type\":\"ImageObject\",\"inLanguage\":\"sr-RS\",\"@id\":\"https:\\\/\\\/terradecorart.com\\\/sr\\\/#\\\/schema\\\/logo\\\/image\\\/\",\"url\":\"https:\\\/\\\/terradecorart.com\\\/wp-content\\\/uploads\\\/2026\\\/01\\\/Terra-sajt-logo.png\",\"contentUrl\":\"https:\\\/\\\/terradecorart.com\\\/wp-content\\\/uploads\\\/2026\\\/01\\\/Terra-sajt-logo.png\",\"width\":781,\"height\":188,\"caption\":\"Terradecor\"},\"image\":{\"@id\":\"https:\\\/\\\/terradecorart.com\\\/sr\\\/#\\\/schema\\\/logo\\\/image\\\/\"}}]}<\/script>\n<!-- \/ Yoast SEO plugin. -->","yoast_head_json":{"title":"Bela fasada iz sna | Terradecor","description":"Bela fasada iz sna odlikuje se ultra-realisti\u010dnim izgledom. Lagana, izdr\u017eljiva, otporna na UV zra\u010denje i vodu, laka za \u010di\u0161\u0107enje.","robots":{"index":"index","follow":"follow","max-snippet":"max-snippet:-1","max-image-preview":"max-image-preview:large","max-video-preview":"max-video-preview:-1"},"canonical":"https:\/\/terradecorart.com\/sr\/\u043f\u0440\u043e\u0438\u0437\u0432\u043e\u0434\/bela-fasada-iz-sna\/","og_locale":"sr_RS","og_type":"article","og_title":"Bela fasada iz sna | Terradecor","og_description":"Bela fasada iz sna odlikuje se ultra-realisti\u010dnim izgledom. Lagana, izdr\u017eljiva, otporna na UV zra\u010denje i vodu, laka za \u010di\u0161\u0107enje.","og_url":"https:\/\/terradecorart.com\/sr\/\u043f\u0440\u043e\u0438\u0437\u0432\u043e\u0434\/bela-fasada-iz-sna\/","og_site_name":"Terradecor","article_modified_time":"2026-04-22T18:43:04+00:00","og_image":[{"width":1672,"height":941,"url":"https:\/\/terradecorart.com\/wp-content\/uploads\/2026\/04\/white-dream-facade.webp","type":"image\/webp"}],"twitter_card":"summary_large_image","twitter_misc":{"\u041f\u0440\u043e\u0446\u0435\u045a\u0435\u043d\u043e \u0432\u0440\u0435\u043c\u0435 \u0447\u0438\u0442\u0430\u045a\u0430":"1 \u043c\u0438\u043d\u0443\u0442"},"schema":{"@context":"https:\/\/schema.org","@graph":[{"@type":"WebPage","@id":"https:\/\/terradecorart.com\/sr\/\u043f\u0440\u043e\u0438\u0437\u0432\u043e\u0434\/bela-fasada-iz-sna\/","url":"https:\/\/terradecorart.com\/sr\/\u043f\u0440\u043e\u0438\u0437\u0432\u043e\u0434\/bela-fasada-iz-sna\/","name":"Bela fasada iz sna | Terradecor","isPartOf":{"@id":"https:\/\/terradecorart.com\/sr\/#website"},"primaryImageOfPage":{"@id":"https:\/\/terradecorart.com\/sr\/\u043f\u0440\u043e\u0438\u0437\u0432\u043e\u0434\/bela-fasada-iz-sna\/#primaryimage"},"image":{"@id":"https:\/\/terradecorart.com\/sr\/\u043f\u0440\u043e\u0438\u0437\u0432\u043e\u0434\/bela-fasada-iz-sna\/#primaryimage"},"thumbnailUrl":"https:\/\/terradecorart.com\/wp-content\/uploads\/2026\/04\/white-dream-facade.webp","datePublished":"2026-04-22T18:18:45+00:00","dateModified":"2026-04-22T18:43:04+00:00","description":"Bela fasada iz sna odlikuje se ultra-realisti\u010dnim izgledom. Lagana, izdr\u017eljiva, otporna na UV zra\u010denje i vodu, laka za \u010di\u0161\u0107enje.","breadcrumb":{"@id":"https:\/\/terradecorart.com\/sr\/\u043f\u0440\u043e\u0438\u0437\u0432\u043e\u0434\/bela-fasada-iz-sna\/#breadcrumb"},"inLanguage":"sr-RS","potentialAction":[{"@type":"ReadAction","target":["https:\/\/terradecorart.com\/sr\/\u043f\u0440\u043e\u0438\u0437\u0432\u043e\u0434\/bela-fasada-iz-sna\/"]}]},{"@type":"ImageObject","inLanguage":"sr-RS","@id":"https:\/\/terradecorart.com\/sr\/\u043f\u0440\u043e\u0438\u0437\u0432\u043e\u0434\/bela-fasada-iz-sna\/#primaryimage","url":"https:\/\/terradecorart.com\/wp-content\/uploads\/2026\/04\/white-dream-facade.webp","contentUrl":"https:\/\/terradecorart.com\/wp-content\/uploads\/2026\/04\/white-dream-facade.webp","width":1672,"height":941},{"@type":"BreadcrumbList","@id":"https:\/\/terradecorart.com\/sr\/\u043f\u0440\u043e\u0438\u0437\u0432\u043e\u0434\/bela-fasada-iz-sna\/#breadcrumb","itemListElement":[{"@type":"ListItem","position":1,"name":"Home","item":"https:\/\/terradecorart.com\/sr\/"},{"@type":"ListItem","position":2,"name":"\u041f\u0440\u043e\u0438\u0437\u0432\u043e\u0434\u0438","item":"https:\/\/terradecorart.com\/sr\/shop\/"},{"@type":"ListItem","position":3,"name":"Bela fasada iz sna"}]},{"@type":"WebSite","@id":"https:\/\/terradecorart.com\/sr\/#website","url":"https:\/\/terradecorart.com\/sr\/","name":"Terradecor","description":"Take your interior design\u2028to the next level of style We are Terradecor, a Serbian company with 15 years of experience in creating decorative materials that look like natural stone.","publisher":{"@id":"https:\/\/terradecorart.com\/sr\/#organization"},"potentialAction":[{"@type":"SearchAction","target":{"@type":"EntryPoint","urlTemplate":"https:\/\/terradecorart.com\/sr\/?s={search_term_string}"},"query-input":{"@type":"PropertyValueSpecification","valueRequired":true,"valueName":"search_term_string"}}],"inLanguage":"sr-RS"},{"@type":"Organization","@id":"https:\/\/terradecorart.com\/sr\/#organization","name":"Terradecor","url":"https:\/\/terradecorart.com\/sr\/","logo":{"@type":"ImageObject","inLanguage":"sr-RS","@id":"https:\/\/terradecorart.com\/sr\/#\/schema\/logo\/image\/","url":"https:\/\/terradecorart.com\/wp-content\/uploads\/2026\/01\/Terra-sajt-logo.png","contentUrl":"https:\/\/terradecorart.com\/wp-content\/uploads\/2026\/01\/Terra-sajt-logo.png","width":781,"height":188,"caption":"Terradecor"},"image":{"@id":"https:\/\/terradecorart.com\/sr\/#\/schema\/logo\/image\/"}}]}},"_links":{"self":[{"href":"https:\/\/terradecorart.com\/sr\/wp-json\/wp\/v2\/product\/6506","targetHints":{"allow":["GET"]}}],"collection":[{"href":"https:\/\/terradecorart.com\/sr\/wp-json\/wp\/v2\/product"}],"about":[{"href":"https:\/\/terradecorart.com\/sr\/wp-json\/wp\/v2\/types\/product"}],"replies":[{"embeddable":true,"href":"https:\/\/terradecorart.com\/sr\/wp-json\/wp\/v2\/comments?post=6506"}],"wp:featuredmedia":[{"embeddable":true,"href":"https:\/\/terradecorart.com\/sr\/wp-json\/wp\/v2\/media\/6507"}],"wp:attachment":[{"href":"https:\/\/terradecorart.com\/sr\/wp-json\/wp\/v2\/media?parent=6506"}],"wp:term":[{"taxonomy":"product_brand","embeddable":true,"href":"https:\/\/terradecorart.com\/sr\/wp-json\/wp\/v2\/product_brand?post=6506"},{"taxonomy":"product_cat","embeddable":true,"href":"https:\/\/terradecorart.com\/sr\/wp-json\/wp\/v2\/product_cat?post=6506"},{"taxonomy":"product_tag","embeddable":true,"href":"https:\/\/terradecorart.com\/sr\/wp-json\/wp\/v2\/product_tag?post=6506"}],"curies":[{"name":"wp","href":"https:\/\/api.w.org\/{rel}","templated":true}]}}