{"id":4382,"date":"2026-02-09T13:34:19","date_gmt":"2026-02-09T13:34:19","guid":{"rendered":"https:\/\/terradecorart.com\/?post_type=product&#038;p=4382"},"modified":"2026-04-02T13:50:18","modified_gmt":"2026-04-02T13:50:18","slug":"vestacki-kameni-element","status":"publish","type":"product","link":"https:\/\/terradecorart.com\/sr\/\u043f\u0440\u043e\u0438\u0437\u0432\u043e\u0434\/vestacki-kameni-element\/","title":{"rendered":"Ve\u0161ta\u010dka stena"},"content":{"rendered":"<p>Sve na\u0161e lagane, ultra-realisti\u010dne masivne stene izra\u0111uju se po Va\u0161oj \u017eelji. Mo\u017eete birati boju, veli\u010dinu i teksturu. Otporne su na UV zrake, toplotu, vodu i udarce, a lako se odr\u017eavaju uobi\u010dajenim sredstvima za \u010di\u0161\u0107enje, uklju\u010duju\u0107i blaga abrazivna sredstva. Cena po m\u00b3<\/p>\n","protected":false},"excerpt":{"rendered":"<p>Sve na\u0161e lagane, ultra-realisti\u010dne masivne stene izra\u0111uju se po Va\u0161oj \u017eelji. Mo\u017eete birati boju, veli\u010dinu i teksturu. Otporne su na UV zrake, toplotu, vodu i udarce, a lako se odr\u017eavaju uobi\u010dajenim sredstvima za \u010di\u0161\u0107enje, uklju\u010duju\u0107i blaga abrazivna sredstva. Cena po m\u00b3<\/p>\n","protected":false},"featured_media":4380,"comment_status":"open","ping_status":"closed","template":"","meta":{"_acf_changed":false},"product_brand":[],"product_cat":[113,138,177],"product_tag":[],"class_list":{"0":"post-4382","1":"product","2":"type-product","3":"status-publish","4":"has-post-thumbnail","6":"product_cat-eksterijer","7":"product_cat-masivno-dekorativno-kamenje","8":"product_cat-nekategorisano","10":"first","11":"instock","12":"shipping-taxable","13":"purchasable","14":"product-type-simple"},"acf":[],"yoast_head":"<!-- This site is optimized with the Yoast SEO plugin v27.4 - https:\/\/yoast.com\/product\/yoast-seo-wordpress\/ -->\n<title>Ve\u0161ta\u010dka stena | Terradecor<\/title>\n<meta name=\"description\" content=\"Ve\u0161ta\u010dka stena se mo\u017ee bez napora postaviti bilo gde, unutra ili spolja. Izra\u0111ujemo sve dimenzije po va\u0161oj \u017eelji. Premijum kvalitet.\" \/>\n<meta name=\"robots\" content=\"index, follow, max-snippet:-1, max-image-preview:large, max-video-preview:-1\" \/>\n<link rel=\"canonical\" href=\"https:\/\/terradecorart.com\/sr\/\u043f\u0440\u043e\u0438\u0437\u0432\u043e\u0434\/vestacki-kameni-element\/\" \/>\n<meta property=\"og:locale\" content=\"sr_RS\" \/>\n<meta property=\"og:type\" content=\"article\" \/>\n<meta property=\"og:title\" content=\"Ve\u0161ta\u010dka stena | Terradecor\" \/>\n<meta property=\"og:description\" content=\"Ve\u0161ta\u010dka stena se mo\u017ee bez napora postaviti bilo gde, unutra ili spolja. Izra\u0111ujemo sve dimenzije po va\u0161oj \u017eelji. Premijum kvalitet.\" \/>\n<meta property=\"og:url\" content=\"https:\/\/terradecorart.com\/sr\/\u043f\u0440\u043e\u0438\u0437\u0432\u043e\u0434\/vestacki-kameni-element\/\" \/>\n<meta property=\"og:site_name\" content=\"Terradecor\" \/>\n<meta property=\"article:modified_time\" content=\"2026-04-02T13:50:18+00:00\" \/>\n<meta property=\"og:image\" content=\"https:\/\/terradecorart.com\/wp-content\/uploads\/2026\/02\/artificial-rock-feature.webp\" \/>\n\t<meta property=\"og:image:width\" content=\"1232\" \/>\n\t<meta property=\"og:image:height\" content=\"928\" \/>\n\t<meta property=\"og:image:type\" content=\"image\/webp\" \/>\n<meta name=\"twitter:card\" content=\"summary_large_image\" \/>\n<meta name=\"twitter:label1\" content=\"\u041f\u0440\u043e\u0446\u0435\u045a\u0435\u043d\u043e \u0432\u0440\u0435\u043c\u0435 \u0447\u0438\u0442\u0430\u045a\u0430\" \/>\n\t<meta name=\"twitter:data1\" content=\"1 \u043c\u0438\u043d\u0443\u0442\" \/>\n<script type=\"application\/ld+json\" class=\"yoast-schema-graph\">{\"@context\":\"https:\\\/\\\/schema.org\",\"@graph\":[{\"@type\":\"WebPage\",\"@id\":\"https:\\\/\\\/terradecorart.com\\\/sr\\\/\u043f\u0440\u043e\u0438\u0437\u0432\u043e\u0434\\\/vestacki-kameni-element\\\/\",\"url\":\"https:\\\/\\\/terradecorart.com\\\/sr\\\/\u043f\u0440\u043e\u0438\u0437\u0432\u043e\u0434\\\/vestacki-kameni-element\\\/\",\"name\":\"Ve\u0161ta\u010dka stena | Terradecor\",\"isPartOf\":{\"@id\":\"https:\\\/\\\/terradecorart.com\\\/sr\\\/#website\"},\"primaryImageOfPage\":{\"@id\":\"https:\\\/\\\/terradecorart.com\\\/sr\\\/\u043f\u0440\u043e\u0438\u0437\u0432\u043e\u0434\\\/vestacki-kameni-element\\\/#primaryimage\"},\"image\":{\"@id\":\"https:\\\/\\\/terradecorart.com\\\/sr\\\/\u043f\u0440\u043e\u0438\u0437\u0432\u043e\u0434\\\/vestacki-kameni-element\\\/#primaryimage\"},\"thumbnailUrl\":\"https:\\\/\\\/terradecorart.com\\\/wp-content\\\/uploads\\\/2026\\\/02\\\/artificial-rock-feature.webp\",\"datePublished\":\"2026-02-09T13:34:19+00:00\",\"dateModified\":\"2026-04-02T13:50:18+00:00\",\"description\":\"Ve\u0161ta\u010dka stena se mo\u017ee bez napora postaviti bilo gde, unutra ili spolja. Izra\u0111ujemo sve dimenzije po va\u0161oj \u017eelji. Premijum kvalitet.\",\"breadcrumb\":{\"@id\":\"https:\\\/\\\/terradecorart.com\\\/sr\\\/\u043f\u0440\u043e\u0438\u0437\u0432\u043e\u0434\\\/vestacki-kameni-element\\\/#breadcrumb\"},\"inLanguage\":\"sr-RS\",\"potentialAction\":[{\"@type\":\"ReadAction\",\"target\":[\"https:\\\/\\\/terradecorart.com\\\/sr\\\/\u043f\u0440\u043e\u0438\u0437\u0432\u043e\u0434\\\/vestacki-kameni-element\\\/\"]}]},{\"@type\":\"ImageObject\",\"inLanguage\":\"sr-RS\",\"@id\":\"https:\\\/\\\/terradecorart.com\\\/sr\\\/\u043f\u0440\u043e\u0438\u0437\u0432\u043e\u0434\\\/vestacki-kameni-element\\\/#primaryimage\",\"url\":\"https:\\\/\\\/terradecorart.com\\\/wp-content\\\/uploads\\\/2026\\\/02\\\/artificial-rock-feature.webp\",\"contentUrl\":\"https:\\\/\\\/terradecorart.com\\\/wp-content\\\/uploads\\\/2026\\\/02\\\/artificial-rock-feature.webp\",\"width\":1232,\"height\":928},{\"@type\":\"BreadcrumbList\",\"@id\":\"https:\\\/\\\/terradecorart.com\\\/sr\\\/\u043f\u0440\u043e\u0438\u0437\u0432\u043e\u0434\\\/vestacki-kameni-element\\\/#breadcrumb\",\"itemListElement\":[{\"@type\":\"ListItem\",\"position\":1,\"name\":\"Home\",\"item\":\"https:\\\/\\\/terradecorart.com\\\/sr\\\/\"},{\"@type\":\"ListItem\",\"position\":2,\"name\":\"\u041f\u0440\u043e\u0438\u0437\u0432\u043e\u0434\u0438\",\"item\":\"https:\\\/\\\/terradecorart.com\\\/sr\\\/shop\\\/\"},{\"@type\":\"ListItem\",\"position\":3,\"name\":\"Ve\u0161ta\u010dka stena\"}]},{\"@type\":\"WebSite\",\"@id\":\"https:\\\/\\\/terradecorart.com\\\/sr\\\/#website\",\"url\":\"https:\\\/\\\/terradecorart.com\\\/sr\\\/\",\"name\":\"Terradecor\",\"description\":\"Take your interior design\\u2028to the next level of style We are Terradecor, a Serbian company with 15 years of experience in creating decorative materials that look like natural stone.\",\"publisher\":{\"@id\":\"https:\\\/\\\/terradecorart.com\\\/sr\\\/#organization\"},\"potentialAction\":[{\"@type\":\"SearchAction\",\"target\":{\"@type\":\"EntryPoint\",\"urlTemplate\":\"https:\\\/\\\/terradecorart.com\\\/sr\\\/?s={search_term_string}\"},\"query-input\":{\"@type\":\"PropertyValueSpecification\",\"valueRequired\":true,\"valueName\":\"search_term_string\"}}],\"inLanguage\":\"sr-RS\"},{\"@type\":\"Organization\",\"@id\":\"https:\\\/\\\/terradecorart.com\\\/sr\\\/#organization\",\"name\":\"Terradecor\",\"url\":\"https:\\\/\\\/terradecorart.com\\\/sr\\\/\",\"logo\":{\"@type\":\"ImageObject\",\"inLanguage\":\"sr-RS\",\"@id\":\"https:\\\/\\\/terradecorart.com\\\/sr\\\/#\\\/schema\\\/logo\\\/image\\\/\",\"url\":\"https:\\\/\\\/terradecorart.com\\\/wp-content\\\/uploads\\\/2026\\\/01\\\/Terra-sajt-logo.png\",\"contentUrl\":\"https:\\\/\\\/terradecorart.com\\\/wp-content\\\/uploads\\\/2026\\\/01\\\/Terra-sajt-logo.png\",\"width\":781,\"height\":188,\"caption\":\"Terradecor\"},\"image\":{\"@id\":\"https:\\\/\\\/terradecorart.com\\\/sr\\\/#\\\/schema\\\/logo\\\/image\\\/\"}}]}<\/script>\n<!-- \/ Yoast SEO plugin. -->","yoast_head_json":{"title":"Ve\u0161ta\u010dka stena | Terradecor","description":"Ve\u0161ta\u010dka stena se mo\u017ee bez napora postaviti bilo gde, unutra ili spolja. Izra\u0111ujemo sve dimenzije po va\u0161oj \u017eelji. Premijum kvalitet.","robots":{"index":"index","follow":"follow","max-snippet":"max-snippet:-1","max-image-preview":"max-image-preview:large","max-video-preview":"max-video-preview:-1"},"canonical":"https:\/\/terradecorart.com\/sr\/\u043f\u0440\u043e\u0438\u0437\u0432\u043e\u0434\/vestacki-kameni-element\/","og_locale":"sr_RS","og_type":"article","og_title":"Ve\u0161ta\u010dka stena | Terradecor","og_description":"Ve\u0161ta\u010dka stena se mo\u017ee bez napora postaviti bilo gde, unutra ili spolja. Izra\u0111ujemo sve dimenzije po va\u0161oj \u017eelji. Premijum kvalitet.","og_url":"https:\/\/terradecorart.com\/sr\/\u043f\u0440\u043e\u0438\u0437\u0432\u043e\u0434\/vestacki-kameni-element\/","og_site_name":"Terradecor","article_modified_time":"2026-04-02T13:50:18+00:00","og_image":[{"width":1232,"height":928,"url":"https:\/\/terradecorart.com\/wp-content\/uploads\/2026\/02\/artificial-rock-feature.webp","type":"image\/webp"}],"twitter_card":"summary_large_image","twitter_misc":{"\u041f\u0440\u043e\u0446\u0435\u045a\u0435\u043d\u043e \u0432\u0440\u0435\u043c\u0435 \u0447\u0438\u0442\u0430\u045a\u0430":"1 \u043c\u0438\u043d\u0443\u0442"},"schema":{"@context":"https:\/\/schema.org","@graph":[{"@type":"WebPage","@id":"https:\/\/terradecorart.com\/sr\/\u043f\u0440\u043e\u0438\u0437\u0432\u043e\u0434\/vestacki-kameni-element\/","url":"https:\/\/terradecorart.com\/sr\/\u043f\u0440\u043e\u0438\u0437\u0432\u043e\u0434\/vestacki-kameni-element\/","name":"Ve\u0161ta\u010dka stena | Terradecor","isPartOf":{"@id":"https:\/\/terradecorart.com\/sr\/#website"},"primaryImageOfPage":{"@id":"https:\/\/terradecorart.com\/sr\/\u043f\u0440\u043e\u0438\u0437\u0432\u043e\u0434\/vestacki-kameni-element\/#primaryimage"},"image":{"@id":"https:\/\/terradecorart.com\/sr\/\u043f\u0440\u043e\u0438\u0437\u0432\u043e\u0434\/vestacki-kameni-element\/#primaryimage"},"thumbnailUrl":"https:\/\/terradecorart.com\/wp-content\/uploads\/2026\/02\/artificial-rock-feature.webp","datePublished":"2026-02-09T13:34:19+00:00","dateModified":"2026-04-02T13:50:18+00:00","description":"Ve\u0161ta\u010dka stena se mo\u017ee bez napora postaviti bilo gde, unutra ili spolja. Izra\u0111ujemo sve dimenzije po va\u0161oj \u017eelji. Premijum kvalitet.","breadcrumb":{"@id":"https:\/\/terradecorart.com\/sr\/\u043f\u0440\u043e\u0438\u0437\u0432\u043e\u0434\/vestacki-kameni-element\/#breadcrumb"},"inLanguage":"sr-RS","potentialAction":[{"@type":"ReadAction","target":["https:\/\/terradecorart.com\/sr\/\u043f\u0440\u043e\u0438\u0437\u0432\u043e\u0434\/vestacki-kameni-element\/"]}]},{"@type":"ImageObject","inLanguage":"sr-RS","@id":"https:\/\/terradecorart.com\/sr\/\u043f\u0440\u043e\u0438\u0437\u0432\u043e\u0434\/vestacki-kameni-element\/#primaryimage","url":"https:\/\/terradecorart.com\/wp-content\/uploads\/2026\/02\/artificial-rock-feature.webp","contentUrl":"https:\/\/terradecorart.com\/wp-content\/uploads\/2026\/02\/artificial-rock-feature.webp","width":1232,"height":928},{"@type":"BreadcrumbList","@id":"https:\/\/terradecorart.com\/sr\/\u043f\u0440\u043e\u0438\u0437\u0432\u043e\u0434\/vestacki-kameni-element\/#breadcrumb","itemListElement":[{"@type":"ListItem","position":1,"name":"Home","item":"https:\/\/terradecorart.com\/sr\/"},{"@type":"ListItem","position":2,"name":"\u041f\u0440\u043e\u0438\u0437\u0432\u043e\u0434\u0438","item":"https:\/\/terradecorart.com\/sr\/shop\/"},{"@type":"ListItem","position":3,"name":"Ve\u0161ta\u010dka stena"}]},{"@type":"WebSite","@id":"https:\/\/terradecorart.com\/sr\/#website","url":"https:\/\/terradecorart.com\/sr\/","name":"Terradecor","description":"Take your interior design\u2028to the next level of style We are Terradecor, a Serbian company with 15 years of experience in creating decorative materials that look like natural stone.","publisher":{"@id":"https:\/\/terradecorart.com\/sr\/#organization"},"potentialAction":[{"@type":"SearchAction","target":{"@type":"EntryPoint","urlTemplate":"https:\/\/terradecorart.com\/sr\/?s={search_term_string}"},"query-input":{"@type":"PropertyValueSpecification","valueRequired":true,"valueName":"search_term_string"}}],"inLanguage":"sr-RS"},{"@type":"Organization","@id":"https:\/\/terradecorart.com\/sr\/#organization","name":"Terradecor","url":"https:\/\/terradecorart.com\/sr\/","logo":{"@type":"ImageObject","inLanguage":"sr-RS","@id":"https:\/\/terradecorart.com\/sr\/#\/schema\/logo\/image\/","url":"https:\/\/terradecorart.com\/wp-content\/uploads\/2026\/01\/Terra-sajt-logo.png","contentUrl":"https:\/\/terradecorart.com\/wp-content\/uploads\/2026\/01\/Terra-sajt-logo.png","width":781,"height":188,"caption":"Terradecor"},"image":{"@id":"https:\/\/terradecorart.com\/sr\/#\/schema\/logo\/image\/"}}]}},"_links":{"self":[{"href":"https:\/\/terradecorart.com\/sr\/wp-json\/wp\/v2\/product\/4382","targetHints":{"allow":["GET"]}}],"collection":[{"href":"https:\/\/terradecorart.com\/sr\/wp-json\/wp\/v2\/product"}],"about":[{"href":"https:\/\/terradecorart.com\/sr\/wp-json\/wp\/v2\/types\/product"}],"replies":[{"embeddable":true,"href":"https:\/\/terradecorart.com\/sr\/wp-json\/wp\/v2\/comments?post=4382"}],"wp:featuredmedia":[{"embeddable":true,"href":"https:\/\/terradecorart.com\/sr\/wp-json\/wp\/v2\/media\/4380"}],"wp:attachment":[{"href":"https:\/\/terradecorart.com\/sr\/wp-json\/wp\/v2\/media?parent=4382"}],"wp:term":[{"taxonomy":"product_brand","embeddable":true,"href":"https:\/\/terradecorart.com\/sr\/wp-json\/wp\/v2\/product_brand?post=4382"},{"taxonomy":"product_cat","embeddable":true,"href":"https:\/\/terradecorart.com\/sr\/wp-json\/wp\/v2\/product_cat?post=4382"},{"taxonomy":"product_tag","embeddable":true,"href":"https:\/\/terradecorart.com\/sr\/wp-json\/wp\/v2\/product_tag?post=4382"}],"curies":[{"name":"wp","href":"https:\/\/api.w.org\/{rel}","templated":true}]}}