{"id":3790,"date":"2025-11-10T08:32:24","date_gmt":"2025-11-10T08:32:24","guid":{"rendered":"https:\/\/terradecorart.com\/p\/breza-kameni-zid-spa"},"modified":"2026-02-08T20:00:57","modified_gmt":"2026-02-08T20:00:57","slug":"breza-kameni-zid-spa","status":"publish","type":"product","link":"https:\/\/terradecorart.com\/sr\/\u043f\u0440\u043e\u0438\u0437\u0432\u043e\u0434\/breza-kameni-zid-spa\/","title":{"rendered":"Breza Kameni Zid Spa"},"content":{"rendered":"<div class=\"flex flex-col text-sm pb-25\">\n<article class=\"text-token-text-primary w-full focus:outline-none [--shadow-height:45px] has-data-writing-block:pointer-events-none has-data-writing-block:-mt-(--shadow-height) has-data-writing-block:pt-(--shadow-height) [&amp;:has([data-writing-block])&gt;*]:pointer-events-auto scroll-mt-[calc(var(--header-height)+min(200px,max(70px,20svh)))]\" dir=\"auto\" tabindex=\"-1\" data-turn-id=\"0c02e6d8-fdb7-4307-914e-7ba9d4e51edf\" data-testid=\"conversation-turn-148\" data-scroll-anchor=\"true\" data-turn=\"assistant\">\n<div class=\"text-base my-auto mx-auto pb-10 [--thread-content-margin:--spacing(4)] @w-sm\/main:[--thread-content-margin:--spacing(6)] @w-lg\/main:[--thread-content-margin:--spacing(16)] px-(--thread-content-margin)\">\n<div class=\"[--thread-content-max-width:40rem] @w-lg\/main:[--thread-content-max-width:48rem] mx-auto max-w-(--thread-content-max-width) flex-1 group\/turn-messages focus-visible:outline-hidden relative flex w-full min-w-0 flex-col agent-turn\" tabindex=\"-1\">\n<div class=\"flex max-w-full flex-col grow\">\n<div class=\"min-h-8 text-message relative flex w-full flex-col items-end gap-2 text-start break-words whitespace-normal [.text-message+&amp;]:mt-1\" dir=\"auto\" data-message-author-role=\"assistant\" data-message-id=\"a51b359e-4e04-4a9a-abac-9a6e73f6be22\" data-message-model-slug=\"gpt-5-2\">\n<div class=\"flex w-full flex-col gap-1 empty:hidden first:pt-[1px]\">\n<div class=\"markdown prose dark:prose-invert w-full wrap-break-word light markdown-new-styling\">\n<p data-start=\"181\" data-end=\"343\" data-is-last-node=\"\" data-is-only-node=\"\">Ovo je lagan, ultra realisti\u010dan panel otporan na UV zrake, toplotu, vodu i udarce. Lako se \u010disti ku\u0107nom hemijom i blagim abrazivnim sredstvima. Cena po m\u00b2<\/p>\n<\/div>\n<\/div>\n<\/div>\n<\/div>\n<div class=\"z-0 flex min-h-[46px] justify-start\"><\/div>\n<div class=\"mt-3 w-full empty:hidden\">\n<div class=\"text-center\"><\/div>\n<\/div>\n<\/div>\n<\/div>\n<\/article>\n<\/div>\n<div class=\"pointer-events-none h-px w-px absolute bottom-0\" aria-hidden=\"true\" data-edge=\"true\"><\/div>\n","protected":false},"excerpt":{"rendered":"<p>Ovo je lagan, ultra realisti\u010dan panel otporan na UV zrake, toplotu, vodu i udarce. Lako se \u010disti ku\u0107nom hemijom i blagim abrazivnim sredstvima. Cena po m\u00b2<\/p>\n","protected":false},"featured_media":3792,"comment_status":"open","ping_status":"closed","template":"","meta":{"_acf_changed":false},"product_brand":[],"product_cat":[117,108],"product_tag":[],"class_list":{"0":"post-3790","1":"product","2":"type-product","3":"status-publish","4":"has-post-thumbnail","6":"product_cat-spa","7":"product_cat-enterijer","9":"first","10":"instock","11":"shipping-taxable","12":"purchasable","13":"product-type-simple"},"acf":[],"yoast_head":"<!-- This site is optimized with the Yoast SEO plugin v26.2 - https:\/\/yoast.com\/wordpress\/plugins\/seo\/ -->\n<title>Breza Kameni Zid Spa | Terradecor<\/title>\n<meta name=\"robots\" content=\"index, follow, max-snippet:-1, max-image-preview:large, max-video-preview:-1\" \/>\n<link rel=\"canonical\" href=\"https:\/\/terradecorart.com\/sr\/\u043f\u0440\u043e\u0438\u0437\u0432\u043e\u0434\/breza-kameni-zid-spa\/\" \/>\n<meta property=\"og:locale\" content=\"sr_RS\" \/>\n<meta property=\"og:type\" content=\"article\" \/>\n<meta property=\"og:title\" content=\"Breza Kameni Zid Spa | Terradecor\" \/>\n<meta property=\"og:description\" content=\"Ovo je lagan, ultra realisti\u010dan panel otporan na UV zrake, toplotu, vodu i udarce. Lako se \u010disti ku\u0107nom hemijom i blagim abrazivnim sredstvima. Cena po m\u00b2\" \/>\n<meta property=\"og:url\" content=\"https:\/\/terradecorart.com\/sr\/\u043f\u0440\u043e\u0438\u0437\u0432\u043e\u0434\/breza-kameni-zid-spa\/\" \/>\n<meta property=\"og:site_name\" content=\"Terradecor\" \/>\n<meta property=\"article:modified_time\" content=\"2026-02-08T20:00:57+00:00\" \/>\n<meta property=\"og:image\" content=\"https:\/\/terradecorart.com\/wp-content\/uploads\/2025\/11\/birch-stone-wall-spa.webp\" \/>\n\t<meta property=\"og:image:width\" content=\"1240\" \/>\n\t<meta property=\"og:image:height\" content=\"695\" \/>\n\t<meta property=\"og:image:type\" content=\"image\/webp\" \/>\n<meta name=\"twitter:card\" content=\"summary_large_image\" \/>\n<meta name=\"twitter:label1\" content=\"\u041f\u0440\u043e\u0446\u0435\u045a\u0435\u043d\u043e \u0432\u0440\u0435\u043c\u0435 \u0447\u0438\u0442\u0430\u045a\u0430\" \/>\n\t<meta name=\"twitter:data1\" content=\"1 \u043c\u0438\u043d\u0443\u0442\" \/>\n<script type=\"application\/ld+json\" class=\"yoast-schema-graph\">{\"@context\":\"https:\/\/schema.org\",\"@graph\":[{\"@type\":\"WebPage\",\"@id\":\"https:\/\/terradecorart.com\/sr\/\u043f\u0440\u043e\u0438\u0437\u0432\u043e\u0434\/breza-kameni-zid-spa\/\",\"url\":\"https:\/\/terradecorart.com\/sr\/\u043f\u0440\u043e\u0438\u0437\u0432\u043e\u0434\/breza-kameni-zid-spa\/\",\"name\":\"Breza Kameni Zid Spa | Terradecor\",\"isPartOf\":{\"@id\":\"https:\/\/terradecorart.com\/sr\/#website\"},\"primaryImageOfPage\":{\"@id\":\"https:\/\/terradecorart.com\/sr\/\u043f\u0440\u043e\u0438\u0437\u0432\u043e\u0434\/breza-kameni-zid-spa\/#primaryimage\"},\"image\":{\"@id\":\"https:\/\/terradecorart.com\/sr\/\u043f\u0440\u043e\u0438\u0437\u0432\u043e\u0434\/breza-kameni-zid-spa\/#primaryimage\"},\"thumbnailUrl\":\"https:\/\/terradecorart.com\/wp-content\/uploads\/2025\/11\/birch-stone-wall-spa.webp\",\"datePublished\":\"2025-11-10T08:32:24+00:00\",\"dateModified\":\"2026-02-08T20:00:57+00:00\",\"breadcrumb\":{\"@id\":\"https:\/\/terradecorart.com\/sr\/\u043f\u0440\u043e\u0438\u0437\u0432\u043e\u0434\/breza-kameni-zid-spa\/#breadcrumb\"},\"inLanguage\":\"sr-RS\",\"potentialAction\":[{\"@type\":\"ReadAction\",\"target\":[\"https:\/\/terradecorart.com\/sr\/\u043f\u0440\u043e\u0438\u0437\u0432\u043e\u0434\/breza-kameni-zid-spa\/\"]}]},{\"@type\":\"ImageObject\",\"inLanguage\":\"sr-RS\",\"@id\":\"https:\/\/terradecorart.com\/sr\/\u043f\u0440\u043e\u0438\u0437\u0432\u043e\u0434\/breza-kameni-zid-spa\/#primaryimage\",\"url\":\"https:\/\/terradecorart.com\/wp-content\/uploads\/2025\/11\/birch-stone-wall-spa.webp\",\"contentUrl\":\"https:\/\/terradecorart.com\/wp-content\/uploads\/2025\/11\/birch-stone-wall-spa.webp\",\"width\":1240,\"height\":695,\"caption\":\"birch stone wall spa\"},{\"@type\":\"BreadcrumbList\",\"@id\":\"https:\/\/terradecorart.com\/sr\/\u043f\u0440\u043e\u0438\u0437\u0432\u043e\u0434\/breza-kameni-zid-spa\/#breadcrumb\",\"itemListElement\":[{\"@type\":\"ListItem\",\"position\":1,\"name\":\"Home\",\"item\":\"https:\/\/terradecorart.com\/sr\/\"},{\"@type\":\"ListItem\",\"position\":2,\"name\":\"\u041f\u0440\u043e\u0438\u0437\u0432\u043e\u0434\u0438\",\"item\":\"https:\/\/terradecorart.com\/sr\/shop\/\"},{\"@type\":\"ListItem\",\"position\":3,\"name\":\"Breza Kameni Zid Spa\"}]},{\"@type\":\"WebSite\",\"@id\":\"https:\/\/terradecorart.com\/sr\/#website\",\"url\":\"https:\/\/terradecorart.com\/sr\/\",\"name\":\"Terradecor\",\"description\":\"Take your interior design\\u2028to the next level of style We are Terradecor, a Serbian company with 15 years of experience in creating decorative materials that look like natural stone.\",\"publisher\":{\"@id\":\"https:\/\/terradecorart.com\/sr\/#organization\"},\"potentialAction\":[{\"@type\":\"SearchAction\",\"target\":{\"@type\":\"EntryPoint\",\"urlTemplate\":\"https:\/\/terradecorart.com\/sr\/?s={search_term_string}\"},\"query-input\":{\"@type\":\"PropertyValueSpecification\",\"valueRequired\":true,\"valueName\":\"search_term_string\"}}],\"inLanguage\":\"sr-RS\"},{\"@type\":\"Organization\",\"@id\":\"https:\/\/terradecorart.com\/sr\/#organization\",\"name\":\"Terradecor\",\"url\":\"https:\/\/terradecorart.com\/sr\/\",\"logo\":{\"@type\":\"ImageObject\",\"inLanguage\":\"sr-RS\",\"@id\":\"https:\/\/terradecorart.com\/sr\/#\/schema\/logo\/image\/\",\"url\":\"https:\/\/terradecorart.com\/wp-content\/uploads\/2026\/01\/Terra-sajt-logo.png\",\"contentUrl\":\"https:\/\/terradecorart.com\/wp-content\/uploads\/2026\/01\/Terra-sajt-logo.png\",\"width\":781,\"height\":188,\"caption\":\"Terradecor\"},\"image\":{\"@id\":\"https:\/\/terradecorart.com\/sr\/#\/schema\/logo\/image\/\"}}]}<\/script>\n<!-- \/ Yoast SEO plugin. -->","yoast_head_json":{"title":"Breza Kameni Zid Spa | Terradecor","robots":{"index":"index","follow":"follow","max-snippet":"max-snippet:-1","max-image-preview":"max-image-preview:large","max-video-preview":"max-video-preview:-1"},"canonical":"https:\/\/terradecorart.com\/sr\/\u043f\u0440\u043e\u0438\u0437\u0432\u043e\u0434\/breza-kameni-zid-spa\/","og_locale":"sr_RS","og_type":"article","og_title":"Breza Kameni Zid Spa | Terradecor","og_description":"Ovo je lagan, ultra realisti\u010dan panel otporan na UV zrake, toplotu, vodu i udarce. Lako se \u010disti ku\u0107nom hemijom i blagim abrazivnim sredstvima. Cena po m\u00b2","og_url":"https:\/\/terradecorart.com\/sr\/\u043f\u0440\u043e\u0438\u0437\u0432\u043e\u0434\/breza-kameni-zid-spa\/","og_site_name":"Terradecor","article_modified_time":"2026-02-08T20:00:57+00:00","og_image":[{"width":1240,"height":695,"url":"https:\/\/terradecorart.com\/wp-content\/uploads\/2025\/11\/birch-stone-wall-spa.webp","type":"image\/webp"}],"twitter_card":"summary_large_image","twitter_misc":{"\u041f\u0440\u043e\u0446\u0435\u045a\u0435\u043d\u043e \u0432\u0440\u0435\u043c\u0435 \u0447\u0438\u0442\u0430\u045a\u0430":"1 \u043c\u0438\u043d\u0443\u0442"},"schema":{"@context":"https:\/\/schema.org","@graph":[{"@type":"WebPage","@id":"https:\/\/terradecorart.com\/sr\/\u043f\u0440\u043e\u0438\u0437\u0432\u043e\u0434\/breza-kameni-zid-spa\/","url":"https:\/\/terradecorart.com\/sr\/\u043f\u0440\u043e\u0438\u0437\u0432\u043e\u0434\/breza-kameni-zid-spa\/","name":"Breza Kameni Zid Spa | Terradecor","isPartOf":{"@id":"https:\/\/terradecorart.com\/sr\/#website"},"primaryImageOfPage":{"@id":"https:\/\/terradecorart.com\/sr\/\u043f\u0440\u043e\u0438\u0437\u0432\u043e\u0434\/breza-kameni-zid-spa\/#primaryimage"},"image":{"@id":"https:\/\/terradecorart.com\/sr\/\u043f\u0440\u043e\u0438\u0437\u0432\u043e\u0434\/breza-kameni-zid-spa\/#primaryimage"},"thumbnailUrl":"https:\/\/terradecorart.com\/wp-content\/uploads\/2025\/11\/birch-stone-wall-spa.webp","datePublished":"2025-11-10T08:32:24+00:00","dateModified":"2026-02-08T20:00:57+00:00","breadcrumb":{"@id":"https:\/\/terradecorart.com\/sr\/\u043f\u0440\u043e\u0438\u0437\u0432\u043e\u0434\/breza-kameni-zid-spa\/#breadcrumb"},"inLanguage":"sr-RS","potentialAction":[{"@type":"ReadAction","target":["https:\/\/terradecorart.com\/sr\/\u043f\u0440\u043e\u0438\u0437\u0432\u043e\u0434\/breza-kameni-zid-spa\/"]}]},{"@type":"ImageObject","inLanguage":"sr-RS","@id":"https:\/\/terradecorart.com\/sr\/\u043f\u0440\u043e\u0438\u0437\u0432\u043e\u0434\/breza-kameni-zid-spa\/#primaryimage","url":"https:\/\/terradecorart.com\/wp-content\/uploads\/2025\/11\/birch-stone-wall-spa.webp","contentUrl":"https:\/\/terradecorart.com\/wp-content\/uploads\/2025\/11\/birch-stone-wall-spa.webp","width":1240,"height":695,"caption":"birch stone wall spa"},{"@type":"BreadcrumbList","@id":"https:\/\/terradecorart.com\/sr\/\u043f\u0440\u043e\u0438\u0437\u0432\u043e\u0434\/breza-kameni-zid-spa\/#breadcrumb","itemListElement":[{"@type":"ListItem","position":1,"name":"Home","item":"https:\/\/terradecorart.com\/sr\/"},{"@type":"ListItem","position":2,"name":"\u041f\u0440\u043e\u0438\u0437\u0432\u043e\u0434\u0438","item":"https:\/\/terradecorart.com\/sr\/shop\/"},{"@type":"ListItem","position":3,"name":"Breza Kameni Zid Spa"}]},{"@type":"WebSite","@id":"https:\/\/terradecorart.com\/sr\/#website","url":"https:\/\/terradecorart.com\/sr\/","name":"Terradecor","description":"Take your interior design\u2028to the next level of style We are Terradecor, a Serbian company with 15 years of experience in creating decorative materials that look like natural stone.","publisher":{"@id":"https:\/\/terradecorart.com\/sr\/#organization"},"potentialAction":[{"@type":"SearchAction","target":{"@type":"EntryPoint","urlTemplate":"https:\/\/terradecorart.com\/sr\/?s={search_term_string}"},"query-input":{"@type":"PropertyValueSpecification","valueRequired":true,"valueName":"search_term_string"}}],"inLanguage":"sr-RS"},{"@type":"Organization","@id":"https:\/\/terradecorart.com\/sr\/#organization","name":"Terradecor","url":"https:\/\/terradecorart.com\/sr\/","logo":{"@type":"ImageObject","inLanguage":"sr-RS","@id":"https:\/\/terradecorart.com\/sr\/#\/schema\/logo\/image\/","url":"https:\/\/terradecorart.com\/wp-content\/uploads\/2026\/01\/Terra-sajt-logo.png","contentUrl":"https:\/\/terradecorart.com\/wp-content\/uploads\/2026\/01\/Terra-sajt-logo.png","width":781,"height":188,"caption":"Terradecor"},"image":{"@id":"https:\/\/terradecorart.com\/sr\/#\/schema\/logo\/image\/"}}]}},"_links":{"self":[{"href":"https:\/\/terradecorart.com\/sr\/wp-json\/wp\/v2\/product\/3790","targetHints":{"allow":["GET"]}}],"collection":[{"href":"https:\/\/terradecorart.com\/sr\/wp-json\/wp\/v2\/product"}],"about":[{"href":"https:\/\/terradecorart.com\/sr\/wp-json\/wp\/v2\/types\/product"}],"replies":[{"embeddable":true,"href":"https:\/\/terradecorart.com\/sr\/wp-json\/wp\/v2\/comments?post=3790"}],"wp:featuredmedia":[{"embeddable":true,"href":"https:\/\/terradecorart.com\/sr\/wp-json\/wp\/v2\/media\/3792"}],"wp:attachment":[{"href":"https:\/\/terradecorart.com\/sr\/wp-json\/wp\/v2\/media?parent=3790"}],"wp:term":[{"taxonomy":"product_brand","embeddable":true,"href":"https:\/\/terradecorart.com\/sr\/wp-json\/wp\/v2\/product_brand?post=3790"},{"taxonomy":"product_cat","embeddable":true,"href":"https:\/\/terradecorart.com\/sr\/wp-json\/wp\/v2\/product_cat?post=3790"},{"taxonomy":"product_tag","embeddable":true,"href":"https:\/\/terradecorart.com\/sr\/wp-json\/wp\/v2\/product_tag?post=3790"}],"curies":[{"name":"wp","href":"https:\/\/api.w.org\/{rel}","templated":true}]}}