{"id":3777,"date":"2025-11-10T08:50:26","date_gmt":"2025-11-10T08:50:26","guid":{"rendered":"https:\/\/terradecorart.com\/p\/nadstresnica-za-automobile-u-stilu-pecine"},"modified":"2026-04-02T07:52:44","modified_gmt":"2026-04-02T07:52:44","slug":"nadstresnica-za-automobile-u-stilu-pecine","status":"publish","type":"product","link":"https:\/\/terradecorart.com\/sr\/\u043f\u0440\u043e\u0438\u0437\u0432\u043e\u0434\/nadstresnica-za-automobile-u-stilu-pecine\/","title":{"rendered":"Nadstre\u0161nica za automobil u stilu pe\u0107ine"},"content":{"rendered":"<p>Ovo je lagan, ultra-realisti\u010dan panel otporan na UV zrake, toplotu, vodu i udarce. Lako se \u010disti ku\u0107nim deterd\u017eentima i blagim abrazivnim sredstvima.  Cena po m\u00b2<\/p>\n","protected":false},"excerpt":{"rendered":"<p>Ovo je lagan, ultra-realisti\u010dan panel otporan na UV zrake, toplotu, vodu i udarce. Lako se \u010disti ku\u0107nim deterd\u017eentima i blagim abrazivnim sredstvima. Cena po m\u00b2<\/p>\n","protected":false},"featured_media":3778,"comment_status":"open","ping_status":"closed","template":"","meta":{"_acf_changed":false},"product_brand":[],"product_cat":[113,114],"product_tag":[],"class_list":{"0":"post-3777","1":"product","2":"type-product","3":"status-publish","4":"has-post-thumbnail","6":"product_cat-eksterijer","7":"product_cat-garaza","9":"first","10":"instock","11":"shipping-taxable","12":"purchasable","13":"product-type-simple"},"acf":[],"yoast_head":"<!-- This site is optimized with the Yoast SEO plugin v26.2 - https:\/\/yoast.com\/wordpress\/plugins\/seo\/ -->\n<title>Nadstre\u0161nica za automobil u stilu pe\u0107ine | Terradecor<\/title>\n<meta name=\"description\" content=\"Nadstre\u0161nica u stilu pe\u0107ine donosi ultra-realisti\u010dan deli\u0107 prirode u Va\u0161 eksterijer. Vrhunski kvalitet, brza ugradnja, do\u017eivotna garancija.\" \/>\n<meta name=\"robots\" content=\"index, follow, max-snippet:-1, max-image-preview:large, max-video-preview:-1\" \/>\n<link rel=\"canonical\" href=\"https:\/\/terradecorart.com\/sr\/\u043f\u0440\u043e\u0438\u0437\u0432\u043e\u0434\/nadstresnica-za-automobile-u-stilu-pecine\/\" \/>\n<meta property=\"og:locale\" content=\"sr_RS\" \/>\n<meta property=\"og:type\" content=\"article\" \/>\n<meta property=\"og:title\" content=\"Nadstre\u0161nica za automobil u stilu pe\u0107ine | Terradecor\" \/>\n<meta property=\"og:description\" content=\"Nadstre\u0161nica u stilu pe\u0107ine donosi ultra-realisti\u010dan deli\u0107 prirode u Va\u0161 eksterijer. Vrhunski kvalitet, brza ugradnja, do\u017eivotna garancija.\" \/>\n<meta property=\"og:url\" content=\"https:\/\/terradecorart.com\/sr\/\u043f\u0440\u043e\u0438\u0437\u0432\u043e\u0434\/nadstresnica-za-automobile-u-stilu-pecine\/\" \/>\n<meta property=\"og:site_name\" content=\"Terradecor\" \/>\n<meta property=\"article:modified_time\" content=\"2026-04-02T07:52:44+00:00\" \/>\n<meta property=\"og:image\" content=\"https:\/\/terradecorart.com\/wp-content\/uploads\/2025\/11\/cave-style-carport-1024x576.png\" \/>\n\t<meta property=\"og:image:width\" content=\"1024\" \/>\n\t<meta property=\"og:image:height\" content=\"576\" \/>\n\t<meta property=\"og:image:type\" content=\"image\/png\" \/>\n<meta name=\"twitter:card\" content=\"summary_large_image\" \/>\n<meta name=\"twitter:label1\" content=\"\u041f\u0440\u043e\u0446\u0435\u045a\u0435\u043d\u043e \u0432\u0440\u0435\u043c\u0435 \u0447\u0438\u0442\u0430\u045a\u0430\" \/>\n\t<meta name=\"twitter:data1\" content=\"1 \u043c\u0438\u043d\u0443\u0442\" \/>\n<script type=\"application\/ld+json\" class=\"yoast-schema-graph\">{\"@context\":\"https:\/\/schema.org\",\"@graph\":[{\"@type\":\"WebPage\",\"@id\":\"https:\/\/terradecorart.com\/sr\/\u043f\u0440\u043e\u0438\u0437\u0432\u043e\u0434\/nadstresnica-za-automobile-u-stilu-pecine\/\",\"url\":\"https:\/\/terradecorart.com\/sr\/\u043f\u0440\u043e\u0438\u0437\u0432\u043e\u0434\/nadstresnica-za-automobile-u-stilu-pecine\/\",\"name\":\"Nadstre\u0161nica za automobil u stilu pe\u0107ine | Terradecor\",\"isPartOf\":{\"@id\":\"https:\/\/terradecorart.com\/sr\/#website\"},\"primaryImageOfPage\":{\"@id\":\"https:\/\/terradecorart.com\/sr\/\u043f\u0440\u043e\u0438\u0437\u0432\u043e\u0434\/nadstresnica-za-automobile-u-stilu-pecine\/#primaryimage\"},\"image\":{\"@id\":\"https:\/\/terradecorart.com\/sr\/\u043f\u0440\u043e\u0438\u0437\u0432\u043e\u0434\/nadstresnica-za-automobile-u-stilu-pecine\/#primaryimage\"},\"thumbnailUrl\":\"https:\/\/terradecorart.com\/wp-content\/uploads\/2025\/11\/cave-style-carport.png\",\"datePublished\":\"2025-11-10T08:50:26+00:00\",\"dateModified\":\"2026-04-02T07:52:44+00:00\",\"description\":\"Nadstre\u0161nica u stilu pe\u0107ine donosi ultra-realisti\u010dan deli\u0107 prirode u Va\u0161 eksterijer. Vrhunski kvalitet, brza ugradnja, do\u017eivotna garancija.\",\"breadcrumb\":{\"@id\":\"https:\/\/terradecorart.com\/sr\/\u043f\u0440\u043e\u0438\u0437\u0432\u043e\u0434\/nadstresnica-za-automobile-u-stilu-pecine\/#breadcrumb\"},\"inLanguage\":\"sr-RS\",\"potentialAction\":[{\"@type\":\"ReadAction\",\"target\":[\"https:\/\/terradecorart.com\/sr\/\u043f\u0440\u043e\u0438\u0437\u0432\u043e\u0434\/nadstresnica-za-automobile-u-stilu-pecine\/\"]}]},{\"@type\":\"ImageObject\",\"inLanguage\":\"sr-RS\",\"@id\":\"https:\/\/terradecorart.com\/sr\/\u043f\u0440\u043e\u0438\u0437\u0432\u043e\u0434\/nadstresnica-za-automobile-u-stilu-pecine\/#primaryimage\",\"url\":\"https:\/\/terradecorart.com\/wp-content\/uploads\/2025\/11\/cave-style-carport.png\",\"contentUrl\":\"https:\/\/terradecorart.com\/wp-content\/uploads\/2025\/11\/cave-style-carport.png\",\"width\":1600,\"height\":900},{\"@type\":\"BreadcrumbList\",\"@id\":\"https:\/\/terradecorart.com\/sr\/\u043f\u0440\u043e\u0438\u0437\u0432\u043e\u0434\/nadstresnica-za-automobile-u-stilu-pecine\/#breadcrumb\",\"itemListElement\":[{\"@type\":\"ListItem\",\"position\":1,\"name\":\"Home\",\"item\":\"https:\/\/terradecorart.com\/sr\/\"},{\"@type\":\"ListItem\",\"position\":2,\"name\":\"Prodavnica\",\"item\":\"https:\/\/terradecorart.com\/sr\/prodavnica\/\"},{\"@type\":\"ListItem\",\"position\":3,\"name\":\"Nadstre\u0161nica za automobil u stilu pe\u0107ine\"}]},{\"@type\":\"WebSite\",\"@id\":\"https:\/\/terradecorart.com\/sr\/#website\",\"url\":\"https:\/\/terradecorart.com\/sr\/\",\"name\":\"Terradecor\",\"description\":\"Take your interior design\\u2028to the next level of style We are Terradecor, a Serbian company with 15 years of experience in creating decorative materials that look like natural stone.\",\"publisher\":{\"@id\":\"https:\/\/terradecorart.com\/sr\/#organization\"},\"potentialAction\":[{\"@type\":\"SearchAction\",\"target\":{\"@type\":\"EntryPoint\",\"urlTemplate\":\"https:\/\/terradecorart.com\/sr\/?s={search_term_string}\"},\"query-input\":{\"@type\":\"PropertyValueSpecification\",\"valueRequired\":true,\"valueName\":\"search_term_string\"}}],\"inLanguage\":\"sr-RS\"},{\"@type\":\"Organization\",\"@id\":\"https:\/\/terradecorart.com\/sr\/#organization\",\"name\":\"Terradecor\",\"url\":\"https:\/\/terradecorart.com\/sr\/\",\"logo\":{\"@type\":\"ImageObject\",\"inLanguage\":\"sr-RS\",\"@id\":\"https:\/\/terradecorart.com\/sr\/#\/schema\/logo\/image\/\",\"url\":\"https:\/\/terradecorart.com\/wp-content\/uploads\/2026\/01\/Terra-sajt-logo.png\",\"contentUrl\":\"https:\/\/terradecorart.com\/wp-content\/uploads\/2026\/01\/Terra-sajt-logo.png\",\"width\":781,\"height\":188,\"caption\":\"Terradecor\"},\"image\":{\"@id\":\"https:\/\/terradecorart.com\/sr\/#\/schema\/logo\/image\/\"}}]}<\/script>\n<!-- \/ Yoast SEO plugin. -->","yoast_head_json":{"title":"Nadstre\u0161nica za automobil u stilu pe\u0107ine | Terradecor","description":"Nadstre\u0161nica u stilu pe\u0107ine donosi ultra-realisti\u010dan deli\u0107 prirode u Va\u0161 eksterijer. Vrhunski kvalitet, brza ugradnja, do\u017eivotna garancija.","robots":{"index":"index","follow":"follow","max-snippet":"max-snippet:-1","max-image-preview":"max-image-preview:large","max-video-preview":"max-video-preview:-1"},"canonical":"https:\/\/terradecorart.com\/sr\/\u043f\u0440\u043e\u0438\u0437\u0432\u043e\u0434\/nadstresnica-za-automobile-u-stilu-pecine\/","og_locale":"sr_RS","og_type":"article","og_title":"Nadstre\u0161nica za automobil u stilu pe\u0107ine | Terradecor","og_description":"Nadstre\u0161nica u stilu pe\u0107ine donosi ultra-realisti\u010dan deli\u0107 prirode u Va\u0161 eksterijer. Vrhunski kvalitet, brza ugradnja, do\u017eivotna garancija.","og_url":"https:\/\/terradecorart.com\/sr\/\u043f\u0440\u043e\u0438\u0437\u0432\u043e\u0434\/nadstresnica-za-automobile-u-stilu-pecine\/","og_site_name":"Terradecor","article_modified_time":"2026-04-02T07:52:44+00:00","og_image":[{"width":1024,"height":576,"url":"https:\/\/terradecorart.com\/wp-content\/uploads\/2025\/11\/cave-style-carport-1024x576.png","type":"image\/png"}],"twitter_card":"summary_large_image","twitter_misc":{"\u041f\u0440\u043e\u0446\u0435\u045a\u0435\u043d\u043e \u0432\u0440\u0435\u043c\u0435 \u0447\u0438\u0442\u0430\u045a\u0430":"1 \u043c\u0438\u043d\u0443\u0442"},"schema":{"@context":"https:\/\/schema.org","@graph":[{"@type":"WebPage","@id":"https:\/\/terradecorart.com\/sr\/\u043f\u0440\u043e\u0438\u0437\u0432\u043e\u0434\/nadstresnica-za-automobile-u-stilu-pecine\/","url":"https:\/\/terradecorart.com\/sr\/\u043f\u0440\u043e\u0438\u0437\u0432\u043e\u0434\/nadstresnica-za-automobile-u-stilu-pecine\/","name":"Nadstre\u0161nica za automobil u stilu pe\u0107ine | Terradecor","isPartOf":{"@id":"https:\/\/terradecorart.com\/sr\/#website"},"primaryImageOfPage":{"@id":"https:\/\/terradecorart.com\/sr\/\u043f\u0440\u043e\u0438\u0437\u0432\u043e\u0434\/nadstresnica-za-automobile-u-stilu-pecine\/#primaryimage"},"image":{"@id":"https:\/\/terradecorart.com\/sr\/\u043f\u0440\u043e\u0438\u0437\u0432\u043e\u0434\/nadstresnica-za-automobile-u-stilu-pecine\/#primaryimage"},"thumbnailUrl":"https:\/\/terradecorart.com\/wp-content\/uploads\/2025\/11\/cave-style-carport.png","datePublished":"2025-11-10T08:50:26+00:00","dateModified":"2026-04-02T07:52:44+00:00","description":"Nadstre\u0161nica u stilu pe\u0107ine donosi ultra-realisti\u010dan deli\u0107 prirode u Va\u0161 eksterijer. Vrhunski kvalitet, brza ugradnja, do\u017eivotna garancija.","breadcrumb":{"@id":"https:\/\/terradecorart.com\/sr\/\u043f\u0440\u043e\u0438\u0437\u0432\u043e\u0434\/nadstresnica-za-automobile-u-stilu-pecine\/#breadcrumb"},"inLanguage":"sr-RS","potentialAction":[{"@type":"ReadAction","target":["https:\/\/terradecorart.com\/sr\/\u043f\u0440\u043e\u0438\u0437\u0432\u043e\u0434\/nadstresnica-za-automobile-u-stilu-pecine\/"]}]},{"@type":"ImageObject","inLanguage":"sr-RS","@id":"https:\/\/terradecorart.com\/sr\/\u043f\u0440\u043e\u0438\u0437\u0432\u043e\u0434\/nadstresnica-za-automobile-u-stilu-pecine\/#primaryimage","url":"https:\/\/terradecorart.com\/wp-content\/uploads\/2025\/11\/cave-style-carport.png","contentUrl":"https:\/\/terradecorart.com\/wp-content\/uploads\/2025\/11\/cave-style-carport.png","width":1600,"height":900},{"@type":"BreadcrumbList","@id":"https:\/\/terradecorart.com\/sr\/\u043f\u0440\u043e\u0438\u0437\u0432\u043e\u0434\/nadstresnica-za-automobile-u-stilu-pecine\/#breadcrumb","itemListElement":[{"@type":"ListItem","position":1,"name":"Home","item":"https:\/\/terradecorart.com\/sr\/"},{"@type":"ListItem","position":2,"name":"Prodavnica","item":"https:\/\/terradecorart.com\/sr\/prodavnica\/"},{"@type":"ListItem","position":3,"name":"Nadstre\u0161nica za automobil u stilu pe\u0107ine"}]},{"@type":"WebSite","@id":"https:\/\/terradecorart.com\/sr\/#website","url":"https:\/\/terradecorart.com\/sr\/","name":"Terradecor","description":"Take your interior design\u2028to the next level of style We are Terradecor, a Serbian company with 15 years of experience in creating decorative materials that look like natural stone.","publisher":{"@id":"https:\/\/terradecorart.com\/sr\/#organization"},"potentialAction":[{"@type":"SearchAction","target":{"@type":"EntryPoint","urlTemplate":"https:\/\/terradecorart.com\/sr\/?s={search_term_string}"},"query-input":{"@type":"PropertyValueSpecification","valueRequired":true,"valueName":"search_term_string"}}],"inLanguage":"sr-RS"},{"@type":"Organization","@id":"https:\/\/terradecorart.com\/sr\/#organization","name":"Terradecor","url":"https:\/\/terradecorart.com\/sr\/","logo":{"@type":"ImageObject","inLanguage":"sr-RS","@id":"https:\/\/terradecorart.com\/sr\/#\/schema\/logo\/image\/","url":"https:\/\/terradecorart.com\/wp-content\/uploads\/2026\/01\/Terra-sajt-logo.png","contentUrl":"https:\/\/terradecorart.com\/wp-content\/uploads\/2026\/01\/Terra-sajt-logo.png","width":781,"height":188,"caption":"Terradecor"},"image":{"@id":"https:\/\/terradecorart.com\/sr\/#\/schema\/logo\/image\/"}}]}},"_links":{"self":[{"href":"https:\/\/terradecorart.com\/sr\/wp-json\/wp\/v2\/product\/3777","targetHints":{"allow":["GET"]}}],"collection":[{"href":"https:\/\/terradecorart.com\/sr\/wp-json\/wp\/v2\/product"}],"about":[{"href":"https:\/\/terradecorart.com\/sr\/wp-json\/wp\/v2\/types\/product"}],"replies":[{"embeddable":true,"href":"https:\/\/terradecorart.com\/sr\/wp-json\/wp\/v2\/comments?post=3777"}],"wp:featuredmedia":[{"embeddable":true,"href":"https:\/\/terradecorart.com\/sr\/wp-json\/wp\/v2\/media\/3778"}],"wp:attachment":[{"href":"https:\/\/terradecorart.com\/sr\/wp-json\/wp\/v2\/media?parent=3777"}],"wp:term":[{"taxonomy":"product_brand","embeddable":true,"href":"https:\/\/terradecorart.com\/sr\/wp-json\/wp\/v2\/product_brand?post=3777"},{"taxonomy":"product_cat","embeddable":true,"href":"https:\/\/terradecorart.com\/sr\/wp-json\/wp\/v2\/product_cat?post=3777"},{"taxonomy":"product_tag","embeddable":true,"href":"https:\/\/terradecorart.com\/sr\/wp-json\/wp\/v2\/product_tag?post=3777"}],"curies":[{"name":"wp","href":"https:\/\/api.w.org\/{rel}","templated":true}]}}