{"id":3565,"date":"2025-11-08T13:32:43","date_gmt":"2025-11-08T13:32:43","guid":{"rendered":"https:\/\/terradecorart.com\/p\/zid-spavace-sobe-od-hrapavog-pescara"},"modified":"2026-02-08T18:06:05","modified_gmt":"2026-02-08T18:06:05","slug":"zid-spavace-sobe-od-hrapavog-pescara","status":"publish","type":"product","link":"https:\/\/terradecorart.com\/sr\/\u043f\u0440\u043e\u0438\u0437\u0432\u043e\u0434\/zid-spavace-sobe-od-hrapavog-pescara\/","title":{"rendered":"Zid spava\u0107e sobe od hrapavog pe\u0161\u010dara"},"content":{"rendered":"<div class=\"flex h-svh w-screen flex-col\">\n<div class=\"relative z-0 flex min-h-0 w-full flex-1\">\n<div class=\"relative flex min-h-0 w-full flex-1\">\n<div class=\"@container\/main relative flex min-w-0 flex-1 flex-col -translate-y-[calc(env(safe-area-inset-bottom,0px)\/2)] pt-[calc(env(safe-area-inset-bottom,0px)\/2)]\">\n<div class=\"@w-sm\/main:[scrollbar-gutter:stable_both-edges] touch:[scrollbar-width:none] relative flex min-h-0 min-w-0 flex-1 flex-col [scrollbar-gutter:stable] not-print:overflow-x-clip not-print:overflow-y-auto scroll-pt-(--header-height) [--sticky-padding-top:var(--header-height)] has-data-[fixed-header=less-than-xl]:@w-xl\/main:scroll-pt-0 has-data-[fixed-header=less-than-xl]:@w-xl\/main:[--sticky-padding-top:0px] has-data-[fixed-header=less-than-xxl]:@w-2xl\/main:scroll-pt-0 has-data-[fixed-header=less-than-xxl]:@w-2xl\/main:[--sticky-padding-top:0px]\" data-scroll-root=\"\"><main id=\"main\" class=\"min-h-0 flex-1\"><\/p>\n<div id=\"thread\" class=\"group\/thread flex flex-col min-h-full\">\n<div class=\"composer-parent flex flex-1 flex-col focus-visible:outline-0\" role=\"presentation\">\n<div class=\"relative basis-auto flex-col -mb-(--composer-overlap-px) [--composer-overlap-px:28px] grow flex\">\n<div class=\"flex flex-col text-sm pb-25\">\n<article class=\"text-token-text-primary w-full focus:outline-none [--shadow-height:45px] has-data-writing-block:pointer-events-none has-data-writing-block:-mt-(--shadow-height) has-data-writing-block:pt-(--shadow-height) [&amp;:has([data-writing-block])&gt;*]:pointer-events-auto scroll-mt-[calc(var(--header-height)+min(200px,max(70px,20svh)))]\" dir=\"auto\" tabindex=\"-1\" data-turn-id=\"ef155dc6-73f3-4ef2-9af9-431b9b91a57a\" data-testid=\"conversation-turn-92\" data-scroll-anchor=\"false\" data-turn=\"assistant\">\n<div class=\"text-base my-auto mx-auto [--thread-content-margin:--spacing(4)] @w-sm\/main:[--thread-content-margin:--spacing(6)] @w-lg\/main:[--thread-content-margin:--spacing(16)] px-(--thread-content-margin)\">\n<div class=\"[--thread-content-max-width:40rem] @w-lg\/main:[--thread-content-max-width:48rem] mx-auto max-w-(--thread-content-max-width) flex-1 group\/turn-messages focus-visible:outline-hidden relative flex w-full min-w-0 flex-col agent-turn\" tabindex=\"-1\">\n<div class=\"flex max-w-full flex-col grow\">\n<div class=\"min-h-8 text-message relative flex w-full flex-col items-end gap-2 text-start break-words whitespace-normal [.text-message+&amp;]:mt-1\" dir=\"auto\" data-message-author-role=\"assistant\" data-message-id=\"4a37a8c7-1508-43ae-94ca-ad2a3b8f901f\" data-message-model-slug=\"gpt-5-2\">\n<div class=\"flex w-full flex-col gap-1 empty:hidden first:pt-[1px]\">\n<div class=\"markdown prose dark:prose-invert w-full wrap-break-word light markdown-new-styling\">\n<p data-start=\"0\" data-end=\"154\">Ovo je lagan, ultra realisti\u010dan panel otporan na UV zrake, toplotu, vodu i udarce. Lako se \u010disti ku\u0107nom hemijom i blagim abrazivnim sredstvima. Cena po m\u00b2<\/p>\n<\/div>\n<\/div>\n<\/div>\n<\/div>\n<\/div>\n<\/div>\n<\/article>\n<\/div>\n<\/div>\n<\/div>\n<\/div>\n<p><\/main><\/div>\n<\/div>\n<\/div>\n<\/div>\n<\/div>\n","protected":false},"excerpt":{"rendered":"<p>Ovo je lagan, ultra realisti\u010dan panel otporan na UV zrake, toplotu, vodu i udarce. Lako se \u010disti ku\u0107nom hemijom i blagim abrazivnim sredstvima. Cena po m\u00b2<\/p>\n","protected":false},"featured_media":3567,"comment_status":"open","ping_status":"closed","template":"","meta":{"_acf_changed":false},"product_brand":[],"product_cat":[108,109],"product_tag":[],"class_list":{"0":"post-3565","1":"product","2":"type-product","3":"status-publish","4":"has-post-thumbnail","6":"product_cat-enterijer","7":"product_cat-spavaca-soba","9":"first","10":"instock","11":"shipping-taxable","12":"purchasable","13":"product-type-simple"},"acf":[],"yoast_head":"<!-- This site is optimized with the Yoast SEO plugin v27.4 - https:\/\/yoast.com\/product\/yoast-seo-wordpress\/ -->\n<title>Zid spava\u0107e sobe od hrapavog pe\u0161\u010dara | Terradecor<\/title>\n<meta name=\"robots\" content=\"index, follow, max-snippet:-1, max-image-preview:large, max-video-preview:-1\" \/>\n<link rel=\"canonical\" href=\"https:\/\/terradecorart.com\/sr\/\u043f\u0440\u043e\u0438\u0437\u0432\u043e\u0434\/zid-spavace-sobe-od-hrapavog-pescara\/\" \/>\n<meta property=\"og:locale\" content=\"sr_RS\" \/>\n<meta property=\"og:type\" content=\"article\" \/>\n<meta property=\"og:title\" content=\"Zid spava\u0107e sobe od hrapavog pe\u0161\u010dara | Terradecor\" \/>\n<meta property=\"og:description\" content=\"Ovo je lagan, ultra realisti\u010dan panel otporan na UV zrake, toplotu, vodu i udarce. Lako se \u010disti ku\u0107nom hemijom i blagim abrazivnim sredstvima. Cena po m\u00b2\" \/>\n<meta property=\"og:url\" content=\"https:\/\/terradecorart.com\/sr\/\u043f\u0440\u043e\u0438\u0437\u0432\u043e\u0434\/zid-spavace-sobe-od-hrapavog-pescara\/\" \/>\n<meta property=\"og:site_name\" content=\"Terradecor\" \/>\n<meta property=\"article:modified_time\" content=\"2026-02-08T18:06:05+00:00\" \/>\n<meta property=\"og:image\" content=\"https:\/\/terradecorart.com\/wp-content\/uploads\/2025\/11\/Sandstone-rugged-bedroom-wall.webp\" \/>\n\t<meta property=\"og:image:width\" content=\"1240\" \/>\n\t<meta property=\"og:image:height\" content=\"695\" \/>\n\t<meta property=\"og:image:type\" content=\"image\/webp\" \/>\n<meta name=\"twitter:card\" content=\"summary_large_image\" \/>\n<meta name=\"twitter:label1\" content=\"\u041f\u0440\u043e\u0446\u0435\u045a\u0435\u043d\u043e \u0432\u0440\u0435\u043c\u0435 \u0447\u0438\u0442\u0430\u045a\u0430\" \/>\n\t<meta name=\"twitter:data1\" content=\"1 \u043c\u0438\u043d\u0443\u0442\" \/>\n<script type=\"application\/ld+json\" class=\"yoast-schema-graph\">{\"@context\":\"https:\\\/\\\/schema.org\",\"@graph\":[{\"@type\":\"WebPage\",\"@id\":\"https:\\\/\\\/terradecorart.com\\\/sr\\\/\u043f\u0440\u043e\u0438\u0437\u0432\u043e\u0434\\\/zid-spavace-sobe-od-hrapavog-pescara\\\/\",\"url\":\"https:\\\/\\\/terradecorart.com\\\/sr\\\/\u043f\u0440\u043e\u0438\u0437\u0432\u043e\u0434\\\/zid-spavace-sobe-od-hrapavog-pescara\\\/\",\"name\":\"Zid spava\u0107e sobe od hrapavog pe\u0161\u010dara | Terradecor\",\"isPartOf\":{\"@id\":\"https:\\\/\\\/terradecorart.com\\\/sr\\\/#website\"},\"primaryImageOfPage\":{\"@id\":\"https:\\\/\\\/terradecorart.com\\\/sr\\\/\u043f\u0440\u043e\u0438\u0437\u0432\u043e\u0434\\\/zid-spavace-sobe-od-hrapavog-pescara\\\/#primaryimage\"},\"image\":{\"@id\":\"https:\\\/\\\/terradecorart.com\\\/sr\\\/\u043f\u0440\u043e\u0438\u0437\u0432\u043e\u0434\\\/zid-spavace-sobe-od-hrapavog-pescara\\\/#primaryimage\"},\"thumbnailUrl\":\"https:\\\/\\\/terradecorart.com\\\/wp-content\\\/uploads\\\/2025\\\/11\\\/Sandstone-rugged-bedroom-wall.webp\",\"datePublished\":\"2025-11-08T13:32:43+00:00\",\"dateModified\":\"2026-02-08T18:06:05+00:00\",\"breadcrumb\":{\"@id\":\"https:\\\/\\\/terradecorart.com\\\/sr\\\/\u043f\u0440\u043e\u0438\u0437\u0432\u043e\u0434\\\/zid-spavace-sobe-od-hrapavog-pescara\\\/#breadcrumb\"},\"inLanguage\":\"sr-RS\",\"potentialAction\":[{\"@type\":\"ReadAction\",\"target\":[\"https:\\\/\\\/terradecorart.com\\\/sr\\\/\u043f\u0440\u043e\u0438\u0437\u0432\u043e\u0434\\\/zid-spavace-sobe-od-hrapavog-pescara\\\/\"]}]},{\"@type\":\"ImageObject\",\"inLanguage\":\"sr-RS\",\"@id\":\"https:\\\/\\\/terradecorart.com\\\/sr\\\/\u043f\u0440\u043e\u0438\u0437\u0432\u043e\u0434\\\/zid-spavace-sobe-od-hrapavog-pescara\\\/#primaryimage\",\"url\":\"https:\\\/\\\/terradecorart.com\\\/wp-content\\\/uploads\\\/2025\\\/11\\\/Sandstone-rugged-bedroom-wall.webp\",\"contentUrl\":\"https:\\\/\\\/terradecorart.com\\\/wp-content\\\/uploads\\\/2025\\\/11\\\/Sandstone-rugged-bedroom-wall.webp\",\"width\":1240,\"height\":695},{\"@type\":\"BreadcrumbList\",\"@id\":\"https:\\\/\\\/terradecorart.com\\\/sr\\\/\u043f\u0440\u043e\u0438\u0437\u0432\u043e\u0434\\\/zid-spavace-sobe-od-hrapavog-pescara\\\/#breadcrumb\",\"itemListElement\":[{\"@type\":\"ListItem\",\"position\":1,\"name\":\"Home\",\"item\":\"https:\\\/\\\/terradecorart.com\\\/sr\\\/\"},{\"@type\":\"ListItem\",\"position\":2,\"name\":\"\u041f\u0440\u043e\u0438\u0437\u0432\u043e\u0434\u0438\",\"item\":\"https:\\\/\\\/terradecorart.com\\\/sr\\\/shop\\\/\"},{\"@type\":\"ListItem\",\"position\":3,\"name\":\"Zid spava\u0107e sobe od hrapavog pe\u0161\u010dara\"}]},{\"@type\":\"WebSite\",\"@id\":\"https:\\\/\\\/terradecorart.com\\\/sr\\\/#website\",\"url\":\"https:\\\/\\\/terradecorart.com\\\/sr\\\/\",\"name\":\"Terradecor\",\"description\":\"Take your interior design\\u2028to the next level of style We are Terradecor, a Serbian company with 15 years of experience in creating decorative materials that look like natural stone.\",\"publisher\":{\"@id\":\"https:\\\/\\\/terradecorart.com\\\/sr\\\/#organization\"},\"potentialAction\":[{\"@type\":\"SearchAction\",\"target\":{\"@type\":\"EntryPoint\",\"urlTemplate\":\"https:\\\/\\\/terradecorart.com\\\/sr\\\/?s={search_term_string}\"},\"query-input\":{\"@type\":\"PropertyValueSpecification\",\"valueRequired\":true,\"valueName\":\"search_term_string\"}}],\"inLanguage\":\"sr-RS\"},{\"@type\":\"Organization\",\"@id\":\"https:\\\/\\\/terradecorart.com\\\/sr\\\/#organization\",\"name\":\"Terradecor\",\"url\":\"https:\\\/\\\/terradecorart.com\\\/sr\\\/\",\"logo\":{\"@type\":\"ImageObject\",\"inLanguage\":\"sr-RS\",\"@id\":\"https:\\\/\\\/terradecorart.com\\\/sr\\\/#\\\/schema\\\/logo\\\/image\\\/\",\"url\":\"https:\\\/\\\/terradecorart.com\\\/wp-content\\\/uploads\\\/2026\\\/01\\\/Terra-sajt-logo.png\",\"contentUrl\":\"https:\\\/\\\/terradecorart.com\\\/wp-content\\\/uploads\\\/2026\\\/01\\\/Terra-sajt-logo.png\",\"width\":781,\"height\":188,\"caption\":\"Terradecor\"},\"image\":{\"@id\":\"https:\\\/\\\/terradecorart.com\\\/sr\\\/#\\\/schema\\\/logo\\\/image\\\/\"}}]}<\/script>\n<!-- \/ Yoast SEO plugin. -->","yoast_head_json":{"title":"Zid spava\u0107e sobe od hrapavog pe\u0161\u010dara | Terradecor","robots":{"index":"index","follow":"follow","max-snippet":"max-snippet:-1","max-image-preview":"max-image-preview:large","max-video-preview":"max-video-preview:-1"},"canonical":"https:\/\/terradecorart.com\/sr\/\u043f\u0440\u043e\u0438\u0437\u0432\u043e\u0434\/zid-spavace-sobe-od-hrapavog-pescara\/","og_locale":"sr_RS","og_type":"article","og_title":"Zid spava\u0107e sobe od hrapavog pe\u0161\u010dara | Terradecor","og_description":"Ovo je lagan, ultra realisti\u010dan panel otporan na UV zrake, toplotu, vodu i udarce. Lako se \u010disti ku\u0107nom hemijom i blagim abrazivnim sredstvima. Cena po m\u00b2","og_url":"https:\/\/terradecorart.com\/sr\/\u043f\u0440\u043e\u0438\u0437\u0432\u043e\u0434\/zid-spavace-sobe-od-hrapavog-pescara\/","og_site_name":"Terradecor","article_modified_time":"2026-02-08T18:06:05+00:00","og_image":[{"width":1240,"height":695,"url":"https:\/\/terradecorart.com\/wp-content\/uploads\/2025\/11\/Sandstone-rugged-bedroom-wall.webp","type":"image\/webp"}],"twitter_card":"summary_large_image","twitter_misc":{"\u041f\u0440\u043e\u0446\u0435\u045a\u0435\u043d\u043e \u0432\u0440\u0435\u043c\u0435 \u0447\u0438\u0442\u0430\u045a\u0430":"1 \u043c\u0438\u043d\u0443\u0442"},"schema":{"@context":"https:\/\/schema.org","@graph":[{"@type":"WebPage","@id":"https:\/\/terradecorart.com\/sr\/\u043f\u0440\u043e\u0438\u0437\u0432\u043e\u0434\/zid-spavace-sobe-od-hrapavog-pescara\/","url":"https:\/\/terradecorart.com\/sr\/\u043f\u0440\u043e\u0438\u0437\u0432\u043e\u0434\/zid-spavace-sobe-od-hrapavog-pescara\/","name":"Zid spava\u0107e sobe od hrapavog pe\u0161\u010dara | Terradecor","isPartOf":{"@id":"https:\/\/terradecorart.com\/sr\/#website"},"primaryImageOfPage":{"@id":"https:\/\/terradecorart.com\/sr\/\u043f\u0440\u043e\u0438\u0437\u0432\u043e\u0434\/zid-spavace-sobe-od-hrapavog-pescara\/#primaryimage"},"image":{"@id":"https:\/\/terradecorart.com\/sr\/\u043f\u0440\u043e\u0438\u0437\u0432\u043e\u0434\/zid-spavace-sobe-od-hrapavog-pescara\/#primaryimage"},"thumbnailUrl":"https:\/\/terradecorart.com\/wp-content\/uploads\/2025\/11\/Sandstone-rugged-bedroom-wall.webp","datePublished":"2025-11-08T13:32:43+00:00","dateModified":"2026-02-08T18:06:05+00:00","breadcrumb":{"@id":"https:\/\/terradecorart.com\/sr\/\u043f\u0440\u043e\u0438\u0437\u0432\u043e\u0434\/zid-spavace-sobe-od-hrapavog-pescara\/#breadcrumb"},"inLanguage":"sr-RS","potentialAction":[{"@type":"ReadAction","target":["https:\/\/terradecorart.com\/sr\/\u043f\u0440\u043e\u0438\u0437\u0432\u043e\u0434\/zid-spavace-sobe-od-hrapavog-pescara\/"]}]},{"@type":"ImageObject","inLanguage":"sr-RS","@id":"https:\/\/terradecorart.com\/sr\/\u043f\u0440\u043e\u0438\u0437\u0432\u043e\u0434\/zid-spavace-sobe-od-hrapavog-pescara\/#primaryimage","url":"https:\/\/terradecorart.com\/wp-content\/uploads\/2025\/11\/Sandstone-rugged-bedroom-wall.webp","contentUrl":"https:\/\/terradecorart.com\/wp-content\/uploads\/2025\/11\/Sandstone-rugged-bedroom-wall.webp","width":1240,"height":695},{"@type":"BreadcrumbList","@id":"https:\/\/terradecorart.com\/sr\/\u043f\u0440\u043e\u0438\u0437\u0432\u043e\u0434\/zid-spavace-sobe-od-hrapavog-pescara\/#breadcrumb","itemListElement":[{"@type":"ListItem","position":1,"name":"Home","item":"https:\/\/terradecorart.com\/sr\/"},{"@type":"ListItem","position":2,"name":"\u041f\u0440\u043e\u0438\u0437\u0432\u043e\u0434\u0438","item":"https:\/\/terradecorart.com\/sr\/shop\/"},{"@type":"ListItem","position":3,"name":"Zid spava\u0107e sobe od hrapavog pe\u0161\u010dara"}]},{"@type":"WebSite","@id":"https:\/\/terradecorart.com\/sr\/#website","url":"https:\/\/terradecorart.com\/sr\/","name":"Terradecor","description":"Take your interior design\u2028to the next level of style We are Terradecor, a Serbian company with 15 years of experience in creating decorative materials that look like natural stone.","publisher":{"@id":"https:\/\/terradecorart.com\/sr\/#organization"},"potentialAction":[{"@type":"SearchAction","target":{"@type":"EntryPoint","urlTemplate":"https:\/\/terradecorart.com\/sr\/?s={search_term_string}"},"query-input":{"@type":"PropertyValueSpecification","valueRequired":true,"valueName":"search_term_string"}}],"inLanguage":"sr-RS"},{"@type":"Organization","@id":"https:\/\/terradecorart.com\/sr\/#organization","name":"Terradecor","url":"https:\/\/terradecorart.com\/sr\/","logo":{"@type":"ImageObject","inLanguage":"sr-RS","@id":"https:\/\/terradecorart.com\/sr\/#\/schema\/logo\/image\/","url":"https:\/\/terradecorart.com\/wp-content\/uploads\/2026\/01\/Terra-sajt-logo.png","contentUrl":"https:\/\/terradecorart.com\/wp-content\/uploads\/2026\/01\/Terra-sajt-logo.png","width":781,"height":188,"caption":"Terradecor"},"image":{"@id":"https:\/\/terradecorart.com\/sr\/#\/schema\/logo\/image\/"}}]}},"_links":{"self":[{"href":"https:\/\/terradecorart.com\/sr\/wp-json\/wp\/v2\/product\/3565","targetHints":{"allow":["GET"]}}],"collection":[{"href":"https:\/\/terradecorart.com\/sr\/wp-json\/wp\/v2\/product"}],"about":[{"href":"https:\/\/terradecorart.com\/sr\/wp-json\/wp\/v2\/types\/product"}],"replies":[{"embeddable":true,"href":"https:\/\/terradecorart.com\/sr\/wp-json\/wp\/v2\/comments?post=3565"}],"wp:featuredmedia":[{"embeddable":true,"href":"https:\/\/terradecorart.com\/sr\/wp-json\/wp\/v2\/media\/3567"}],"wp:attachment":[{"href":"https:\/\/terradecorart.com\/sr\/wp-json\/wp\/v2\/media?parent=3565"}],"wp:term":[{"taxonomy":"product_brand","embeddable":true,"href":"https:\/\/terradecorart.com\/sr\/wp-json\/wp\/v2\/product_brand?post=3565"},{"taxonomy":"product_cat","embeddable":true,"href":"https:\/\/terradecorart.com\/sr\/wp-json\/wp\/v2\/product_cat?post=3565"},{"taxonomy":"product_tag","embeddable":true,"href":"https:\/\/terradecorart.com\/sr\/wp-json\/wp\/v2\/product_tag?post=3565"}],"curies":[{"name":"wp","href":"https:\/\/api.w.org\/{rel}","templated":true}]}}