{"id":3539,"date":"2025-10-24T16:31:44","date_gmt":"2025-10-24T16:31:44","guid":{"rendered":"https:\/\/terradecorart.com\/o-nama"},"modified":"2025-11-30T12:55:18","modified_gmt":"2025-11-30T12:55:18","slug":"o-nama","status":"publish","type":"page","link":"https:\/\/terradecorart.com\/sr\/o-nama\/","title":{"rendered":"O nama"},"content":{"rendered":"\t\t<div data-elementor-type=\"wp-page\" data-elementor-id=\"3539\" class=\"elementor elementor-3539 elementor-809\" data-elementor-post-type=\"page\">\n\t\t\t\t<div class=\"elementor-element elementor-element-83dfda0 e-flex e-con-boxed wpr-particle-no wpr-jarallax-no wpr-parallax-no wpr-sticky-section-no e-con e-parent\" data-id=\"83dfda0\" data-element_type=\"container\" data-settings=\"{&quot;background_background&quot;:&quot;classic&quot;}\">\n\t\t\t\t\t<div class=\"e-con-inner\">\n\t\t\t\t<div class=\"elementor-element elementor-element-c33cddb elementor-invisible elementor-widget elementor-widget-heading\" data-id=\"c33cddb\" data-element_type=\"widget\" data-settings=\"{&quot;_animation&quot;:&quot;zoomIn&quot;}\" data-widget_type=\"heading.default\">\n\t\t\t\t\t<h2 class=\"elementor-heading-title elementor-size-default\">O nama<\/h2>\t\t\t\t<\/div>\n\t\t<div class=\"elementor-element elementor-element-6d200d0 e-con-full e-flex wpr-particle-no wpr-jarallax-no wpr-parallax-no wpr-sticky-section-no e-con e-child\" data-id=\"6d200d0\" data-element_type=\"container\" data-settings=\"{&quot;background_background&quot;:&quot;classic&quot;}\">\n\t\t\t\t<\/div>\n\t\t<div class=\"elementor-element elementor-element-4c9c36a e-con-full e-flex wpr-particle-no wpr-jarallax-no wpr-parallax-no wpr-sticky-section-no e-con e-child\" data-id=\"4c9c36a\" data-element_type=\"container\">\n\t\t<div class=\"elementor-element elementor-element-9286bcb e-con-full e-flex wpr-particle-no wpr-jarallax-no wpr-parallax-no wpr-sticky-section-no e-con e-child\" data-id=\"9286bcb\" data-element_type=\"container\">\n\t\t\t\t<div class=\"elementor-element elementor-element-99aebb4 elementor-widget__width-initial elementor-invisible elementor-widget elementor-widget-heading\" data-id=\"99aebb4\" data-element_type=\"widget\" data-settings=\"{&quot;_animation&quot;:&quot;fadeInLeft&quot;}\" data-widget_type=\"heading.default\">\n\t\t\t\t\t<h2 class=\"elementor-heading-title elementor-size-default\">Mi smo Terradecor, srpska kompanija sa\npreko 15 godina iskustva specijalizovana za\ndekorativne materijale dizajnirane da izgledaju kao\nprirodni kamen.<\/h2>\t\t\t\t<\/div>\n\t\t\t\t<\/div>\n\t\t<div class=\"elementor-element elementor-element-b968e53 e-con-full e-flex wpr-particle-no wpr-jarallax-no wpr-parallax-no wpr-sticky-section-no e-con e-child\" data-id=\"b968e53\" data-element_type=\"container\" data-settings=\"{&quot;background_background&quot;:&quot;classic&quot;}\">\n\t\t\t\t<\/div>\n\t\t<div class=\"elementor-element elementor-element-36b6e33 e-con-full e-flex wpr-particle-no wpr-jarallax-no wpr-parallax-no wpr-sticky-section-no e-con e-child\" data-id=\"36b6e33\" data-element_type=\"container\">\n\t\t<div class=\"elementor-element elementor-element-90fcc84 e-con-full e-flex wpr-particle-no wpr-jarallax-no wpr-parallax-no wpr-sticky-section-no e-con e-child\" data-id=\"90fcc84\" data-element_type=\"container\">\n\t\t\t\t<div class=\"elementor-element elementor-element-770c6fa elementor-invisible elementor-widget elementor-widget-text-editor\" data-id=\"770c6fa\" data-element_type=\"widget\" data-settings=\"{&quot;_animation&quot;:&quot;fadeInUp&quot;}\" data-widget_type=\"text-editor.default\">\n\t\t\t\t\t\t\t\t\t<div class=\"split-text__line\">Do nedavno, ono \u0161to bi se moglo klasifikovati kao na\u0161a primarna delatnost bila je samo proizvodnja dekorativnih panela i 3D pozadina za akvarijume pod imenom sada me\u0111unarodno poznatog brenda <a href=\"https:\/\/www.instagram.com\/aquadecor\/\">Aquadecor<\/a>, dobro poznatog kako u na\u0161oj domovini tako i \u0161irom sveta.<br><br>Nedavno smo odlu\u010dili da na\u0161a ma\u0161ta, ideje i projekti ne treba da budu ograni\u010deni na jednu kategoriju, pa smo tako odlu\u010dili da se pro\u0161irimo i pokrenemo i na\u0161 posao u oblasti unutra\u0161nje dekoracije.<\/div>\t\t\t\t\t\t\t\t<\/div>\n\t\t\t\t<\/div>\n\t\t\t\t<\/div>\n\t\t\t\t<\/div>\n\t\t<div class=\"elementor-element elementor-element-0ca40ae e-con-full e-flex wpr-particle-no wpr-jarallax-no wpr-parallax-no wpr-sticky-section-no e-con e-child\" data-id=\"0ca40ae\" data-element_type=\"container\" data-settings=\"{&quot;background_background&quot;:&quot;classic&quot;}\">\n\t\t\t\t<\/div>\n\t\t\t\t\t<\/div>\n\t\t\t\t<\/div>\n\t\t<div class=\"elementor-element elementor-element-452c50a e-flex e-con-boxed wpr-particle-no wpr-jarallax-no wpr-parallax-no wpr-sticky-section-no e-con e-parent\" data-id=\"452c50a\" data-element_type=\"container\" data-settings=\"{&quot;background_background&quot;:&quot;classic&quot;}\">\n\t\t\t\t\t<div class=\"e-con-inner\">\n\t\t\t\t<div class=\"elementor-element elementor-element-068db86 elementor-align-center elementor-icon-list--layout-traditional elementor-list-item-link-full_width elementor-widget elementor-widget-icon-list\" data-id=\"068db86\" data-element_type=\"widget\" data-widget_type=\"icon-list.default\">\n\t\t\t\t\t\t\t<ul class=\"elementor-icon-list-items\">\n\t\t\t\t\t\t\t<li class=\"elementor-icon-list-item\">\n\t\t\t\t\t\t\t\t\t\t<span class=\"elementor-icon-list-text\">Stvaramo lepotu inspirisanu kamenom od 2004. godine<\/span>\n\t\t\t\t\t\t\t\t\t<\/li>\n\t\t\t\t\t\t<\/ul>\n\t\t\t\t\t\t<\/div>\n\t\t\t\t<div class=\"elementor-element elementor-element-3907341 elementor-widget__width-initial elementor-widget elementor-widget-heading\" data-id=\"3907341\" data-element_type=\"widget\" data-widget_type=\"heading.default\">\n\t\t\t\t\t<h2 class=\"elementor-heading-title elementor-size-default\">Redefini\u0161emo\ndekorativni dizajn<\/h2>\t\t\t\t<\/div>\n\t\t\t\t<div class=\"elementor-element elementor-element-42a21e9 elementor-widget__width-initial elementor-widget elementor-widget-heading\" data-id=\"42a21e9\" data-element_type=\"widget\" data-widget_type=\"heading.default\">\n\t\t\t\t\t<h2 class=\"elementor-heading-title elementor-size-default\">Ve\u0107 vi\u0161e od 15 godina, Terradecor stvara premium\ndekorativne materijale koji kombinuju bezvremenski izgled prirodnog\nkamena sa nenadma\u0161nom izdr\u017eljivo\u0161\u0107u, umetno\u0161\u0107u i inovacijom.<\/h2>\t\t\t\t<\/div>\n\t\t\t\t<div class=\"elementor-element elementor-element-9af7f98 elementor-widget__width-initial elementor-widget elementor-widget-text-editor\" data-id=\"9af7f98\" data-element_type=\"widget\" data-widget_type=\"text-editor.default\">\n\t\t\t\t\t\t\t\t\t<p>Mi smo Terradecor, srpska kompanija sa preko 15 godina stru\u010dnosti u dekorativnim materijalima nalik kamenu. Ono \u0161to je po\u010delo proizvodnjom panela i 3D pozadina za akvarijume pod globalno prepoznatljivim brendom <strong>Aquadecor<\/strong> preraslo je u \u0161iru viziju &#8211; uno\u0161enje na\u0161e kreativnosti i zanatstva u unutra\u0161nju dekoraciju.<\/p><p>Na\u0161i proizvodi kombinuju upe\u010datljiv dizajn sa izuzetnom izdr\u017eljivo\u0161\u0107u, otporni su na sve vremenske uslove i napravljeni da traju decenijama. Od 2004. godine, usavr\u0161ili smo na\u0161e modele i usavr\u0161ili materijale koji izdr\u017eavaju ekstremnu toplotu i hladno\u0107u, zbog \u010dega nudimo garancije od 20 godina pa sve do do\u017eivotnog pokri\u0107a.<\/p><p>U srcu Terradecora je <strong>Florian Kova\u010d<\/strong> &#8211; osniva\u010d, glavni dizajner i umetnik &#8211; \u010dija je posve\u0107enost oblikovala na\u0161e beskompromisne standarde. Godine 2018. osnovao je <strong>DecorGroup<\/strong>, ujedinjuju\u0107i Aquadecor i Terradecor u jednu porodicu brendova koja stoji za inovaciju, umetnost i trajnu vrednost.<\/p>\t\t\t\t\t\t\t\t<\/div>\n\t\t\t\t\t<\/div>\n\t\t\t\t<\/div>\n\t\t\t\t<\/div>\n\t\t","protected":false},"excerpt":{"rendered":"<p>O nama Mi smo Terradecor, srpska kompanija sa preko 15 godina iskustva specijalizovana za dekorativne materijale dizajnirane da izgledaju kao prirodni kamen. Do nedavno, ono \u0161to bi se moglo klasifikovati kao na\u0161a primarna delatnost bila je samo proizvodnja dekorativnih panela i 3D pozadina za akvarijume pod imenom sada me\u0111unarodno poznatog brenda Aquadecor, dobro poznatog kako u na\u0161oj domovini tako i \u0161irom sveta. Nedavno smo odlu\u010dili da na\u0161a ma\u0161ta, ideje i projekti ne treba da budu ograni\u010deni na jednu kategoriju, pa smo tako odlu\u010dili da se pro\u0161irimo i pokrenemo i na\u0161 posao u oblasti unutra\u0161nje dekoracije. Stvaramo lepotu inspirisanu kamenom od 2004. godine Redefini\u0161emo dekorativni dizajn Ve\u0107 vi\u0161e od 15 godina, Terradecor stvara premium dekorativne materijale koji kombinuju bezvremenski izgled prirodnog kamena sa nenadma\u0161nom izdr\u017eljivo\u0161\u0107u, umetno\u0161\u0107u i inovacijom. Mi smo Terradecor, srpska kompanija sa preko 15 godina stru\u010dnosti u dekorativnim materijalima nalik kamenu. Ono \u0161to je po\u010delo proizvodnjom panela i 3D pozadina za akvarijume pod globalno prepoznatljivim brendom Aquadecor preraslo je u \u0161iru viziju &#8211; uno\u0161enje na\u0161e kreativnosti i zanatstva u unutra\u0161nju dekoraciju. Na\u0161i proizvodi kombinuju upe\u010datljiv dizajn sa izuzetnom izdr\u017eljivo\u0161\u0107u, otporni su na sve vremenske uslove i napravljeni da traju decenijama. Od 2004. godine, usavr\u0161ili smo na\u0161e modele i usavr\u0161ili materijale koji izdr\u017eavaju ekstremnu toplotu i hladno\u0107u, zbog \u010dega nudimo garancije od 20 godina pa sve do do\u017eivotnog pokri\u0107a. U srcu Terradecora je Florian Kova\u010d &#8211; osniva\u010d, glavni dizajner i umetnik &#8211; \u010dija je posve\u0107enost oblikovala na\u0161e beskompromisne standarde. Godine 2018. osnovao je DecorGroup, ujedinjuju\u0107i Aquadecor i Terradecor u jednu porodicu brendova koja stoji za inovaciju, umetnost i trajnu vrednost.<\/p>\n","protected":false},"author":2,"featured_media":0,"parent":0,"menu_order":0,"comment_status":"closed","ping_status":"closed","template":"elementor_header_footer","meta":{"_acf_changed":false,"footnotes":""},"class_list":["post-3539","page","type-page","status-publish","hentry"],"acf":[],"yoast_head":"<!-- This site is optimized with the Yoast SEO plugin v26.2 - https:\/\/yoast.com\/wordpress\/plugins\/seo\/ -->\n<title>O nama | Terradecor<\/title>\n<meta name=\"robots\" content=\"index, follow, max-snippet:-1, max-image-preview:large, max-video-preview:-1\" \/>\n<link rel=\"canonical\" href=\"https:\/\/terradecorart.com\/sr\/o-nama\/\" \/>\n<meta property=\"og:locale\" content=\"sr_RS\" \/>\n<meta property=\"og:type\" content=\"article\" \/>\n<meta property=\"og:title\" content=\"O nama | Terradecor\" \/>\n<meta property=\"og:description\" content=\"O nama Mi smo Terradecor, srpska kompanija sa preko 15 godina iskustva specijalizovana za dekorativne materijale dizajnirane da izgledaju kao prirodni kamen. Do nedavno, ono \u0161to bi se moglo klasifikovati kao na\u0161a primarna delatnost bila je samo proizvodnja dekorativnih panela i 3D pozadina za akvarijume pod imenom sada me\u0111unarodno poznatog brenda Aquadecor, dobro poznatog kako u na\u0161oj domovini tako i \u0161irom sveta. Nedavno smo odlu\u010dili da na\u0161a ma\u0161ta, ideje i projekti ne treba da budu ograni\u010deni na jednu kategoriju, pa smo tako odlu\u010dili da se pro\u0161irimo i pokrenemo i na\u0161 posao u oblasti unutra\u0161nje dekoracije. Stvaramo lepotu inspirisanu kamenom od 2004. godine Redefini\u0161emo dekorativni dizajn Ve\u0107 vi\u0161e od 15 godina, Terradecor stvara premium dekorativne materijale koji kombinuju bezvremenski izgled prirodnog kamena sa nenadma\u0161nom izdr\u017eljivo\u0161\u0107u, umetno\u0161\u0107u i inovacijom. Mi smo Terradecor, srpska kompanija sa preko 15 godina stru\u010dnosti u dekorativnim materijalima nalik kamenu. Ono \u0161to je po\u010delo proizvodnjom panela i 3D pozadina za akvarijume pod globalno prepoznatljivim brendom Aquadecor preraslo je u \u0161iru viziju &#8211; uno\u0161enje na\u0161e kreativnosti i zanatstva u unutra\u0161nju dekoraciju. Na\u0161i proizvodi kombinuju upe\u010datljiv dizajn sa izuzetnom izdr\u017eljivo\u0161\u0107u, otporni su na sve vremenske uslove i napravljeni da traju decenijama. Od 2004. godine, usavr\u0161ili smo na\u0161e modele i usavr\u0161ili materijale koji izdr\u017eavaju ekstremnu toplotu i hladno\u0107u, zbog \u010dega nudimo garancije od 20 godina pa sve do do\u017eivotnog pokri\u0107a. U srcu Terradecora je Florian Kova\u010d &#8211; osniva\u010d, glavni dizajner i umetnik &#8211; \u010dija je posve\u0107enost oblikovala na\u0161e beskompromisne standarde. Godine 2018. osnovao je DecorGroup, ujedinjuju\u0107i Aquadecor i Terradecor u jednu porodicu brendova koja stoji za inovaciju, umetnost i trajnu vrednost.\" \/>\n<meta property=\"og:url\" content=\"https:\/\/terradecorart.com\/sr\/o-nama\/\" \/>\n<meta property=\"og:site_name\" content=\"Terradecor\" \/>\n<meta property=\"article:modified_time\" content=\"2025-11-30T12:55:18+00:00\" \/>\n<meta property=\"og:image\" content=\"https:\/\/terradecorart.com\/wp-content\/uploads\/2025\/10\/Screenshot-2025-10-24-003550-1.png\" \/>\n\t<meta property=\"og:image:width\" content=\"925\" \/>\n\t<meta property=\"og:image:height\" content=\"162\" \/>\n\t<meta property=\"og:image:type\" content=\"image\/png\" \/>\n<meta name=\"twitter:card\" content=\"summary_large_image\" \/>\n<meta name=\"twitter:label1\" content=\"\u041f\u0440\u043e\u0446\u0435\u045a\u0435\u043d\u043e \u0432\u0440\u0435\u043c\u0435 \u0447\u0438\u0442\u0430\u045a\u0430\" \/>\n\t<meta name=\"twitter:data1\" content=\"1 \u043c\u0438\u043d\u0443\u0442\" \/>\n<script type=\"application\/ld+json\" class=\"yoast-schema-graph\">{\"@context\":\"https:\/\/schema.org\",\"@graph\":[{\"@type\":\"WebPage\",\"@id\":\"https:\/\/terradecorart.com\/sr\/o-nama\/\",\"url\":\"https:\/\/terradecorart.com\/sr\/o-nama\/\",\"name\":\"O nama | Terradecor\",\"isPartOf\":{\"@id\":\"https:\/\/terradecorart.com\/sr\/#website\"},\"datePublished\":\"2025-10-24T16:31:44+00:00\",\"dateModified\":\"2025-11-30T12:55:18+00:00\",\"breadcrumb\":{\"@id\":\"https:\/\/terradecorart.com\/sr\/o-nama\/#breadcrumb\"},\"inLanguage\":\"sr-RS\",\"potentialAction\":[{\"@type\":\"ReadAction\",\"target\":[\"https:\/\/terradecorart.com\/sr\/o-nama\/\"]}]},{\"@type\":\"BreadcrumbList\",\"@id\":\"https:\/\/terradecorart.com\/sr\/o-nama\/#breadcrumb\",\"itemListElement\":[{\"@type\":\"ListItem\",\"position\":1,\"name\":\"Home\",\"item\":\"https:\/\/terradecorart.com\/sr\/\"},{\"@type\":\"ListItem\",\"position\":2,\"name\":\"O nama\"}]},{\"@type\":\"WebSite\",\"@id\":\"https:\/\/terradecorart.com\/sr\/#website\",\"url\":\"https:\/\/terradecorart.com\/sr\/\",\"name\":\"Terradecor\",\"description\":\"Take your interior design\\u2028to the next level of style We are Terradecor, a Serbian company with 15 years of experience in creating decorative materials that look like natural stone.\",\"publisher\":{\"@id\":\"https:\/\/terradecorart.com\/sr\/#organization\"},\"potentialAction\":[{\"@type\":\"SearchAction\",\"target\":{\"@type\":\"EntryPoint\",\"urlTemplate\":\"https:\/\/terradecorart.com\/sr\/?s={search_term_string}\"},\"query-input\":{\"@type\":\"PropertyValueSpecification\",\"valueRequired\":true,\"valueName\":\"search_term_string\"}}],\"inLanguage\":\"sr-RS\"},{\"@type\":\"Organization\",\"@id\":\"https:\/\/terradecorart.com\/sr\/#organization\",\"name\":\"Terradecor\",\"url\":\"https:\/\/terradecorart.com\/sr\/\",\"logo\":{\"@type\":\"ImageObject\",\"inLanguage\":\"sr-RS\",\"@id\":\"https:\/\/terradecorart.com\/sr\/#\/schema\/logo\/image\/\",\"url\":\"https:\/\/terradecorart.com\/wp-content\/uploads\/2026\/01\/Terra-sajt-logo.png\",\"contentUrl\":\"https:\/\/terradecorart.com\/wp-content\/uploads\/2026\/01\/Terra-sajt-logo.png\",\"width\":781,\"height\":188,\"caption\":\"Terradecor\"},\"image\":{\"@id\":\"https:\/\/terradecorart.com\/sr\/#\/schema\/logo\/image\/\"}}]}<\/script>\n<!-- \/ Yoast SEO plugin. -->","yoast_head_json":{"title":"O nama | Terradecor","robots":{"index":"index","follow":"follow","max-snippet":"max-snippet:-1","max-image-preview":"max-image-preview:large","max-video-preview":"max-video-preview:-1"},"canonical":"https:\/\/terradecorart.com\/sr\/o-nama\/","og_locale":"sr_RS","og_type":"article","og_title":"O nama | Terradecor","og_description":"O nama Mi smo Terradecor, srpska kompanija sa preko 15 godina iskustva specijalizovana za dekorativne materijale dizajnirane da izgledaju kao prirodni kamen. Do nedavno, ono \u0161to bi se moglo klasifikovati kao na\u0161a primarna delatnost bila je samo proizvodnja dekorativnih panela i 3D pozadina za akvarijume pod imenom sada me\u0111unarodno poznatog brenda Aquadecor, dobro poznatog kako u na\u0161oj domovini tako i \u0161irom sveta. Nedavno smo odlu\u010dili da na\u0161a ma\u0161ta, ideje i projekti ne treba da budu ograni\u010deni na jednu kategoriju, pa smo tako odlu\u010dili da se pro\u0161irimo i pokrenemo i na\u0161 posao u oblasti unutra\u0161nje dekoracije. Stvaramo lepotu inspirisanu kamenom od 2004. godine Redefini\u0161emo dekorativni dizajn Ve\u0107 vi\u0161e od 15 godina, Terradecor stvara premium dekorativne materijale koji kombinuju bezvremenski izgled prirodnog kamena sa nenadma\u0161nom izdr\u017eljivo\u0161\u0107u, umetno\u0161\u0107u i inovacijom. Mi smo Terradecor, srpska kompanija sa preko 15 godina stru\u010dnosti u dekorativnim materijalima nalik kamenu. Ono \u0161to je po\u010delo proizvodnjom panela i 3D pozadina za akvarijume pod globalno prepoznatljivim brendom Aquadecor preraslo je u \u0161iru viziju &#8211; uno\u0161enje na\u0161e kreativnosti i zanatstva u unutra\u0161nju dekoraciju. Na\u0161i proizvodi kombinuju upe\u010datljiv dizajn sa izuzetnom izdr\u017eljivo\u0161\u0107u, otporni su na sve vremenske uslove i napravljeni da traju decenijama. Od 2004. godine, usavr\u0161ili smo na\u0161e modele i usavr\u0161ili materijale koji izdr\u017eavaju ekstremnu toplotu i hladno\u0107u, zbog \u010dega nudimo garancije od 20 godina pa sve do do\u017eivotnog pokri\u0107a. U srcu Terradecora je Florian Kova\u010d &#8211; osniva\u010d, glavni dizajner i umetnik &#8211; \u010dija je posve\u0107enost oblikovala na\u0161e beskompromisne standarde. Godine 2018. osnovao je DecorGroup, ujedinjuju\u0107i Aquadecor i Terradecor u jednu porodicu brendova koja stoji za inovaciju, umetnost i trajnu vrednost.","og_url":"https:\/\/terradecorart.com\/sr\/o-nama\/","og_site_name":"Terradecor","article_modified_time":"2025-11-30T12:55:18+00:00","og_image":[{"width":925,"height":162,"url":"https:\/\/terradecorart.com\/wp-content\/uploads\/2025\/10\/Screenshot-2025-10-24-003550-1.png","type":"image\/png"}],"twitter_card":"summary_large_image","twitter_misc":{"\u041f\u0440\u043e\u0446\u0435\u045a\u0435\u043d\u043e \u0432\u0440\u0435\u043c\u0435 \u0447\u0438\u0442\u0430\u045a\u0430":"1 \u043c\u0438\u043d\u0443\u0442"},"schema":{"@context":"https:\/\/schema.org","@graph":[{"@type":"WebPage","@id":"https:\/\/terradecorart.com\/sr\/o-nama\/","url":"https:\/\/terradecorart.com\/sr\/o-nama\/","name":"O nama | Terradecor","isPartOf":{"@id":"https:\/\/terradecorart.com\/sr\/#website"},"datePublished":"2025-10-24T16:31:44+00:00","dateModified":"2025-11-30T12:55:18+00:00","breadcrumb":{"@id":"https:\/\/terradecorart.com\/sr\/o-nama\/#breadcrumb"},"inLanguage":"sr-RS","potentialAction":[{"@type":"ReadAction","target":["https:\/\/terradecorart.com\/sr\/o-nama\/"]}]},{"@type":"BreadcrumbList","@id":"https:\/\/terradecorart.com\/sr\/o-nama\/#breadcrumb","itemListElement":[{"@type":"ListItem","position":1,"name":"Home","item":"https:\/\/terradecorart.com\/sr\/"},{"@type":"ListItem","position":2,"name":"O nama"}]},{"@type":"WebSite","@id":"https:\/\/terradecorart.com\/sr\/#website","url":"https:\/\/terradecorart.com\/sr\/","name":"Terradecor","description":"Take your interior design\u2028to the next level of style We are Terradecor, a Serbian company with 15 years of experience in creating decorative materials that look like natural stone.","publisher":{"@id":"https:\/\/terradecorart.com\/sr\/#organization"},"potentialAction":[{"@type":"SearchAction","target":{"@type":"EntryPoint","urlTemplate":"https:\/\/terradecorart.com\/sr\/?s={search_term_string}"},"query-input":{"@type":"PropertyValueSpecification","valueRequired":true,"valueName":"search_term_string"}}],"inLanguage":"sr-RS"},{"@type":"Organization","@id":"https:\/\/terradecorart.com\/sr\/#organization","name":"Terradecor","url":"https:\/\/terradecorart.com\/sr\/","logo":{"@type":"ImageObject","inLanguage":"sr-RS","@id":"https:\/\/terradecorart.com\/sr\/#\/schema\/logo\/image\/","url":"https:\/\/terradecorart.com\/wp-content\/uploads\/2026\/01\/Terra-sajt-logo.png","contentUrl":"https:\/\/terradecorart.com\/wp-content\/uploads\/2026\/01\/Terra-sajt-logo.png","width":781,"height":188,"caption":"Terradecor"},"image":{"@id":"https:\/\/terradecorart.com\/sr\/#\/schema\/logo\/image\/"}}]}},"_hostinger_reach_plugin_has_subscription_block":false,"_hostinger_reach_plugin_is_elementor":false,"_links":{"self":[{"href":"https:\/\/terradecorart.com\/sr\/wp-json\/wp\/v2\/pages\/3539","targetHints":{"allow":["GET"]}}],"collection":[{"href":"https:\/\/terradecorart.com\/sr\/wp-json\/wp\/v2\/pages"}],"about":[{"href":"https:\/\/terradecorart.com\/sr\/wp-json\/wp\/v2\/types\/page"}],"author":[{"embeddable":true,"href":"https:\/\/terradecorart.com\/sr\/wp-json\/wp\/v2\/users\/2"}],"replies":[{"embeddable":true,"href":"https:\/\/terradecorart.com\/sr\/wp-json\/wp\/v2\/comments?post=3539"}],"version-history":[{"count":1,"href":"https:\/\/terradecorart.com\/sr\/wp-json\/wp\/v2\/pages\/3539\/revisions"}],"predecessor-version":[{"id":3549,"href":"https:\/\/terradecorart.com\/sr\/wp-json\/wp\/v2\/pages\/3539\/revisions\/3549"}],"wp:attachment":[{"href":"https:\/\/terradecorart.com\/sr\/wp-json\/wp\/v2\/media?parent=3539"}],"curies":[{"name":"wp","href":"https:\/\/api.w.org\/{rel}","templated":true}]}}