{"id":3533,"date":"2025-10-24T18:26:55","date_gmt":"2025-10-24T18:26:55","guid":{"rendered":"https:\/\/terradecorart.com\/kontaktirajte-nas"},"modified":"2025-12-10T09:22:05","modified_gmt":"2025-12-10T09:22:05","slug":"kontaktirajte-nas","status":"publish","type":"page","link":"https:\/\/terradecorart.com\/sr\/kontaktirajte-nas\/","title":{"rendered":"Kontaktirajte nas"},"content":{"rendered":"\t\t<div data-elementor-type=\"wp-page\" data-elementor-id=\"3533\" class=\"elementor elementor-3533 elementor-935\" data-elementor-post-type=\"page\">\n\t\t\t\t<div class=\"elementor-element elementor-element-510b21a e-flex e-con-boxed wpr-particle-no wpr-jarallax-no wpr-parallax-no wpr-sticky-section-no e-con e-parent\" data-id=\"510b21a\" data-element_type=\"container\" data-settings=\"{&quot;background_background&quot;:&quot;classic&quot;}\">\n\t\t\t\t\t<div class=\"e-con-inner\">\n\t\t<div class=\"elementor-element elementor-element-a1d87a0 e-con-full e-flex wpr-particle-no wpr-jarallax-no wpr-parallax-no wpr-sticky-section-no e-con e-child\" data-id=\"a1d87a0\" data-element_type=\"container\">\n\t\t\t\t<div class=\"elementor-element elementor-element-f7be9e0 elementor-widget elementor-widget-heading\" data-id=\"f7be9e0\" data-element_type=\"widget\" data-widget_type=\"heading.default\">\n\t\t\t\t\t<h2 class=\"elementor-heading-title elementor-size-default\">Kontaktirajte nas<\/h2>\t\t\t\t<\/div>\n\t\t\t\t<div class=\"elementor-element elementor-element-7a8fbf9 elementor-widget elementor-widget-text-editor\" data-id=\"7a8fbf9\" data-element_type=\"widget\" data-widget_type=\"text-editor.default\">\n\t\t\t\t\t\t\t\t\t<div class=\"split-text__line\">Terradecor tako\u0111e kreira <strong>dizajne po meri<\/strong>\u2014od slika i logoa do amblema i jedinstvenih motiva. Podelite svoju ideju, a mi \u0107emo<\/div><div class=\"split-text__line\">je o\u017eiveti u bilo kojoj veli\u010dini, boji ili teksturi koju zamislite.<\/div>\t\t\t\t\t\t\t\t<\/div>\n\t\t\t\t<\/div>\n\t\t\t\t\t<\/div>\n\t\t\t\t<\/div>\n\t\t<div class=\"elementor-element elementor-element-d59346b e-flex e-con-boxed wpr-particle-no wpr-jarallax-no wpr-parallax-no wpr-sticky-section-no e-con e-parent\" data-id=\"d59346b\" data-element_type=\"container\" data-settings=\"{&quot;background_background&quot;:&quot;classic&quot;}\">\n\t\t\t\t\t<div class=\"e-con-inner\">\n\t\t\t\t<div class=\"elementor-element elementor-element-08500e5 elementor-invisible elementor-widget elementor-widget-heading\" data-id=\"08500e5\" data-element_type=\"widget\" data-settings=\"{&quot;_animation&quot;:&quot;fadeInUp&quot;}\" data-widget_type=\"heading.default\">\n\t\t\t\t\t<h2 class=\"elementor-heading-title elementor-size-default\">Zajedno kreiramo<\/h2>\t\t\t\t<\/div>\n\t\t\t\t<div class=\"elementor-element elementor-element-dd89928 elementor-widget__width-initial elementor-invisible elementor-widget elementor-widget-heading\" data-id=\"dd89928\" data-element_type=\"widget\" data-settings=\"{&quot;_animation&quot;:&quot;fadeInUp&quot;}\" data-widget_type=\"heading.default\">\n\t\t\t\t\t<h2 class=\"elementor-heading-title elementor-size-default\">Tu smo za vas i ako imate bilo kakva\npitanja, nedoumice ili ideje, ne\noklevajte da nas kontaktirate<\/h2>\t\t\t\t<\/div>\n\t\t\t\t<div class=\"elementor-element elementor-element-4e69ec6 elementor-button-align-stretch elementor-widget elementor-widget-form\" data-id=\"4e69ec6\" data-element_type=\"widget\" data-settings=\"{&quot;step_next_label&quot;:&quot;Slede\\u0107e&quot;,&quot;step_previous_label&quot;:&quot;Prethodno&quot;,&quot;button_width&quot;:&quot;100&quot;,&quot;step_type&quot;:&quot;number_text&quot;,&quot;step_icon_shape&quot;:&quot;circle&quot;}\" data-widget_type=\"form.default\">\n\t\t\t\t\t\t\t<form class=\"elementor-form\" method=\"post\" name=\"Nova forma\" aria-label=\"Nova forma\">\n\t\t\t<input type=\"hidden\" name=\"post_id\" value=\"3533\"\/>\n\t\t\t<input type=\"hidden\" name=\"form_id\" value=\"4e69ec6\"\/>\n\t\t\t<input type=\"hidden\" name=\"referer_title\" value=\"Kontaktirajte nas | Terradecor\" \/>\n\n\t\t\t\t\t\t\t<input type=\"hidden\" name=\"queried_id\" value=\"3533\"\/>\n\t\t\t\n\t\t\t<div class=\"elementor-form-fields-wrapper elementor-labels-above\">\n\t\t\t\t\t\t\t\t<div class=\"elementor-field-type-text elementor-field-group elementor-column elementor-field-group-name elementor-col-100\">\n\t\t\t\t\t\t\t\t\t\t\t\t<label for=\"form-field-name\" class=\"elementor-field-label\">\n\t\t\t\t\t\t\t\tIme\t\t\t\t\t\t\t<\/label>\n\t\t\t\t\t\t\t\t\t\t\t\t\t\t<input size=\"1\" type=\"text\" name=\"form_fields[name]\" id=\"form-field-name\" class=\"elementor-field elementor-size-lg  elementor-field-textual\" placeholder=\"Ime\">\n\t\t\t\t\t\t\t\t\t\t\t<\/div>\n\t\t\t\t\t\t\t\t<div class=\"elementor-field-type-email elementor-field-group elementor-column elementor-field-group-email elementor-col-100 elementor-field-required\">\n\t\t\t\t\t\t\t\t\t\t\t\t<label for=\"form-field-email\" class=\"elementor-field-label\">\n\t\t\t\t\t\t\t\tEmail adresa\t\t\t\t\t\t\t<\/label>\n\t\t\t\t\t\t\t\t\t\t\t\t\t\t<input size=\"1\" type=\"email\" name=\"form_fields[email]\" id=\"form-field-email\" class=\"elementor-field elementor-size-lg  elementor-field-textual\" placeholder=\"Email adresa\" required=\"required\">\n\t\t\t\t\t\t\t\t\t\t\t<\/div>\n\t\t\t\t\t\t\t\t<div class=\"elementor-field-type-textarea elementor-field-group elementor-column elementor-field-group-message elementor-col-100\">\n\t\t\t\t\t\t\t\t\t\t\t\t<label for=\"form-field-message\" class=\"elementor-field-label\">\n\t\t\t\t\t\t\t\tVa\u0161a poruka\t\t\t\t\t\t\t<\/label>\n\t\t\t\t\t\t<textarea class=\"elementor-field-textual elementor-field  elementor-size-lg\" name=\"form_fields[message]\" id=\"form-field-message\" rows=\"4\" placeholder=\"Poruka\"><\/textarea>\t\t\t\t<\/div>\n\t\t\t\t\t\t\t\t<div class=\"elementor-field-type-upload elementor-field-group elementor-column elementor-field-group-field_ea49a8d elementor-col-100\">\n\t\t\t\t\t\t\t\t\t\t\t\t<label for=\"form-field-field_ea49a8d\" class=\"elementor-field-label\">\n\t\t\t\t\t\t\t\tOtpremite datoteku\t\t\t\t\t\t\t<\/label>\n\t\t\t\t\t\t\t\t<input type=\"file\" name=\"form_fields[field_ea49a8d]\" id=\"form-field-field_ea49a8d\" class=\"elementor-field elementor-size-lg  elementor-upload-field\">\n\n\t\t\t\t\t\t<\/div>\n\t\t\t\t\t\t\t\t<div class=\"elementor-field-group elementor-column elementor-field-type-submit elementor-col-100 e-form__buttons\">\n\t\t\t\t\t<button class=\"elementor-button elementor-size-lg\" type=\"submit\">\n\t\t\t\t\t\t<span class=\"elementor-button-content-wrapper\">\n\t\t\t\t\t\t\t\t\t\t\t\t\t\t\t\t\t\t\t\t\t\t<span class=\"elementor-button-text\">Po\u0161aljite<\/span>\n\t\t\t\t\t\t\t\t\t\t\t\t\t<\/span>\n\t\t\t\t\t<\/button>\n\t\t\t\t<\/div>\n\t\t\t<\/div>\n\t\t<\/form>\n\t\t\t\t\t\t<\/div>\n\t\t\t\t\t<\/div>\n\t\t\t\t<\/div>\n\t\t\t\t<\/div>\n\t\t","protected":false},"excerpt":{"rendered":"<p>Kontaktirajte nas Terradecor tako\u0111e kreira dizajne po meri\u2014od slika i logoa do amblema i jedinstvenih motiva. Podelite svoju ideju, a mi \u0107emoje o\u017eiveti u bilo kojoj veli\u010dini, boji ili teksturi koju zamislite. Zajedno kreiramo Tu smo za vas i ako imate bilo kakva pitanja, nedoumice ili ideje, ne oklevajte da nas kontaktirate<\/p>\n","protected":false},"author":2,"featured_media":0,"parent":0,"menu_order":0,"comment_status":"closed","ping_status":"closed","template":"elementor_header_footer","meta":{"_acf_changed":false,"footnotes":""},"class_list":["post-3533","page","type-page","status-publish","hentry"],"acf":[],"yoast_head":"<!-- This site is optimized with the Yoast SEO plugin v26.2 - https:\/\/yoast.com\/wordpress\/plugins\/seo\/ -->\n<title>Kontaktirajte nas | Terradecor<\/title>\n<meta name=\"robots\" content=\"index, follow, max-snippet:-1, max-image-preview:large, max-video-preview:-1\" \/>\n<link rel=\"canonical\" href=\"https:\/\/terradecorart.com\/sr\/kontaktirajte-nas\/\" \/>\n<meta property=\"og:locale\" content=\"sr_RS\" \/>\n<meta property=\"og:type\" content=\"article\" \/>\n<meta property=\"og:title\" content=\"Kontaktirajte nas | Terradecor\" \/>\n<meta property=\"og:description\" content=\"Kontaktirajte nas Terradecor tako\u0111e kreira dizajne po meri\u2014od slika i logoa do amblema i jedinstvenih motiva. Podelite svoju ideju, a mi \u0107emoje o\u017eiveti u bilo kojoj veli\u010dini, boji ili teksturi koju zamislite. Zajedno kreiramo Tu smo za vas i ako imate bilo kakva pitanja, nedoumice ili ideje, ne oklevajte da nas kontaktirate\" \/>\n<meta property=\"og:url\" content=\"https:\/\/terradecorart.com\/sr\/kontaktirajte-nas\/\" \/>\n<meta property=\"og:site_name\" content=\"Terradecor\" \/>\n<meta property=\"article:modified_time\" content=\"2025-12-10T09:22:05+00:00\" \/>\n<meta property=\"og:image\" content=\"https:\/\/terradecorart.com\/wp-content\/uploads\/2025\/10\/Screenshot-2025-10-24-003550-1.png\" \/>\n\t<meta property=\"og:image:width\" content=\"925\" \/>\n\t<meta property=\"og:image:height\" content=\"162\" \/>\n\t<meta property=\"og:image:type\" content=\"image\/png\" \/>\n<meta name=\"twitter:card\" content=\"summary_large_image\" \/>\n<script type=\"application\/ld+json\" class=\"yoast-schema-graph\">{\"@context\":\"https:\/\/schema.org\",\"@graph\":[{\"@type\":\"WebPage\",\"@id\":\"https:\/\/terradecorart.com\/sr\/kontaktirajte-nas\/\",\"url\":\"https:\/\/terradecorart.com\/sr\/kontaktirajte-nas\/\",\"name\":\"Kontaktirajte nas | Terradecor\",\"isPartOf\":{\"@id\":\"https:\/\/terradecorart.com\/sr\/#website\"},\"datePublished\":\"2025-10-24T18:26:55+00:00\",\"dateModified\":\"2025-12-10T09:22:05+00:00\",\"breadcrumb\":{\"@id\":\"https:\/\/terradecorart.com\/sr\/kontaktirajte-nas\/#breadcrumb\"},\"inLanguage\":\"sr-RS\",\"potentialAction\":[{\"@type\":\"ReadAction\",\"target\":[\"https:\/\/terradecorart.com\/sr\/kontaktirajte-nas\/\"]}]},{\"@type\":\"BreadcrumbList\",\"@id\":\"https:\/\/terradecorart.com\/sr\/kontaktirajte-nas\/#breadcrumb\",\"itemListElement\":[{\"@type\":\"ListItem\",\"position\":1,\"name\":\"Home\",\"item\":\"https:\/\/terradecorart.com\/sr\/\"},{\"@type\":\"ListItem\",\"position\":2,\"name\":\"Kontaktirajte nas\"}]},{\"@type\":\"WebSite\",\"@id\":\"https:\/\/terradecorart.com\/sr\/#website\",\"url\":\"https:\/\/terradecorart.com\/sr\/\",\"name\":\"Terradecor\",\"description\":\"Take your interior design\\u2028to the next level of style We are Terradecor, a Serbian company with 15 years of experience in creating decorative materials that look like natural stone.\",\"publisher\":{\"@id\":\"https:\/\/terradecorart.com\/sr\/#organization\"},\"potentialAction\":[{\"@type\":\"SearchAction\",\"target\":{\"@type\":\"EntryPoint\",\"urlTemplate\":\"https:\/\/terradecorart.com\/sr\/?s={search_term_string}\"},\"query-input\":{\"@type\":\"PropertyValueSpecification\",\"valueRequired\":true,\"valueName\":\"search_term_string\"}}],\"inLanguage\":\"sr-RS\"},{\"@type\":\"Organization\",\"@id\":\"https:\/\/terradecorart.com\/sr\/#organization\",\"name\":\"Terradecor\",\"url\":\"https:\/\/terradecorart.com\/sr\/\",\"logo\":{\"@type\":\"ImageObject\",\"inLanguage\":\"sr-RS\",\"@id\":\"https:\/\/terradecorart.com\/sr\/#\/schema\/logo\/image\/\",\"url\":\"https:\/\/terradecorart.com\/wp-content\/uploads\/2026\/01\/Terra-sajt-logo.png\",\"contentUrl\":\"https:\/\/terradecorart.com\/wp-content\/uploads\/2026\/01\/Terra-sajt-logo.png\",\"width\":781,\"height\":188,\"caption\":\"Terradecor\"},\"image\":{\"@id\":\"https:\/\/terradecorart.com\/sr\/#\/schema\/logo\/image\/\"}}]}<\/script>\n<!-- \/ Yoast SEO plugin. -->","yoast_head_json":{"title":"Kontaktirajte nas | Terradecor","robots":{"index":"index","follow":"follow","max-snippet":"max-snippet:-1","max-image-preview":"max-image-preview:large","max-video-preview":"max-video-preview:-1"},"canonical":"https:\/\/terradecorart.com\/sr\/kontaktirajte-nas\/","og_locale":"sr_RS","og_type":"article","og_title":"Kontaktirajte nas | Terradecor","og_description":"Kontaktirajte nas Terradecor tako\u0111e kreira dizajne po meri\u2014od slika i logoa do amblema i jedinstvenih motiva. Podelite svoju ideju, a mi \u0107emoje o\u017eiveti u bilo kojoj veli\u010dini, boji ili teksturi koju zamislite. Zajedno kreiramo Tu smo za vas i ako imate bilo kakva pitanja, nedoumice ili ideje, ne oklevajte da nas kontaktirate","og_url":"https:\/\/terradecorart.com\/sr\/kontaktirajte-nas\/","og_site_name":"Terradecor","article_modified_time":"2025-12-10T09:22:05+00:00","og_image":[{"width":925,"height":162,"url":"https:\/\/terradecorart.com\/wp-content\/uploads\/2025\/10\/Screenshot-2025-10-24-003550-1.png","type":"image\/png"}],"twitter_card":"summary_large_image","schema":{"@context":"https:\/\/schema.org","@graph":[{"@type":"WebPage","@id":"https:\/\/terradecorart.com\/sr\/kontaktirajte-nas\/","url":"https:\/\/terradecorart.com\/sr\/kontaktirajte-nas\/","name":"Kontaktirajte nas | Terradecor","isPartOf":{"@id":"https:\/\/terradecorart.com\/sr\/#website"},"datePublished":"2025-10-24T18:26:55+00:00","dateModified":"2025-12-10T09:22:05+00:00","breadcrumb":{"@id":"https:\/\/terradecorart.com\/sr\/kontaktirajte-nas\/#breadcrumb"},"inLanguage":"sr-RS","potentialAction":[{"@type":"ReadAction","target":["https:\/\/terradecorart.com\/sr\/kontaktirajte-nas\/"]}]},{"@type":"BreadcrumbList","@id":"https:\/\/terradecorart.com\/sr\/kontaktirajte-nas\/#breadcrumb","itemListElement":[{"@type":"ListItem","position":1,"name":"Home","item":"https:\/\/terradecorart.com\/sr\/"},{"@type":"ListItem","position":2,"name":"Kontaktirajte nas"}]},{"@type":"WebSite","@id":"https:\/\/terradecorart.com\/sr\/#website","url":"https:\/\/terradecorart.com\/sr\/","name":"Terradecor","description":"Take your interior design\u2028to the next level of style We are Terradecor, a Serbian company with 15 years of experience in creating decorative materials that look like natural stone.","publisher":{"@id":"https:\/\/terradecorart.com\/sr\/#organization"},"potentialAction":[{"@type":"SearchAction","target":{"@type":"EntryPoint","urlTemplate":"https:\/\/terradecorart.com\/sr\/?s={search_term_string}"},"query-input":{"@type":"PropertyValueSpecification","valueRequired":true,"valueName":"search_term_string"}}],"inLanguage":"sr-RS"},{"@type":"Organization","@id":"https:\/\/terradecorart.com\/sr\/#organization","name":"Terradecor","url":"https:\/\/terradecorart.com\/sr\/","logo":{"@type":"ImageObject","inLanguage":"sr-RS","@id":"https:\/\/terradecorart.com\/sr\/#\/schema\/logo\/image\/","url":"https:\/\/terradecorart.com\/wp-content\/uploads\/2026\/01\/Terra-sajt-logo.png","contentUrl":"https:\/\/terradecorart.com\/wp-content\/uploads\/2026\/01\/Terra-sajt-logo.png","width":781,"height":188,"caption":"Terradecor"},"image":{"@id":"https:\/\/terradecorart.com\/sr\/#\/schema\/logo\/image\/"}}]}},"_hostinger_reach_plugin_has_subscription_block":false,"_hostinger_reach_plugin_is_elementor":false,"_links":{"self":[{"href":"https:\/\/terradecorart.com\/sr\/wp-json\/wp\/v2\/pages\/3533","targetHints":{"allow":["GET"]}}],"collection":[{"href":"https:\/\/terradecorart.com\/sr\/wp-json\/wp\/v2\/pages"}],"about":[{"href":"https:\/\/terradecorart.com\/sr\/wp-json\/wp\/v2\/types\/page"}],"author":[{"embeddable":true,"href":"https:\/\/terradecorart.com\/sr\/wp-json\/wp\/v2\/users\/2"}],"replies":[{"embeddable":true,"href":"https:\/\/terradecorart.com\/sr\/wp-json\/wp\/v2\/comments?post=3533"}],"version-history":[{"count":3,"href":"https:\/\/terradecorart.com\/sr\/wp-json\/wp\/v2\/pages\/3533\/revisions"}],"predecessor-version":[{"id":4015,"href":"https:\/\/terradecorart.com\/sr\/wp-json\/wp\/v2\/pages\/3533\/revisions\/4015"}],"wp:attachment":[{"href":"https:\/\/terradecorart.com\/sr\/wp-json\/wp\/v2\/media?parent=3533"}],"curies":[{"name":"wp","href":"https:\/\/api.w.org\/{rel}","templated":true}]}}