{"id":3495,"date":"2025-10-23T14:58:40","date_gmt":"2025-10-23T14:58:40","guid":{"rendered":"https:\/\/terradecorart.com\/%d0%bf%d0%be%d1%87%d0%b5%d1%82%d0%bd%d0%b0"},"modified":"2026-04-21T06:45:51","modified_gmt":"2026-04-21T06:45:51","slug":"%d0%bf%d0%be%d1%87%d0%b5%d1%82%d0%bd%d0%b0","status":"publish","type":"page","link":"https:\/\/terradecorart.com\/sr\/","title":{"rendered":"Premium dizajn enterijera i eksterijera | Terradecor"},"content":{"rendered":"\t\t<div data-elementor-type=\"wp-page\" data-elementor-id=\"3495\" class=\"elementor elementor-3495 elementor-9\" data-elementor-post-type=\"page\">\n\t\t\t\t<div class=\"elementor-element elementor-element-089633e e-flex e-con-boxed wpr-particle-no wpr-jarallax-no wpr-parallax-no wpr-sticky-section-no wpr-equal-height-no e-con e-parent\" data-id=\"089633e\" data-element_type=\"container\" data-e-type=\"container\" data-settings=\"{&quot;background_background&quot;:&quot;classic&quot;}\">\n\t\t\t\t\t<div class=\"e-con-inner\">\n\t\t<div class=\"elementor-element elementor-element-7df8025 e-con-full e-flex wpr-particle-no wpr-jarallax-no wpr-parallax-no wpr-sticky-section-no wpr-equal-height-no e-con e-child\" data-id=\"7df8025\" data-element_type=\"container\" data-e-type=\"container\">\n\t\t<div class=\"elementor-element elementor-element-c7a41c3 e-con-full e-flex wpr-particle-no wpr-jarallax-no wpr-parallax-no wpr-sticky-section-no wpr-equal-height-no e-con e-child\" data-id=\"c7a41c3\" data-element_type=\"container\" data-e-type=\"container\">\n\t\t\t\t<div class=\"elementor-element elementor-element-e8459e4 elementor-widget__width-initial elementor-widget-mobile__width-initial elementor-widget elementor-widget-heading\" data-id=\"e8459e4\" data-element_type=\"widget\" data-e-type=\"widget\" data-widget_type=\"heading.default\">\n\t\t\t\t\t<h2 class=\"elementor-heading-title elementor-size-default\">Lider u imitaciji prirode<\/h2>\t\t\t\t<\/div>\n\t\t\t\t<div class=\"elementor-element elementor-element-33a5a6d elementor-widget elementor-widget-heading\" data-id=\"33a5a6d\" data-element_type=\"widget\" data-e-type=\"widget\" data-widget_type=\"heading.default\">\n\t\t\t\t\t<h1 class=\"elementor-heading-title elementor-size-default\">TERRADECOR<\/h1>\t\t\t\t<\/div>\n\t\t\t\t<\/div>\n\t\t<div class=\"elementor-element elementor-element-fb1b2a1 e-con-full e-flex wpr-particle-no wpr-jarallax-no wpr-parallax-no wpr-sticky-section-no wpr-equal-height-no e-con e-child\" data-id=\"fb1b2a1\" data-element_type=\"container\" data-e-type=\"container\">\n\t\t\t\t<div class=\"elementor-element elementor-element-5b05c75 elementor-widget__width-initial elementor-widget elementor-widget-heading\" data-id=\"5b05c75\" data-element_type=\"widget\" data-e-type=\"widget\" data-widget_type=\"heading.default\">\n\t\t\t\t\t<h2 class=\"elementor-heading-title elementor-size-default\">Premium dizajn enterijera i eksterijera<\/h2>\t\t\t\t<\/div>\n\t\t\t\t<\/div>\n\t\t<div class=\"elementor-element elementor-element-fe5c9ce e-con-full e-flex wpr-particle-no wpr-jarallax-no wpr-parallax-no wpr-sticky-section-no wpr-equal-height-no e-con e-child\" data-id=\"fe5c9ce\" data-element_type=\"container\" data-e-type=\"container\">\n\t\t\t\t<div class=\"elementor-element elementor-element-41d8a49 elementor-widget elementor-widget-button\" data-id=\"41d8a49\" data-element_type=\"widget\" data-e-type=\"widget\" data-widget_type=\"button.default\">\n\t\t\t\t\t\t\t\t\t\t<a class=\"elementor-button elementor-button-link elementor-size-sm\" href=\"https:\/\/terradecorart.com\/sr\/kontaktirajte-nas\/\">\n\t\t\t\t\t\t<span class=\"elementor-button-content-wrapper\">\n\t\t\t\t\t\t\t\t\t<span class=\"elementor-button-text\">Kontaktirajte nas<\/span>\n\t\t\t\t\t<\/span>\n\t\t\t\t\t<\/a>\n\t\t\t\t\t\t\t\t<\/div>\n\t\t\t\t<\/div>\n\t\t\t\t<\/div>\n\t\t\t\t\t<\/div>\n\t\t\t\t<\/div>\n\t\t<div class=\"elementor-element elementor-element-07b2494 e-con-full e-flex wpr-particle-no wpr-jarallax-no wpr-parallax-no wpr-sticky-section-no wpr-equal-height-no e-con e-parent\" data-id=\"07b2494\" data-element_type=\"container\" data-e-type=\"container\">\n\t\t\t\t<div class=\"elementor-element elementor-element-bb64e6d elementor-widget__width-initial elementor-invisible elementor-widget elementor-widget-heading\" data-id=\"bb64e6d\" data-element_type=\"widget\" data-e-type=\"widget\" data-settings=\"{&quot;_animation&quot;:&quot;zoomIn&quot;}\" data-widget_type=\"heading.default\">\n\t\t\t\t\t<h2 class=\"elementor-heading-title elementor-size-default\">Dizajnirate li svoj enterijer ili eksterijer? Izaberite \u017eeljenu kategoriju ispod. <\/h2>\t\t\t\t<\/div>\n\t\t<div class=\"elementor-element elementor-element-4f02bb0 e-flex e-con-boxed wpr-particle-no wpr-jarallax-no wpr-parallax-no wpr-sticky-section-no wpr-equal-height-no e-con e-child\" data-id=\"4f02bb0\" data-element_type=\"container\" data-e-type=\"container\">\n\t\t\t\t\t<div class=\"e-con-inner\">\n\t\t\t\t<div class=\"elementor-element elementor-element-b54b367 premium-woo-cats__even elementor-widget__width-initial premium-woo-cats__content-below premium-woo-cats__img-zoomin elementor-widget elementor-widget-premium-woo-categories\" data-id=\"b54b367\" data-element_type=\"widget\" data-e-type=\"widget\" data-settings=\"{&quot;layout&quot;:&quot;even&quot;,&quot;columns&quot;:&quot;100%&quot;,&quot;columns_tablet&quot;:&quot;100%&quot;,&quot;columns_mobile&quot;:&quot;100%&quot;}\" data-widget_type=\"premium-woo-categories.default\">\n\t\t\t\t<div class=\"elementor-widget-container\">\n\t\t\t\t\t\n\t\t<div class=\"premium-woo-cats__container\">\n\n\t\t\t<div class=\"premium-woo-cats__list-wrap\">\n\n\t\t\t\t<ul class=\"products columns-\">\n<li class=\"product-category product first\">\n\t<a href=\"https:\/\/terradecorart.com\/sr\/c\/enterijer\/\" target=\"_self\"><div class=\"premium-woo-cats__category\"><div class=\"premium-woo-cats__img-wrap\"><img fetchpriority=\"high\" decoding=\"async\" width=\"1672\" height=\"941\" src=\"https:\/\/terradecorart.com\/wp-content\/uploads\/2026\/04\/interior-home.webp\" class=\"attachment-full size-full wp-image-6459\" alt=\"\" srcset=\"https:\/\/terradecorart.com\/wp-content\/uploads\/2026\/04\/interior-home.webp 1672w, https:\/\/terradecorart.com\/wp-content\/uploads\/2026\/04\/interior-home-300x169.webp 300w, https:\/\/terradecorart.com\/wp-content\/uploads\/2026\/04\/interior-home-1024x576.webp 1024w, https:\/\/terradecorart.com\/wp-content\/uploads\/2026\/04\/interior-home-768x432.webp 768w, https:\/\/terradecorart.com\/wp-content\/uploads\/2026\/04\/interior-home-1536x864.webp 1536w, https:\/\/terradecorart.com\/wp-content\/uploads\/2026\/04\/interior-home-600x338.webp 600w\" sizes=\"(max-width: 1672px) 100vw, 1672px\" \/><div class=\"premium-woo-cats__img-overlay\"><\/div><\/div>\t\t\t<div class=\"premium-woo-cats__content-wrap\">\n\t\t\t\t<h3 class=\"woocommerce-loop-category__title\">\n\t\t\t\t\t<span>Enterijer<\/span>\n\t\t\t\t\t\t\t\t\t<\/h3>\n\n\t\t\t\t\n\t\t\t\t\n\t\t\t<\/div>\n\t\t<\/div><\/a><\/li>\n<\/ul>\n\n\t\t\t<\/div>\n\n\t\t<\/div>\n\n\t\t\t\t\t\t<\/div>\n\t\t\t\t<\/div>\n\t\t\t\t<div class=\"elementor-element elementor-element-695bead premium-woo-cats__even elementor-widget__width-initial premium-woo-cats__content-below premium-woo-cats__img-zoomin elementor-widget elementor-widget-premium-woo-categories\" data-id=\"695bead\" data-element_type=\"widget\" data-e-type=\"widget\" data-settings=\"{&quot;layout&quot;:&quot;even&quot;,&quot;columns&quot;:&quot;100%&quot;,&quot;columns_tablet&quot;:&quot;100%&quot;,&quot;columns_mobile&quot;:&quot;100%&quot;}\" data-widget_type=\"premium-woo-categories.default\">\n\t\t\t\t<div class=\"elementor-widget-container\">\n\t\t\t\t\t\n\t\t<div class=\"premium-woo-cats__container\">\n\n\t\t\t<div class=\"premium-woo-cats__list-wrap\">\n\n\t\t\t\t<ul class=\"products columns-\">\n<li class=\"product-category product first\">\n\t<a href=\"https:\/\/terradecorart.com\/sr\/c\/eksterijer\/\" target=\"_self\"><div class=\"premium-woo-cats__category\"><div class=\"premium-woo-cats__img-wrap\"><img decoding=\"async\" width=\"1672\" height=\"941\" src=\"https:\/\/terradecorart.com\/wp-content\/uploads\/2026\/04\/exterior-home.webp\" class=\"attachment-full size-full wp-image-6458\" alt=\"\" srcset=\"https:\/\/terradecorart.com\/wp-content\/uploads\/2026\/04\/exterior-home.webp 1672w, https:\/\/terradecorart.com\/wp-content\/uploads\/2026\/04\/exterior-home-300x169.webp 300w, https:\/\/terradecorart.com\/wp-content\/uploads\/2026\/04\/exterior-home-1024x576.webp 1024w, https:\/\/terradecorart.com\/wp-content\/uploads\/2026\/04\/exterior-home-768x432.webp 768w, https:\/\/terradecorart.com\/wp-content\/uploads\/2026\/04\/exterior-home-1536x864.webp 1536w, https:\/\/terradecorart.com\/wp-content\/uploads\/2026\/04\/exterior-home-600x338.webp 600w\" sizes=\"(max-width: 1672px) 100vw, 1672px\" \/><div class=\"premium-woo-cats__img-overlay\"><\/div><\/div>\t\t\t<div class=\"premium-woo-cats__content-wrap\">\n\t\t\t\t<h3 class=\"woocommerce-loop-category__title\">\n\t\t\t\t\t<span>Eksterijer<\/span>\n\t\t\t\t\t\t\t\t\t<\/h3>\n\n\t\t\t\t\n\t\t\t\t\n\t\t\t<\/div>\n\t\t<\/div><\/a><\/li>\n<\/ul>\n\n\t\t\t<\/div>\n\n\t\t<\/div>\n\n\t\t\t\t\t\t<\/div>\n\t\t\t\t<\/div>\n\t\t\t\t\t<\/div>\n\t\t\t\t<\/div>\n\t\t\t\t<\/div>\n\t\t<div class=\"elementor-element elementor-element-b1d83af e-flex e-con-boxed wpr-particle-no wpr-jarallax-no wpr-parallax-no wpr-sticky-section-no wpr-equal-height-no e-con e-parent\" data-id=\"b1d83af\" data-element_type=\"container\" data-e-type=\"container\" data-settings=\"{&quot;background_background&quot;:&quot;classic&quot;}\">\n\t\t\t\t\t<div class=\"e-con-inner\">\n\t\t\t\t<div class=\"elementor-element elementor-element-807139c elementor-invisible elementor-widget elementor-widget-heading\" data-id=\"807139c\" data-element_type=\"widget\" data-e-type=\"widget\" data-settings=\"{&quot;_animation&quot;:&quot;zoomIn&quot;,&quot;_animation_mobile&quot;:&quot;none&quot;}\" data-widget_type=\"heading.default\">\n\t\t\t\t\t<h2 class=\"elementor-heading-title elementor-size-default\">Va\u0161e umetni\u010dko delo po meri<\/h2>\t\t\t\t<\/div>\n\t\t\t\t<div class=\"elementor-element elementor-element-b47da10 elementor-invisible elementor-widget elementor-widget-text-editor\" data-id=\"b47da10\" data-element_type=\"widget\" data-e-type=\"widget\" data-settings=\"{&quot;_animation&quot;:&quot;zoomIn&quot;,&quot;_animation_mobile&quot;:&quot;none&quot;}\" data-widget_type=\"text-editor.default\">\n\t\t\t\t\t\t\t\t\t<p>Podelite sliku svoje ideje, a mi \u0107emo je pretvoriti u umetni\u010dko delo po meri &#8211; napravljeno samo za vas.<\/p>\t\t\t\t\t\t\t\t<\/div>\n\t\t\t\t\t<\/div>\n\t\t\t\t<\/div>\n\t\t<div class=\"elementor-element elementor-element-27adc92 e-flex e-con-boxed wpr-particle-no wpr-jarallax-no wpr-parallax-no wpr-sticky-section-no wpr-equal-height-no e-con e-parent\" data-id=\"27adc92\" data-element_type=\"container\" data-e-type=\"container\">\n\t\t\t\t\t<div class=\"e-con-inner\">\n\t\t\t\t<div class=\"elementor-element elementor-element-dc33344 elementor-view-default elementor-widget elementor-widget-icon\" data-id=\"dc33344\" data-element_type=\"widget\" data-e-type=\"widget\" data-widget_type=\"icon.default\">\n\t\t\t\t\t\t\t<div class=\"elementor-icon-wrapper\">\n\t\t\t<div class=\"elementor-icon\">\n\t\t\t<svg aria-hidden=\"true\" class=\"e-font-icon-svg e-fas-star\" viewBox=\"0 0 576 512\" xmlns=\"http:\/\/www.w3.org\/2000\/svg\"><path d=\"M259.3 17.8L194 150.2 47.9 171.5c-26.2 3.8-36.7 36.1-17.7 54.6l105.7 103-25 145.5c-4.5 26.3 23.2 46 46.4 33.7L288 439.6l130.7 68.7c23.2 12.2 50.9-7.4 46.4-33.7l-25-145.5 105.7-103c19-18.5 8.5-50.8-17.7-54.6L382 150.2 316.7 17.8c-11.7-23.6-45.6-23.9-57.4 0z\"><\/path><\/svg>\t\t\t<\/div>\n\t\t<\/div>\n\t\t\t\t\t\t<\/div>\n\t\t\t\t\t<\/div>\n\t\t\t\t<\/div>\n\t\t\t\t<\/div>\n\t\t","protected":false},"excerpt":{"rendered":"<p>Lider u imitaciji prirode TERRADECOR Premium dizajn enterijera i eksterijera Kontaktirajte nas Dizajnirate li svoj enterijer ili eksterijer? Izaberite \u017eeljenu kategoriju ispod. Enterijer Eksterijer Va\u0161e umetni\u010dko delo po meri Podelite sliku svoje ideje, a mi \u0107emo je pretvoriti u umetni\u010dko delo po meri &#8211; napravljeno samo za vas.<\/p>\n","protected":false},"author":3,"featured_media":0,"parent":0,"menu_order":0,"comment_status":"closed","ping_status":"closed","template":"","meta":{"_acf_changed":false,"footnotes":""},"class_list":["post-3495","page","type-page","status-publish","hentry"],"acf":[],"yoast_head":"<!-- This site is optimized with the Yoast SEO plugin v27.4 - https:\/\/yoast.com\/product\/yoast-seo-wordpress\/ -->\n<title>Vrhunski dizajn enterijera i eksterijera | Terradecor<\/title>\n<meta name=\"description\" content=\"Najrealisti\u010dniji dizajni inspirisani prirodom na svetu, kreirani za va\u0161e unutra\u0161nje i spolja\u0161nje prostore. Jednostavna instalacija.\" \/>\n<meta name=\"robots\" content=\"index, follow, max-snippet:-1, max-image-preview:large, max-video-preview:-1\" \/>\n<link rel=\"canonical\" href=\"https:\/\/terradecorart.com\/sr\/\" \/>\n<meta property=\"og:locale\" content=\"sr_RS\" \/>\n<meta property=\"og:type\" content=\"article\" \/>\n<meta property=\"og:title\" content=\"Vrhunski dizajn enterijera i eksterijera | Terradecor\" \/>\n<meta property=\"og:description\" content=\"Najrealisti\u010dniji dizajni inspirisani prirodom na svetu, kreirani za va\u0161e unutra\u0161nje i spolja\u0161nje prostore. Jednostavna instalacija.\" \/>\n<meta property=\"og:url\" content=\"https:\/\/terradecorart.com\/sr\/\" \/>\n<meta property=\"og:site_name\" content=\"Terradecor\" \/>\n<meta property=\"article:modified_time\" content=\"2026-04-21T06:45:51+00:00\" \/>\n<meta property=\"og:image\" content=\"https:\/\/terradecorart.com\/wp-content\/uploads\/2025\/12\/black-rock-birch-tv-wall.webp\" \/>\n\t<meta property=\"og:image:width\" content=\"1240\" \/>\n\t<meta property=\"og:image:height\" content=\"695\" \/>\n\t<meta property=\"og:image:type\" content=\"image\/webp\" \/>\n<meta name=\"twitter:card\" content=\"summary_large_image\" \/>\n<meta name=\"twitter:label1\" content=\"\u041f\u0440\u043e\u0446\u0435\u045a\u0435\u043d\u043e \u0432\u0440\u0435\u043c\u0435 \u0447\u0438\u0442\u0430\u045a\u0430\" \/>\n\t<meta name=\"twitter:data1\" content=\"1 \u043c\u0438\u043d\u0443\u0442\" \/>\n<script type=\"application\/ld+json\" class=\"yoast-schema-graph\">{\"@context\":\"https:\\\/\\\/schema.org\",\"@graph\":[{\"@type\":\"WebPage\",\"@id\":\"https:\\\/\\\/terradecorart.com\\\/sr\\\/\",\"url\":\"https:\\\/\\\/terradecorart.com\\\/sr\\\/\",\"name\":\"Vrhunski dizajn enterijera i eksterijera | Terradecor\",\"isPartOf\":{\"@id\":\"https:\\\/\\\/terradecorart.com\\\/sr\\\/#website\"},\"primaryImageOfPage\":{\"@id\":\"https:\\\/\\\/terradecorart.com\\\/sr\\\/#primaryimage\"},\"image\":{\"@id\":\"https:\\\/\\\/terradecorart.com\\\/sr\\\/#primaryimage\"},\"thumbnailUrl\":\"https:\\\/\\\/terradecorart.com\\\/wp-content\\\/uploads\\\/2025\\\/12\\\/black-rock-birch-tv-wall.webp\",\"datePublished\":\"2025-10-23T14:58:40+00:00\",\"dateModified\":\"2026-04-21T06:45:51+00:00\",\"description\":\"Najrealisti\u010dniji dizajni inspirisani prirodom na svetu, kreirani za va\u0161e unutra\u0161nje i spolja\u0161nje prostore. Jednostavna instalacija.\",\"breadcrumb\":{\"@id\":\"https:\\\/\\\/terradecorart.com\\\/sr\\\/#breadcrumb\"},\"inLanguage\":\"sr-RS\",\"potentialAction\":[{\"@type\":\"ReadAction\",\"target\":[\"https:\\\/\\\/terradecorart.com\\\/sr\\\/\"]}]},{\"@type\":\"ImageObject\",\"inLanguage\":\"sr-RS\",\"@id\":\"https:\\\/\\\/terradecorart.com\\\/sr\\\/#primaryimage\",\"url\":\"https:\\\/\\\/terradecorart.com\\\/wp-content\\\/uploads\\\/2025\\\/12\\\/black-rock-birch-tv-wall.webp\",\"contentUrl\":\"https:\\\/\\\/terradecorart.com\\\/wp-content\\\/uploads\\\/2025\\\/12\\\/black-rock-birch-tv-wall.webp\"},{\"@type\":\"BreadcrumbList\",\"@id\":\"https:\\\/\\\/terradecorart.com\\\/sr\\\/#breadcrumb\",\"itemListElement\":[{\"@type\":\"ListItem\",\"position\":1,\"name\":\"Home\",\"item\":\"https:\\\/\\\/terradecorart.com\\\/sr\\\/\"},{\"@type\":\"ListItem\",\"position\":2,\"name\":\"Premium dizajn enterijera i eksterijera | Terradecor\"}]},{\"@type\":\"WebSite\",\"@id\":\"https:\\\/\\\/terradecorart.com\\\/sr\\\/#website\",\"url\":\"https:\\\/\\\/terradecorart.com\\\/sr\\\/\",\"name\":\"Terradecor\",\"description\":\"Take your interior design\\u2028to the next level of style We are Terradecor, a Serbian company with 15 years of experience in creating decorative materials that look like natural stone.\",\"publisher\":{\"@id\":\"https:\\\/\\\/terradecorart.com\\\/sr\\\/#organization\"},\"potentialAction\":[{\"@type\":\"SearchAction\",\"target\":{\"@type\":\"EntryPoint\",\"urlTemplate\":\"https:\\\/\\\/terradecorart.com\\\/sr\\\/?s={search_term_string}\"},\"query-input\":{\"@type\":\"PropertyValueSpecification\",\"valueRequired\":true,\"valueName\":\"search_term_string\"}}],\"inLanguage\":\"sr-RS\"},{\"@type\":\"Organization\",\"@id\":\"https:\\\/\\\/terradecorart.com\\\/sr\\\/#organization\",\"name\":\"Terradecor\",\"url\":\"https:\\\/\\\/terradecorart.com\\\/sr\\\/\",\"logo\":{\"@type\":\"ImageObject\",\"inLanguage\":\"sr-RS\",\"@id\":\"https:\\\/\\\/terradecorart.com\\\/sr\\\/#\\\/schema\\\/logo\\\/image\\\/\",\"url\":\"https:\\\/\\\/terradecorart.com\\\/wp-content\\\/uploads\\\/2026\\\/01\\\/Terra-sajt-logo.png\",\"contentUrl\":\"https:\\\/\\\/terradecorart.com\\\/wp-content\\\/uploads\\\/2026\\\/01\\\/Terra-sajt-logo.png\",\"width\":781,\"height\":188,\"caption\":\"Terradecor\"},\"image\":{\"@id\":\"https:\\\/\\\/terradecorart.com\\\/sr\\\/#\\\/schema\\\/logo\\\/image\\\/\"}}]}<\/script>\n<!-- \/ Yoast SEO plugin. -->","yoast_head_json":{"title":"Vrhunski dizajn enterijera i eksterijera | Terradecor","description":"Najrealisti\u010dniji dizajni inspirisani prirodom na svetu, kreirani za va\u0161e unutra\u0161nje i spolja\u0161nje prostore. Jednostavna instalacija.","robots":{"index":"index","follow":"follow","max-snippet":"max-snippet:-1","max-image-preview":"max-image-preview:large","max-video-preview":"max-video-preview:-1"},"canonical":"https:\/\/terradecorart.com\/sr\/","og_locale":"sr_RS","og_type":"article","og_title":"Vrhunski dizajn enterijera i eksterijera | Terradecor","og_description":"Najrealisti\u010dniji dizajni inspirisani prirodom na svetu, kreirani za va\u0161e unutra\u0161nje i spolja\u0161nje prostore. Jednostavna instalacija.","og_url":"https:\/\/terradecorart.com\/sr\/","og_site_name":"Terradecor","article_modified_time":"2026-04-21T06:45:51+00:00","og_image":[{"width":1240,"height":695,"url":"https:\/\/terradecorart.com\/wp-content\/uploads\/2025\/12\/black-rock-birch-tv-wall.webp","type":"image\/webp"}],"twitter_card":"summary_large_image","twitter_misc":{"\u041f\u0440\u043e\u0446\u0435\u045a\u0435\u043d\u043e \u0432\u0440\u0435\u043c\u0435 \u0447\u0438\u0442\u0430\u045a\u0430":"1 \u043c\u0438\u043d\u0443\u0442"},"schema":{"@context":"https:\/\/schema.org","@graph":[{"@type":"WebPage","@id":"https:\/\/terradecorart.com\/sr\/","url":"https:\/\/terradecorart.com\/sr\/","name":"Vrhunski dizajn enterijera i eksterijera | Terradecor","isPartOf":{"@id":"https:\/\/terradecorart.com\/sr\/#website"},"primaryImageOfPage":{"@id":"https:\/\/terradecorart.com\/sr\/#primaryimage"},"image":{"@id":"https:\/\/terradecorart.com\/sr\/#primaryimage"},"thumbnailUrl":"https:\/\/terradecorart.com\/wp-content\/uploads\/2025\/12\/black-rock-birch-tv-wall.webp","datePublished":"2025-10-23T14:58:40+00:00","dateModified":"2026-04-21T06:45:51+00:00","description":"Najrealisti\u010dniji dizajni inspirisani prirodom na svetu, kreirani za va\u0161e unutra\u0161nje i spolja\u0161nje prostore. Jednostavna instalacija.","breadcrumb":{"@id":"https:\/\/terradecorart.com\/sr\/#breadcrumb"},"inLanguage":"sr-RS","potentialAction":[{"@type":"ReadAction","target":["https:\/\/terradecorart.com\/sr\/"]}]},{"@type":"ImageObject","inLanguage":"sr-RS","@id":"https:\/\/terradecorart.com\/sr\/#primaryimage","url":"https:\/\/terradecorart.com\/wp-content\/uploads\/2025\/12\/black-rock-birch-tv-wall.webp","contentUrl":"https:\/\/terradecorart.com\/wp-content\/uploads\/2025\/12\/black-rock-birch-tv-wall.webp"},{"@type":"BreadcrumbList","@id":"https:\/\/terradecorart.com\/sr\/#breadcrumb","itemListElement":[{"@type":"ListItem","position":1,"name":"Home","item":"https:\/\/terradecorart.com\/sr\/"},{"@type":"ListItem","position":2,"name":"Premium dizajn enterijera i eksterijera | Terradecor"}]},{"@type":"WebSite","@id":"https:\/\/terradecorart.com\/sr\/#website","url":"https:\/\/terradecorart.com\/sr\/","name":"Terradecor","description":"Take your interior design\u2028to the next level of style We are Terradecor, a Serbian company with 15 years of experience in creating decorative materials that look like natural stone.","publisher":{"@id":"https:\/\/terradecorart.com\/sr\/#organization"},"potentialAction":[{"@type":"SearchAction","target":{"@type":"EntryPoint","urlTemplate":"https:\/\/terradecorart.com\/sr\/?s={search_term_string}"},"query-input":{"@type":"PropertyValueSpecification","valueRequired":true,"valueName":"search_term_string"}}],"inLanguage":"sr-RS"},{"@type":"Organization","@id":"https:\/\/terradecorart.com\/sr\/#organization","name":"Terradecor","url":"https:\/\/terradecorart.com\/sr\/","logo":{"@type":"ImageObject","inLanguage":"sr-RS","@id":"https:\/\/terradecorart.com\/sr\/#\/schema\/logo\/image\/","url":"https:\/\/terradecorart.com\/wp-content\/uploads\/2026\/01\/Terra-sajt-logo.png","contentUrl":"https:\/\/terradecorart.com\/wp-content\/uploads\/2026\/01\/Terra-sajt-logo.png","width":781,"height":188,"caption":"Terradecor"},"image":{"@id":"https:\/\/terradecorart.com\/sr\/#\/schema\/logo\/image\/"}}]}},"_hostinger_reach_plugin_has_subscription_block":false,"_hostinger_reach_plugin_is_elementor":false,"_links":{"self":[{"href":"https:\/\/terradecorart.com\/sr\/wp-json\/wp\/v2\/pages\/3495","targetHints":{"allow":["GET"]}}],"collection":[{"href":"https:\/\/terradecorart.com\/sr\/wp-json\/wp\/v2\/pages"}],"about":[{"href":"https:\/\/terradecorart.com\/sr\/wp-json\/wp\/v2\/types\/page"}],"author":[{"embeddable":true,"href":"https:\/\/terradecorart.com\/sr\/wp-json\/wp\/v2\/users\/3"}],"replies":[{"embeddable":true,"href":"https:\/\/terradecorart.com\/sr\/wp-json\/wp\/v2\/comments?post=3495"}],"version-history":[{"count":101,"href":"https:\/\/terradecorart.com\/sr\/wp-json\/wp\/v2\/pages\/3495\/revisions"}],"predecessor-version":[{"id":6456,"href":"https:\/\/terradecorart.com\/sr\/wp-json\/wp\/v2\/pages\/3495\/revisions\/6456"}],"wp:attachment":[{"href":"https:\/\/terradecorart.com\/sr\/wp-json\/wp\/v2\/media?parent=3495"}],"curies":[{"name":"wp","href":"https:\/\/api.w.org\/{rel}","templated":true}]}}