{"id":6501,"date":"2026-04-22T18:14:38","date_gmt":"2026-04-22T18:14:38","guid":{"rendered":"https:\/\/terradecorart.com\/product\/weisse-klippe-fassade\/"},"modified":"2026-04-22T18:34:50","modified_gmt":"2026-04-22T18:34:50","slug":"weisse-klippe-fassade","status":"publish","type":"product","link":"https:\/\/terradecorart.com\/de\/produkt\/weisse-klippe-fassade\/","title":{"rendered":"Wei\u00dfe Klippe Fassade"},"content":{"rendered":"<p>Die Wei\u00dfe Klippe Fassade bietet eine kraftvolle, ultrarealistische Steinoptik, inspiriert von nat\u00fcrlichen Gesteinsformationen. Ihre markante, geschichtete Textur erzeugt einen modernen und eindrucksvollen architektonischen Effekt. Leicht und dennoch \u00e4u\u00dferst langlebig, ist sie best\u00e4ndig gegen UV-Strahlung, Wasser, Hitze und St\u00f6\u00dfe. Einfach zu installieren und zu pflegen, ideal f\u00fcr Au\u00dfenw\u00e4nde und dekorative Oberfl\u00e4chen. F\u00fcr den langfristigen Einsatz mit minimalem Wartungsaufwand konzipiert, beh\u00e4lt sie ihr authentisches Erscheinungsbild. Ein gro\u00dfer Vorteil ist, dass sie auf nahezu jeder stabilen Oberfl\u00e4che montiert werden kann. Preis pro m\u00b2.<\/p>\n<div class=\"text-base my-auto mx-auto [--thread-content-margin:var(--thread-content-margin-xs,calc(var(--spacing)*4))] @w-sm\/main:[--thread-content-margin:var(--thread-content-margin-sm,calc(var(--spacing)*6))] @w-lg\/main:[--thread-content-margin:var(--thread-content-margin-lg,calc(var(--spacing)*16))] px-(--thread-content-margin)\">\n<div class=\"[--thread-content-max-width:40rem] @w-lg\/main:[--thread-content-max-width:48rem] mx-auto max-w-(--thread-content-max-width) flex-1 group\/turn-messages focus-visible:outline-hidden relative flex w-full min-w-0 flex-col agent-turn\">\n<div class=\"z-0 flex min-h-[46px] justify-start\"><\/div>\n<\/div>\n<\/div>\n","protected":false},"excerpt":{"rendered":"<p>Die Wei\u00dfe Klippe Fassade bietet eine kraftvolle, ultrarealistische Steinoptik, inspiriert von nat\u00fcrlichen Gesteinsformationen. Ihre markante, geschichtete Textur erzeugt einen modernen und eindrucksvollen architektonischen Effekt. Leicht und dennoch \u00e4u\u00dferst langlebig, ist sie best\u00e4ndig gegen UV-Strahlung, Wasser, Hitze und St\u00f6\u00dfe. Einfach zu installieren und zu pflegen, ideal f\u00fcr Au\u00dfenw\u00e4nde und dekorative Oberfl\u00e4chen. F\u00fcr den langfristigen Einsatz mit minimalem Wartungsaufwand konzipiert, beh\u00e4lt sie ihr authentisches Erscheinungsbild. Ein gro\u00dfer Vorteil ist, dass sie auf nahezu jeder stabilen Oberfl\u00e4che montiert werden kann. Preis pro m\u00b2.<\/p>\n","protected":false},"featured_media":6502,"comment_status":"closed","ping_status":"closed","template":"","meta":{"_acf_changed":false},"product_brand":[],"product_cat":[151,184],"product_tag":[],"class_list":{"0":"post-6501","1":"product","2":"type-product","3":"status-publish","4":"has-post-thumbnail","6":"product_cat-ausenbereiche","7":"product_cat-fassadenpaneele","9":"first","10":"instock","11":"shipping-taxable","12":"purchasable","13":"product-type-simple"},"acf":[],"yoast_head":"<!-- This site is optimized with the Yoast SEO plugin v27.4 - https:\/\/yoast.com\/product\/yoast-seo-wordpress\/ -->\n<title>Wei\u00dfe Klippe Fassade | Terradecor<\/title>\n<meta name=\"description\" content=\"Die Wei\u00dfe Klippe Fassade besticht durch eine ultrarealistische Optik. Sie ist leicht, langlebig, UV- und wasserbest\u00e4ndig sowie pflegeleicht.\" \/>\n<meta name=\"robots\" content=\"index, follow, max-snippet:-1, max-image-preview:large, max-video-preview:-1\" \/>\n<link rel=\"canonical\" href=\"https:\/\/terradecorart.com\/de\/produkt\/weisse-klippe-fassade\/\" \/>\n<meta property=\"og:locale\" content=\"de_DE\" \/>\n<meta property=\"og:type\" content=\"article\" \/>\n<meta property=\"og:title\" content=\"Wei\u00dfe Klippe Fassade | Terradecor\" \/>\n<meta property=\"og:description\" content=\"Die Wei\u00dfe Klippe Fassade besticht durch eine ultrarealistische Optik. Sie ist leicht, langlebig, UV- und wasserbest\u00e4ndig sowie pflegeleicht.\" \/>\n<meta property=\"og:url\" content=\"https:\/\/terradecorart.com\/de\/produkt\/weisse-klippe-fassade\/\" \/>\n<meta property=\"og:site_name\" content=\"Terradecor\" \/>\n<meta property=\"article:modified_time\" content=\"2026-04-22T18:34:50+00:00\" \/>\n<meta property=\"og:image\" content=\"https:\/\/terradecorart.com\/wp-content\/uploads\/2026\/04\/white-cliff-facade.webp\" \/>\n\t<meta property=\"og:image:width\" content=\"1672\" \/>\n\t<meta property=\"og:image:height\" content=\"941\" \/>\n\t<meta property=\"og:image:type\" content=\"image\/webp\" \/>\n<meta name=\"twitter:card\" content=\"summary_large_image\" \/>\n<meta name=\"twitter:label1\" content=\"Gesch\u00e4tzte Lesezeit\" \/>\n\t<meta name=\"twitter:data1\" content=\"1\u00a0Minute\" \/>\n<script type=\"application\/ld+json\" class=\"yoast-schema-graph\">{\"@context\":\"https:\\\/\\\/schema.org\",\"@graph\":[{\"@type\":\"WebPage\",\"@id\":\"https:\\\/\\\/terradecorart.com\\\/de\\\/produkt\\\/weisse-klippe-fassade\\\/\",\"url\":\"https:\\\/\\\/terradecorart.com\\\/de\\\/produkt\\\/weisse-klippe-fassade\\\/\",\"name\":\"Wei\u00dfe Klippe Fassade | Terradecor\",\"isPartOf\":{\"@id\":\"https:\\\/\\\/terradecorart.com\\\/de\\\/#website\"},\"primaryImageOfPage\":{\"@id\":\"https:\\\/\\\/terradecorart.com\\\/de\\\/produkt\\\/weisse-klippe-fassade\\\/#primaryimage\"},\"image\":{\"@id\":\"https:\\\/\\\/terradecorart.com\\\/de\\\/produkt\\\/weisse-klippe-fassade\\\/#primaryimage\"},\"thumbnailUrl\":\"https:\\\/\\\/terradecorart.com\\\/wp-content\\\/uploads\\\/2026\\\/04\\\/white-cliff-facade.webp\",\"datePublished\":\"2026-04-22T18:14:38+00:00\",\"dateModified\":\"2026-04-22T18:34:50+00:00\",\"description\":\"Die Wei\u00dfe Klippe Fassade besticht durch eine ultrarealistische Optik. Sie ist leicht, langlebig, UV- und wasserbest\u00e4ndig sowie pflegeleicht.\",\"breadcrumb\":{\"@id\":\"https:\\\/\\\/terradecorart.com\\\/de\\\/produkt\\\/weisse-klippe-fassade\\\/#breadcrumb\"},\"inLanguage\":\"de\",\"potentialAction\":[{\"@type\":\"ReadAction\",\"target\":[\"https:\\\/\\\/terradecorart.com\\\/de\\\/produkt\\\/weisse-klippe-fassade\\\/\"]}]},{\"@type\":\"ImageObject\",\"inLanguage\":\"de\",\"@id\":\"https:\\\/\\\/terradecorart.com\\\/de\\\/produkt\\\/weisse-klippe-fassade\\\/#primaryimage\",\"url\":\"https:\\\/\\\/terradecorart.com\\\/wp-content\\\/uploads\\\/2026\\\/04\\\/white-cliff-facade.webp\",\"contentUrl\":\"https:\\\/\\\/terradecorart.com\\\/wp-content\\\/uploads\\\/2026\\\/04\\\/white-cliff-facade.webp\",\"width\":1672,\"height\":941},{\"@type\":\"BreadcrumbList\",\"@id\":\"https:\\\/\\\/terradecorart.com\\\/de\\\/produkt\\\/weisse-klippe-fassade\\\/#breadcrumb\",\"itemListElement\":[{\"@type\":\"ListItem\",\"position\":1,\"name\":\"Home\",\"item\":\"https:\\\/\\\/terradecorart.com\\\/de\\\/\"},{\"@type\":\"ListItem\",\"position\":2,\"name\":\"Produkte\",\"item\":\"https:\\\/\\\/terradecorart.com\\\/de\\\/shop\\\/\"},{\"@type\":\"ListItem\",\"position\":3,\"name\":\"Wei\u00dfe Klippe Fassade\"}]},{\"@type\":\"WebSite\",\"@id\":\"https:\\\/\\\/terradecorart.com\\\/de\\\/#website\",\"url\":\"https:\\\/\\\/terradecorart.com\\\/de\\\/\",\"name\":\"Terradecor\",\"description\":\"Take your interior design\\u2028to the next level of style We are Terradecor, a Serbian company with 15 years of experience in creating decorative materials that look like natural stone.\",\"publisher\":{\"@id\":\"https:\\\/\\\/terradecorart.com\\\/de\\\/#organization\"},\"potentialAction\":[{\"@type\":\"SearchAction\",\"target\":{\"@type\":\"EntryPoint\",\"urlTemplate\":\"https:\\\/\\\/terradecorart.com\\\/de\\\/?s={search_term_string}\"},\"query-input\":{\"@type\":\"PropertyValueSpecification\",\"valueRequired\":true,\"valueName\":\"search_term_string\"}}],\"inLanguage\":\"de\"},{\"@type\":\"Organization\",\"@id\":\"https:\\\/\\\/terradecorart.com\\\/de\\\/#organization\",\"name\":\"Terradecor\",\"url\":\"https:\\\/\\\/terradecorart.com\\\/de\\\/\",\"logo\":{\"@type\":\"ImageObject\",\"inLanguage\":\"de\",\"@id\":\"https:\\\/\\\/terradecorart.com\\\/de\\\/#\\\/schema\\\/logo\\\/image\\\/\",\"url\":\"https:\\\/\\\/terradecorart.com\\\/wp-content\\\/uploads\\\/2026\\\/01\\\/Terra-sajt-logo.png\",\"contentUrl\":\"https:\\\/\\\/terradecorart.com\\\/wp-content\\\/uploads\\\/2026\\\/01\\\/Terra-sajt-logo.png\",\"width\":781,\"height\":188,\"caption\":\"Terradecor\"},\"image\":{\"@id\":\"https:\\\/\\\/terradecorart.com\\\/de\\\/#\\\/schema\\\/logo\\\/image\\\/\"}}]}<\/script>\n<!-- \/ Yoast SEO plugin. -->","yoast_head_json":{"title":"Wei\u00dfe Klippe Fassade | Terradecor","description":"Die Wei\u00dfe Klippe Fassade besticht durch eine ultrarealistische Optik. Sie ist leicht, langlebig, UV- und wasserbest\u00e4ndig sowie pflegeleicht.","robots":{"index":"index","follow":"follow","max-snippet":"max-snippet:-1","max-image-preview":"max-image-preview:large","max-video-preview":"max-video-preview:-1"},"canonical":"https:\/\/terradecorart.com\/de\/produkt\/weisse-klippe-fassade\/","og_locale":"de_DE","og_type":"article","og_title":"Wei\u00dfe Klippe Fassade | Terradecor","og_description":"Die Wei\u00dfe Klippe Fassade besticht durch eine ultrarealistische Optik. Sie ist leicht, langlebig, UV- und wasserbest\u00e4ndig sowie pflegeleicht.","og_url":"https:\/\/terradecorart.com\/de\/produkt\/weisse-klippe-fassade\/","og_site_name":"Terradecor","article_modified_time":"2026-04-22T18:34:50+00:00","og_image":[{"width":1672,"height":941,"url":"https:\/\/terradecorart.com\/wp-content\/uploads\/2026\/04\/white-cliff-facade.webp","type":"image\/webp"}],"twitter_card":"summary_large_image","twitter_misc":{"Gesch\u00e4tzte Lesezeit":"1\u00a0Minute"},"schema":{"@context":"https:\/\/schema.org","@graph":[{"@type":"WebPage","@id":"https:\/\/terradecorart.com\/de\/produkt\/weisse-klippe-fassade\/","url":"https:\/\/terradecorart.com\/de\/produkt\/weisse-klippe-fassade\/","name":"Wei\u00dfe Klippe Fassade | Terradecor","isPartOf":{"@id":"https:\/\/terradecorart.com\/de\/#website"},"primaryImageOfPage":{"@id":"https:\/\/terradecorart.com\/de\/produkt\/weisse-klippe-fassade\/#primaryimage"},"image":{"@id":"https:\/\/terradecorart.com\/de\/produkt\/weisse-klippe-fassade\/#primaryimage"},"thumbnailUrl":"https:\/\/terradecorart.com\/wp-content\/uploads\/2026\/04\/white-cliff-facade.webp","datePublished":"2026-04-22T18:14:38+00:00","dateModified":"2026-04-22T18:34:50+00:00","description":"Die Wei\u00dfe Klippe Fassade besticht durch eine ultrarealistische Optik. Sie ist leicht, langlebig, UV- und wasserbest\u00e4ndig sowie pflegeleicht.","breadcrumb":{"@id":"https:\/\/terradecorart.com\/de\/produkt\/weisse-klippe-fassade\/#breadcrumb"},"inLanguage":"de","potentialAction":[{"@type":"ReadAction","target":["https:\/\/terradecorart.com\/de\/produkt\/weisse-klippe-fassade\/"]}]},{"@type":"ImageObject","inLanguage":"de","@id":"https:\/\/terradecorart.com\/de\/produkt\/weisse-klippe-fassade\/#primaryimage","url":"https:\/\/terradecorart.com\/wp-content\/uploads\/2026\/04\/white-cliff-facade.webp","contentUrl":"https:\/\/terradecorart.com\/wp-content\/uploads\/2026\/04\/white-cliff-facade.webp","width":1672,"height":941},{"@type":"BreadcrumbList","@id":"https:\/\/terradecorart.com\/de\/produkt\/weisse-klippe-fassade\/#breadcrumb","itemListElement":[{"@type":"ListItem","position":1,"name":"Home","item":"https:\/\/terradecorart.com\/de\/"},{"@type":"ListItem","position":2,"name":"Produkte","item":"https:\/\/terradecorart.com\/de\/shop\/"},{"@type":"ListItem","position":3,"name":"Wei\u00dfe Klippe Fassade"}]},{"@type":"WebSite","@id":"https:\/\/terradecorart.com\/de\/#website","url":"https:\/\/terradecorart.com\/de\/","name":"Terradecor","description":"Take your interior design\u2028to the next level of style We are Terradecor, a Serbian company with 15 years of experience in creating decorative materials that look like natural stone.","publisher":{"@id":"https:\/\/terradecorart.com\/de\/#organization"},"potentialAction":[{"@type":"SearchAction","target":{"@type":"EntryPoint","urlTemplate":"https:\/\/terradecorart.com\/de\/?s={search_term_string}"},"query-input":{"@type":"PropertyValueSpecification","valueRequired":true,"valueName":"search_term_string"}}],"inLanguage":"de"},{"@type":"Organization","@id":"https:\/\/terradecorart.com\/de\/#organization","name":"Terradecor","url":"https:\/\/terradecorart.com\/de\/","logo":{"@type":"ImageObject","inLanguage":"de","@id":"https:\/\/terradecorart.com\/de\/#\/schema\/logo\/image\/","url":"https:\/\/terradecorart.com\/wp-content\/uploads\/2026\/01\/Terra-sajt-logo.png","contentUrl":"https:\/\/terradecorart.com\/wp-content\/uploads\/2026\/01\/Terra-sajt-logo.png","width":781,"height":188,"caption":"Terradecor"},"image":{"@id":"https:\/\/terradecorart.com\/de\/#\/schema\/logo\/image\/"}}]}},"_links":{"self":[{"href":"https:\/\/terradecorart.com\/de\/wp-json\/wp\/v2\/product\/6501","targetHints":{"allow":["GET"]}}],"collection":[{"href":"https:\/\/terradecorart.com\/de\/wp-json\/wp\/v2\/product"}],"about":[{"href":"https:\/\/terradecorart.com\/de\/wp-json\/wp\/v2\/types\/product"}],"replies":[{"embeddable":true,"href":"https:\/\/terradecorart.com\/de\/wp-json\/wp\/v2\/comments?post=6501"}],"wp:featuredmedia":[{"embeddable":true,"href":"https:\/\/terradecorart.com\/de\/wp-json\/wp\/v2\/media\/6502"}],"wp:attachment":[{"href":"https:\/\/terradecorart.com\/de\/wp-json\/wp\/v2\/media?parent=6501"}],"wp:term":[{"taxonomy":"product_brand","embeddable":true,"href":"https:\/\/terradecorart.com\/de\/wp-json\/wp\/v2\/product_brand?post=6501"},{"taxonomy":"product_cat","embeddable":true,"href":"https:\/\/terradecorart.com\/de\/wp-json\/wp\/v2\/product_cat?post=6501"},{"taxonomy":"product_tag","embeddable":true,"href":"https:\/\/terradecorart.com\/de\/wp-json\/wp\/v2\/product_tag?post=6501"}],"curies":[{"name":"wp","href":"https:\/\/api.w.org\/{rel}","templated":true}]}}