{"id":6484,"date":"2026-04-22T18:00:34","date_gmt":"2026-04-22T18:00:34","guid":{"rendered":"https:\/\/terradecorart.com\/product\/yellow-stone-fassade\/"},"modified":"2026-04-22T18:38:31","modified_gmt":"2026-04-22T18:38:31","slug":"yellow-stone-fassade","status":"publish","type":"product","link":"https:\/\/terradecorart.com\/de\/produkt\/yellow-stone-fassade\/","title":{"rendered":"Yellow Stone Fassade"},"content":{"rendered":"<section class=\"text-token-text-primary w-full focus:outline-none [--shadow-height:45px] has-data-writing-block:pointer-events-none has-data-writing-block:-mt-(--shadow-height) has-data-writing-block:pt-(--shadow-height) [&amp;:has([data-writing-block])&gt;*]:pointer-events-auto [content-visibility:auto] supports-[content-visibility:auto]:[contain-intrinsic-size:auto_100lvh] R6Vx5W_threadScrollVars scroll-mb-[calc(var(--scroll-root-safe-area-inset-bottom,0px)+var(--thread-response-height))] scroll-mt-[calc(var(--header-height)+min(200px,max(70px,20svh)))]\" dir=\"auto\" data-turn-id=\"request-WEB:2d2bb97a-3dd6-44dc-a9b4-570ea329827e-237\" data-testid=\"conversation-turn-120\" data-scroll-anchor=\"false\" data-turn=\"assistant\">\n<div class=\"text-base my-auto mx-auto pb-10 [--thread-content-margin:var(--thread-content-margin-xs,calc(var(--spacing)*4))] @w-sm\/main:[--thread-content-margin:var(--thread-content-margin-sm,calc(var(--spacing)*6))] @w-lg\/main:[--thread-content-margin:var(--thread-content-margin-lg,calc(var(--spacing)*16))] px-(--thread-content-margin)\">\n<div class=\"[--thread-content-max-width:40rem] @w-lg\/main:[--thread-content-max-width:48rem] mx-auto max-w-(--thread-content-max-width) flex-1 group\/turn-messages focus-visible:outline-hidden relative flex w-full min-w-0 flex-col agent-turn\">\n<div class=\"flex max-w-full flex-col gap-4 grow\">\n<div class=\"min-h-8 text-message relative flex w-full flex-col items-end gap-2 text-start break-words whitespace-normal outline-none keyboard-focused:focus-ring [.text-message+&amp;]:mt-1\" dir=\"auto\" tabindex=\"0\" data-message-author-role=\"assistant\" data-message-id=\"0c87ae89-f14b-4234-8608-07ceeba3b028\" data-message-model-slug=\"gpt-5-3-instant\" data-turn-start-message=\"true\">\n<div class=\"flex w-full flex-col gap-1 empty:hidden\">\n<div class=\"markdown prose dark:prose-invert w-full wrap-break-word light markdown-new-styling\">\n<p data-start=\"0\" data-end=\"521\" data-is-last-node=\"\" data-is-only-node=\"\">Yellow Stone Fassade bietet eine kraftvolle, ultrarealistische Steinoptik, inspiriert von nat\u00fcrlichem Schiefer. Ihre markante, geschichtete Textur erzeugt einen modernen und beeindruckenden architektonischen Effekt. Leicht und dennoch \u00e4u\u00dferst langlebig, ist sie best\u00e4ndig gegen UV-Strahlung, Wasser, Hitze und St\u00f6\u00dfe. Einfach zu installieren und zu pflegen, ist sie ideal f\u00fcr Au\u00dfenw\u00e4nde und dekorative Oberfl\u00e4chen. F\u00fcr langfristige Nutzung mit minimalem Wartungsaufwand konzipiert, beh\u00e4lt sie ihr authentisches Erscheinungsbild. Ein gro\u00dfer Vorteil ist, dass sie auf nahezu jeder stabilen Oberfl\u00e4che installiert werden kann. Preis pro m\u00b2.<\/p>\n<\/div>\n<\/div>\n<\/div>\n<\/div>\n<div class=\"z-0 flex min-h-[46px] justify-start\"><\/div>\n<div class=\"mt-3 w-full empty:hidden\">\n<div class=\"text-center\"><\/div>\n<\/div>\n<\/div>\n<\/div>\n<\/section>\n<div class=\"pointer-events-none -mt-px h-px translate-y-[calc(var(--scroll-root-safe-area-inset-bottom)-14*var(--spacing))]\" aria-hidden=\"true\"><\/div>\n","protected":false},"excerpt":{"rendered":"<p>Yellow Stone Fassade bietet eine kraftvolle, ultrarealistische Steinoptik, inspiriert von nat\u00fcrlichem Schiefer. Ihre markante, geschichtete Textur erzeugt einen modernen und beeindruckenden architektonischen Effekt. Leicht und dennoch \u00e4u\u00dferst langlebig, ist sie best\u00e4ndig gegen UV-Strahlung, Wasser, Hitze und St\u00f6\u00dfe. Einfach zu installieren und zu pflegen, ist sie ideal f\u00fcr Au\u00dfenw\u00e4nde und dekorative Oberfl\u00e4chen. F\u00fcr langfristige Nutzung mit minimalem Wartungsaufwand konzipiert, beh\u00e4lt sie ihr authentisches Erscheinungsbild. Ein gro\u00dfer Vorteil ist, dass sie auf nahezu jeder stabilen Oberfl\u00e4che installiert werden kann. Preis pro m\u00b2.<\/p>\n","protected":false},"featured_media":6485,"comment_status":"closed","ping_status":"closed","template":"","meta":{"_acf_changed":false},"product_brand":[],"product_cat":[151,184],"product_tag":[],"class_list":{"0":"post-6484","1":"product","2":"type-product","3":"status-publish","4":"has-post-thumbnail","6":"product_cat-ausenbereiche","7":"product_cat-fassadenpaneele","9":"first","10":"instock","11":"shipping-taxable","12":"purchasable","13":"product-type-simple"},"acf":[],"yoast_head":"<!-- This site is optimized with the Yoast SEO plugin v27.4 - https:\/\/yoast.com\/product\/yoast-seo-wordpress\/ -->\n<title>Yellow Stone Fassade | Terradecor<\/title>\n<meta name=\"description\" content=\"Yellow Stone Fassade bietet eine ultrarealistische Optik. Leicht, langlebig, UV- und wasserbest\u00e4ndig sowie einfach zu reinigen.\" \/>\n<meta name=\"robots\" content=\"index, follow, max-snippet:-1, max-image-preview:large, max-video-preview:-1\" \/>\n<link rel=\"canonical\" href=\"https:\/\/terradecorart.com\/de\/produkt\/yellow-stone-fassade\/\" \/>\n<meta property=\"og:locale\" content=\"de_DE\" \/>\n<meta property=\"og:type\" content=\"article\" \/>\n<meta property=\"og:title\" content=\"Yellow Stone Fassade | Terradecor\" \/>\n<meta property=\"og:description\" content=\"Yellow Stone Fassade bietet eine ultrarealistische Optik. Leicht, langlebig, UV- und wasserbest\u00e4ndig sowie einfach zu reinigen.\" \/>\n<meta property=\"og:url\" content=\"https:\/\/terradecorart.com\/de\/produkt\/yellow-stone-fassade\/\" \/>\n<meta property=\"og:site_name\" content=\"Terradecor\" \/>\n<meta property=\"article:modified_time\" content=\"2026-04-22T18:38:31+00:00\" \/>\n<meta property=\"og:image\" content=\"https:\/\/terradecorart.com\/wp-content\/uploads\/2026\/04\/yellow-stone-facade.webp\" \/>\n\t<meta property=\"og:image:width\" content=\"1676\" \/>\n\t<meta property=\"og:image:height\" content=\"939\" \/>\n\t<meta property=\"og:image:type\" content=\"image\/webp\" \/>\n<meta name=\"twitter:card\" content=\"summary_large_image\" \/>\n<meta name=\"twitter:label1\" content=\"Gesch\u00e4tzte Lesezeit\" \/>\n\t<meta name=\"twitter:data1\" content=\"1\u00a0Minute\" \/>\n<script type=\"application\/ld+json\" class=\"yoast-schema-graph\">{\"@context\":\"https:\\\/\\\/schema.org\",\"@graph\":[{\"@type\":\"WebPage\",\"@id\":\"https:\\\/\\\/terradecorart.com\\\/de\\\/produkt\\\/yellow-stone-fassade\\\/\",\"url\":\"https:\\\/\\\/terradecorart.com\\\/de\\\/produkt\\\/yellow-stone-fassade\\\/\",\"name\":\"Yellow Stone Fassade | Terradecor\",\"isPartOf\":{\"@id\":\"https:\\\/\\\/terradecorart.com\\\/de\\\/#website\"},\"primaryImageOfPage\":{\"@id\":\"https:\\\/\\\/terradecorart.com\\\/de\\\/produkt\\\/yellow-stone-fassade\\\/#primaryimage\"},\"image\":{\"@id\":\"https:\\\/\\\/terradecorart.com\\\/de\\\/produkt\\\/yellow-stone-fassade\\\/#primaryimage\"},\"thumbnailUrl\":\"https:\\\/\\\/terradecorart.com\\\/wp-content\\\/uploads\\\/2026\\\/04\\\/yellow-stone-facade.webp\",\"datePublished\":\"2026-04-22T18:00:34+00:00\",\"dateModified\":\"2026-04-22T18:38:31+00:00\",\"description\":\"Yellow Stone Fassade bietet eine ultrarealistische Optik. Leicht, langlebig, UV- und wasserbest\u00e4ndig sowie einfach zu reinigen.\",\"breadcrumb\":{\"@id\":\"https:\\\/\\\/terradecorart.com\\\/de\\\/produkt\\\/yellow-stone-fassade\\\/#breadcrumb\"},\"inLanguage\":\"de\",\"potentialAction\":[{\"@type\":\"ReadAction\",\"target\":[\"https:\\\/\\\/terradecorart.com\\\/de\\\/produkt\\\/yellow-stone-fassade\\\/\"]}]},{\"@type\":\"ImageObject\",\"inLanguage\":\"de\",\"@id\":\"https:\\\/\\\/terradecorart.com\\\/de\\\/produkt\\\/yellow-stone-fassade\\\/#primaryimage\",\"url\":\"https:\\\/\\\/terradecorart.com\\\/wp-content\\\/uploads\\\/2026\\\/04\\\/yellow-stone-facade.webp\",\"contentUrl\":\"https:\\\/\\\/terradecorart.com\\\/wp-content\\\/uploads\\\/2026\\\/04\\\/yellow-stone-facade.webp\",\"width\":1676,\"height\":939},{\"@type\":\"BreadcrumbList\",\"@id\":\"https:\\\/\\\/terradecorart.com\\\/de\\\/produkt\\\/yellow-stone-fassade\\\/#breadcrumb\",\"itemListElement\":[{\"@type\":\"ListItem\",\"position\":1,\"name\":\"Home\",\"item\":\"https:\\\/\\\/terradecorart.com\\\/de\\\/\"},{\"@type\":\"ListItem\",\"position\":2,\"name\":\"Produkte\",\"item\":\"https:\\\/\\\/terradecorart.com\\\/de\\\/shop\\\/\"},{\"@type\":\"ListItem\",\"position\":3,\"name\":\"Yellow Stone Fassade\"}]},{\"@type\":\"WebSite\",\"@id\":\"https:\\\/\\\/terradecorart.com\\\/de\\\/#website\",\"url\":\"https:\\\/\\\/terradecorart.com\\\/de\\\/\",\"name\":\"Terradecor\",\"description\":\"Take your interior design\\u2028to the next level of style We are Terradecor, a Serbian company with 15 years of experience in creating decorative materials that look like natural stone.\",\"publisher\":{\"@id\":\"https:\\\/\\\/terradecorart.com\\\/de\\\/#organization\"},\"potentialAction\":[{\"@type\":\"SearchAction\",\"target\":{\"@type\":\"EntryPoint\",\"urlTemplate\":\"https:\\\/\\\/terradecorart.com\\\/de\\\/?s={search_term_string}\"},\"query-input\":{\"@type\":\"PropertyValueSpecification\",\"valueRequired\":true,\"valueName\":\"search_term_string\"}}],\"inLanguage\":\"de\"},{\"@type\":\"Organization\",\"@id\":\"https:\\\/\\\/terradecorart.com\\\/de\\\/#organization\",\"name\":\"Terradecor\",\"url\":\"https:\\\/\\\/terradecorart.com\\\/de\\\/\",\"logo\":{\"@type\":\"ImageObject\",\"inLanguage\":\"de\",\"@id\":\"https:\\\/\\\/terradecorart.com\\\/de\\\/#\\\/schema\\\/logo\\\/image\\\/\",\"url\":\"https:\\\/\\\/terradecorart.com\\\/wp-content\\\/uploads\\\/2026\\\/01\\\/Terra-sajt-logo.png\",\"contentUrl\":\"https:\\\/\\\/terradecorart.com\\\/wp-content\\\/uploads\\\/2026\\\/01\\\/Terra-sajt-logo.png\",\"width\":781,\"height\":188,\"caption\":\"Terradecor\"},\"image\":{\"@id\":\"https:\\\/\\\/terradecorart.com\\\/de\\\/#\\\/schema\\\/logo\\\/image\\\/\"}}]}<\/script>\n<!-- \/ Yoast SEO plugin. -->","yoast_head_json":{"title":"Yellow Stone Fassade | Terradecor","description":"Yellow Stone Fassade bietet eine ultrarealistische Optik. Leicht, langlebig, UV- und wasserbest\u00e4ndig sowie einfach zu reinigen.","robots":{"index":"index","follow":"follow","max-snippet":"max-snippet:-1","max-image-preview":"max-image-preview:large","max-video-preview":"max-video-preview:-1"},"canonical":"https:\/\/terradecorart.com\/de\/produkt\/yellow-stone-fassade\/","og_locale":"de_DE","og_type":"article","og_title":"Yellow Stone Fassade | Terradecor","og_description":"Yellow Stone Fassade bietet eine ultrarealistische Optik. Leicht, langlebig, UV- und wasserbest\u00e4ndig sowie einfach zu reinigen.","og_url":"https:\/\/terradecorart.com\/de\/produkt\/yellow-stone-fassade\/","og_site_name":"Terradecor","article_modified_time":"2026-04-22T18:38:31+00:00","og_image":[{"width":1676,"height":939,"url":"https:\/\/terradecorart.com\/wp-content\/uploads\/2026\/04\/yellow-stone-facade.webp","type":"image\/webp"}],"twitter_card":"summary_large_image","twitter_misc":{"Gesch\u00e4tzte Lesezeit":"1\u00a0Minute"},"schema":{"@context":"https:\/\/schema.org","@graph":[{"@type":"WebPage","@id":"https:\/\/terradecorart.com\/de\/produkt\/yellow-stone-fassade\/","url":"https:\/\/terradecorart.com\/de\/produkt\/yellow-stone-fassade\/","name":"Yellow Stone Fassade | Terradecor","isPartOf":{"@id":"https:\/\/terradecorart.com\/de\/#website"},"primaryImageOfPage":{"@id":"https:\/\/terradecorart.com\/de\/produkt\/yellow-stone-fassade\/#primaryimage"},"image":{"@id":"https:\/\/terradecorart.com\/de\/produkt\/yellow-stone-fassade\/#primaryimage"},"thumbnailUrl":"https:\/\/terradecorart.com\/wp-content\/uploads\/2026\/04\/yellow-stone-facade.webp","datePublished":"2026-04-22T18:00:34+00:00","dateModified":"2026-04-22T18:38:31+00:00","description":"Yellow Stone Fassade bietet eine ultrarealistische Optik. Leicht, langlebig, UV- und wasserbest\u00e4ndig sowie einfach zu reinigen.","breadcrumb":{"@id":"https:\/\/terradecorart.com\/de\/produkt\/yellow-stone-fassade\/#breadcrumb"},"inLanguage":"de","potentialAction":[{"@type":"ReadAction","target":["https:\/\/terradecorart.com\/de\/produkt\/yellow-stone-fassade\/"]}]},{"@type":"ImageObject","inLanguage":"de","@id":"https:\/\/terradecorart.com\/de\/produkt\/yellow-stone-fassade\/#primaryimage","url":"https:\/\/terradecorart.com\/wp-content\/uploads\/2026\/04\/yellow-stone-facade.webp","contentUrl":"https:\/\/terradecorart.com\/wp-content\/uploads\/2026\/04\/yellow-stone-facade.webp","width":1676,"height":939},{"@type":"BreadcrumbList","@id":"https:\/\/terradecorart.com\/de\/produkt\/yellow-stone-fassade\/#breadcrumb","itemListElement":[{"@type":"ListItem","position":1,"name":"Home","item":"https:\/\/terradecorart.com\/de\/"},{"@type":"ListItem","position":2,"name":"Produkte","item":"https:\/\/terradecorart.com\/de\/shop\/"},{"@type":"ListItem","position":3,"name":"Yellow Stone Fassade"}]},{"@type":"WebSite","@id":"https:\/\/terradecorart.com\/de\/#website","url":"https:\/\/terradecorart.com\/de\/","name":"Terradecor","description":"Take your interior design\u2028to the next level of style We are Terradecor, a Serbian company with 15 years of experience in creating decorative materials that look like natural stone.","publisher":{"@id":"https:\/\/terradecorart.com\/de\/#organization"},"potentialAction":[{"@type":"SearchAction","target":{"@type":"EntryPoint","urlTemplate":"https:\/\/terradecorart.com\/de\/?s={search_term_string}"},"query-input":{"@type":"PropertyValueSpecification","valueRequired":true,"valueName":"search_term_string"}}],"inLanguage":"de"},{"@type":"Organization","@id":"https:\/\/terradecorart.com\/de\/#organization","name":"Terradecor","url":"https:\/\/terradecorart.com\/de\/","logo":{"@type":"ImageObject","inLanguage":"de","@id":"https:\/\/terradecorart.com\/de\/#\/schema\/logo\/image\/","url":"https:\/\/terradecorart.com\/wp-content\/uploads\/2026\/01\/Terra-sajt-logo.png","contentUrl":"https:\/\/terradecorart.com\/wp-content\/uploads\/2026\/01\/Terra-sajt-logo.png","width":781,"height":188,"caption":"Terradecor"},"image":{"@id":"https:\/\/terradecorart.com\/de\/#\/schema\/logo\/image\/"}}]}},"_links":{"self":[{"href":"https:\/\/terradecorart.com\/de\/wp-json\/wp\/v2\/product\/6484","targetHints":{"allow":["GET"]}}],"collection":[{"href":"https:\/\/terradecorart.com\/de\/wp-json\/wp\/v2\/product"}],"about":[{"href":"https:\/\/terradecorart.com\/de\/wp-json\/wp\/v2\/types\/product"}],"replies":[{"embeddable":true,"href":"https:\/\/terradecorart.com\/de\/wp-json\/wp\/v2\/comments?post=6484"}],"wp:featuredmedia":[{"embeddable":true,"href":"https:\/\/terradecorart.com\/de\/wp-json\/wp\/v2\/media\/6485"}],"wp:attachment":[{"href":"https:\/\/terradecorart.com\/de\/wp-json\/wp\/v2\/media?parent=6484"}],"wp:term":[{"taxonomy":"product_brand","embeddable":true,"href":"https:\/\/terradecorart.com\/de\/wp-json\/wp\/v2\/product_brand?post=6484"},{"taxonomy":"product_cat","embeddable":true,"href":"https:\/\/terradecorart.com\/de\/wp-json\/wp\/v2\/product_cat?post=6484"},{"taxonomy":"product_tag","embeddable":true,"href":"https:\/\/terradecorart.com\/de\/wp-json\/wp\/v2\/product_tag?post=6484"}],"curies":[{"name":"wp","href":"https:\/\/api.w.org\/{rel}","templated":true}]}}