{"id":5628,"date":"2026-02-09T13:30:26","date_gmt":"2026-02-09T13:30:26","guid":{"rendered":"https:\/\/terradecorart.com\/?post_type=product&#038;p=5628"},"modified":"2026-04-02T13:54:10","modified_gmt":"2026-04-02T13:54:10","slug":"kuenstlicher-landschaftsstein","status":"publish","type":"product","link":"https:\/\/terradecorart.com\/de\/produkt\/kuenstlicher-landschaftsstein\/","title":{"rendered":"K\u00fcnstlicher Landschaftsstein"},"content":{"rendered":"<section class=\"text-token-text-primary w-full focus:outline-none [--shadow-height:45px] has-data-writing-block:pointer-events-none has-data-writing-block:-mt-(--shadow-height) has-data-writing-block:pt-(--shadow-height) [&amp;:has([data-writing-block])&gt;*]:pointer-events-auto R6Vx5W_threadScrollVars scroll-mb-[calc(var(--scroll-root-safe-area-inset-bottom,0px)+var(--thread-response-height,0px))] scroll-mt-[calc(var(--header-height)+min(200px,max(70px,20svh)))]\" dir=\"auto\" data-turn-id=\"d464dee1-bbba-4179-b5ae-33eaba0f0433\" data-testid=\"conversation-turn-68\" data-scroll-anchor=\"false\" data-turn=\"assistant\">\n<div class=\"text-base my-auto mx-auto pb-10 [--thread-content-margin:var(--thread-content-margin-xs,calc(var(--spacing)*4))] @w-sm\/main:[--thread-content-margin:var(--thread-content-margin-sm,calc(var(--spacing)*6))] @w-lg\/main:[--thread-content-margin:var(--thread-content-margin-lg,calc(var(--spacing)*16))] px-(--thread-content-margin)\">\n<div class=\"[--thread-content-max-width:40rem] @w-lg\/main:[--thread-content-max-width:48rem] mx-auto max-w-(--thread-content-max-width) flex-1 group\/turn-messages focus-visible:outline-hidden relative flex w-full min-w-0 flex-col agent-turn\">\n<div class=\"flex max-w-full flex-col gap-4 grow\">\n<div class=\"min-h-8 text-message relative flex w-full flex-col items-end gap-2 text-start break-words whitespace-normal outline-none keyboard-focused:focus-ring [.text-message+&amp;]:mt-1\" dir=\"auto\" tabindex=\"0\" data-message-author-role=\"assistant\" data-message-id=\"d464dee1-bbba-4179-b5ae-33eaba0f0433\" data-turn-start-message=\"true\" data-message-model-slug=\"gpt-5-3-instant\">\n<div class=\"flex w-full flex-col gap-1 empty:hidden\">\n<div class=\"markdown prose dark:prose-invert w-full wrap-break-word light markdown-new-styling\">\n<p data-start=\"0\" data-end=\"342\" data-is-last-node=\"\" data-is-only-node=\"\">Alle unsere leichten, ultra-realistischen massiven Felsen werden individuell nach Ihren W\u00fcnschen gefertigt. Sie k\u00f6nnen Farbe, Gr\u00f6\u00dfe und Textur w\u00e4hlen. Sie sind best\u00e4ndig gegen UV-Strahlen, Hitze, Wasser und St\u00f6\u00dfe und lassen sich leicht mit handels\u00fcblichen Reinigungsmitteln, einschlie\u00dflich mild abrasiver Reiniger, reinigen. Preis pro m\u00b3.<\/p>\n<\/div>\n<\/div>\n<\/div>\n<\/div>\n<div class=\"z-0 flex min-h-[46px] justify-start\"><\/div>\n<\/div>\n<\/div>\n<\/section>\n<div class=\"pointer-events-none -mt-px h-px translate-y-[calc(var(--scroll-root-safe-area-inset-bottom)-14*var(--spacing))]\" aria-hidden=\"true\"><\/div>\n","protected":false},"excerpt":{"rendered":"<p>Alle unsere leichten, ultra-realistischen massiven Felsen werden individuell nach Ihren W\u00fcnschen gefertigt. Sie k\u00f6nnen Farbe, Gr\u00f6\u00dfe und Textur w\u00e4hlen. Sie sind best\u00e4ndig gegen UV-Strahlen, Hitze, Wasser und St\u00f6\u00dfe und lassen sich leicht mit handels\u00fcblichen Reinigungsmitteln, einschlie\u00dflich mild abrasiver Reiniger, reinigen. Preis pro m\u00b3.<\/p>\n","protected":false},"featured_media":5010,"comment_status":"open","ping_status":"closed","template":"","meta":{"_acf_changed":false},"product_brand":[],"product_cat":[151,160],"product_tag":[],"class_list":{"0":"post-5628","1":"product","2":"type-product","3":"status-publish","4":"has-post-thumbnail","6":"product_cat-ausenbereiche","7":"product_cat-massive-landschafts-akzentfelsen","9":"first","10":"instock","11":"shipping-taxable","12":"purchasable","13":"product-type-simple"},"acf":[],"yoast_head":"<!-- This site is optimized with the Yoast SEO plugin v26.2 - https:\/\/yoast.com\/wordpress\/plugins\/seo\/ -->\n<title>K\u00fcnstlicher Landschaftsstein | Terradecor<\/title>\n<meta name=\"description\" content=\"K\u00fcnstlicher Landschaftsstein kann m\u00fchelos \u00fcberall platziert werden, innen oder au\u00dfen. Wir fertigen alle Ma\u00dfe nach Ihren W\u00fcnschen. Premiumqualit\u00e4t.\" \/>\n<meta name=\"robots\" content=\"index, follow, max-snippet:-1, max-image-preview:large, max-video-preview:-1\" \/>\n<link rel=\"canonical\" href=\"https:\/\/terradecorart.com\/de\/produkt\/kuenstlicher-landschaftsstein\/\" \/>\n<meta property=\"og:locale\" content=\"de_DE\" \/>\n<meta property=\"og:type\" content=\"article\" \/>\n<meta property=\"og:title\" content=\"K\u00fcnstlicher Landschaftsstein | Terradecor\" \/>\n<meta property=\"og:description\" content=\"K\u00fcnstlicher Landschaftsstein kann m\u00fchelos \u00fcberall platziert werden, innen oder au\u00dfen. Wir fertigen alle Ma\u00dfe nach Ihren W\u00fcnschen. Premiumqualit\u00e4t.\" \/>\n<meta property=\"og:url\" content=\"https:\/\/terradecorart.com\/de\/produkt\/kuenstlicher-landschaftsstein\/\" \/>\n<meta property=\"og:site_name\" content=\"Terradecor\" \/>\n<meta property=\"article:modified_time\" content=\"2026-04-02T13:54:10+00:00\" \/>\n<meta property=\"og:image\" content=\"https:\/\/terradecorart.com\/wp-content\/uploads\/2026\/02\/artificial-landscape-rock.webp\" \/>\n\t<meta property=\"og:image:width\" content=\"1232\" \/>\n\t<meta property=\"og:image:height\" content=\"928\" \/>\n\t<meta property=\"og:image:type\" content=\"image\/webp\" \/>\n<meta name=\"twitter:card\" content=\"summary_large_image\" \/>\n<meta name=\"twitter:label1\" content=\"Gesch\u00e4tzte Lesezeit\" \/>\n\t<meta name=\"twitter:data1\" content=\"1\u00a0Minute\" \/>\n<script type=\"application\/ld+json\" class=\"yoast-schema-graph\">{\"@context\":\"https:\/\/schema.org\",\"@graph\":[{\"@type\":\"WebPage\",\"@id\":\"https:\/\/terradecorart.com\/de\/produkt\/kuenstlicher-landschaftsstein\/\",\"url\":\"https:\/\/terradecorart.com\/de\/produkt\/kuenstlicher-landschaftsstein\/\",\"name\":\"K\u00fcnstlicher Landschaftsstein | Terradecor\",\"isPartOf\":{\"@id\":\"https:\/\/terradecorart.com\/de\/#website\"},\"primaryImageOfPage\":{\"@id\":\"https:\/\/terradecorart.com\/de\/produkt\/kuenstlicher-landschaftsstein\/#primaryimage\"},\"image\":{\"@id\":\"https:\/\/terradecorart.com\/de\/produkt\/kuenstlicher-landschaftsstein\/#primaryimage\"},\"thumbnailUrl\":\"https:\/\/terradecorart.com\/wp-content\/uploads\/2026\/02\/artificial-landscape-rock.webp\",\"datePublished\":\"2026-02-09T13:30:26+00:00\",\"dateModified\":\"2026-04-02T13:54:10+00:00\",\"description\":\"K\u00fcnstlicher Landschaftsstein kann m\u00fchelos \u00fcberall platziert werden, innen oder au\u00dfen. Wir fertigen alle Ma\u00dfe nach Ihren W\u00fcnschen. Premiumqualit\u00e4t.\",\"breadcrumb\":{\"@id\":\"https:\/\/terradecorart.com\/de\/produkt\/kuenstlicher-landschaftsstein\/#breadcrumb\"},\"inLanguage\":\"de\",\"potentialAction\":[{\"@type\":\"ReadAction\",\"target\":[\"https:\/\/terradecorart.com\/de\/produkt\/kuenstlicher-landschaftsstein\/\"]}]},{\"@type\":\"ImageObject\",\"inLanguage\":\"de\",\"@id\":\"https:\/\/terradecorart.com\/de\/produkt\/kuenstlicher-landschaftsstein\/#primaryimage\",\"url\":\"https:\/\/terradecorart.com\/wp-content\/uploads\/2026\/02\/artificial-landscape-rock.webp\",\"contentUrl\":\"https:\/\/terradecorart.com\/wp-content\/uploads\/2026\/02\/artificial-landscape-rock.webp\",\"width\":1232,\"height\":928},{\"@type\":\"BreadcrumbList\",\"@id\":\"https:\/\/terradecorart.com\/de\/produkt\/kuenstlicher-landschaftsstein\/#breadcrumb\",\"itemListElement\":[{\"@type\":\"ListItem\",\"position\":1,\"name\":\"Home\",\"item\":\"https:\/\/terradecorart.com\/de\/\"},{\"@type\":\"ListItem\",\"position\":2,\"name\":\"Produkte\",\"item\":\"https:\/\/terradecorart.com\/de\/shop\/\"},{\"@type\":\"ListItem\",\"position\":3,\"name\":\"K\u00fcnstlicher Landschaftsstein\"}]},{\"@type\":\"WebSite\",\"@id\":\"https:\/\/terradecorart.com\/de\/#website\",\"url\":\"https:\/\/terradecorart.com\/de\/\",\"name\":\"Terradecor\",\"description\":\"Take your interior design\\u2028to the next level of style We are Terradecor, a Serbian company with 15 years of experience in creating decorative materials that look like natural stone.\",\"publisher\":{\"@id\":\"https:\/\/terradecorart.com\/de\/#organization\"},\"potentialAction\":[{\"@type\":\"SearchAction\",\"target\":{\"@type\":\"EntryPoint\",\"urlTemplate\":\"https:\/\/terradecorart.com\/de\/?s={search_term_string}\"},\"query-input\":{\"@type\":\"PropertyValueSpecification\",\"valueRequired\":true,\"valueName\":\"search_term_string\"}}],\"inLanguage\":\"de\"},{\"@type\":\"Organization\",\"@id\":\"https:\/\/terradecorart.com\/de\/#organization\",\"name\":\"Terradecor\",\"url\":\"https:\/\/terradecorart.com\/de\/\",\"logo\":{\"@type\":\"ImageObject\",\"inLanguage\":\"de\",\"@id\":\"https:\/\/terradecorart.com\/de\/#\/schema\/logo\/image\/\",\"url\":\"https:\/\/terradecorart.com\/wp-content\/uploads\/2026\/01\/Terra-sajt-logo.png\",\"contentUrl\":\"https:\/\/terradecorart.com\/wp-content\/uploads\/2026\/01\/Terra-sajt-logo.png\",\"width\":781,\"height\":188,\"caption\":\"Terradecor\"},\"image\":{\"@id\":\"https:\/\/terradecorart.com\/de\/#\/schema\/logo\/image\/\"}}]}<\/script>\n<!-- \/ Yoast SEO plugin. -->","yoast_head_json":{"title":"K\u00fcnstlicher Landschaftsstein | Terradecor","description":"K\u00fcnstlicher Landschaftsstein kann m\u00fchelos \u00fcberall platziert werden, innen oder au\u00dfen. Wir fertigen alle Ma\u00dfe nach Ihren W\u00fcnschen. Premiumqualit\u00e4t.","robots":{"index":"index","follow":"follow","max-snippet":"max-snippet:-1","max-image-preview":"max-image-preview:large","max-video-preview":"max-video-preview:-1"},"canonical":"https:\/\/terradecorart.com\/de\/produkt\/kuenstlicher-landschaftsstein\/","og_locale":"de_DE","og_type":"article","og_title":"K\u00fcnstlicher Landschaftsstein | Terradecor","og_description":"K\u00fcnstlicher Landschaftsstein kann m\u00fchelos \u00fcberall platziert werden, innen oder au\u00dfen. Wir fertigen alle Ma\u00dfe nach Ihren W\u00fcnschen. Premiumqualit\u00e4t.","og_url":"https:\/\/terradecorart.com\/de\/produkt\/kuenstlicher-landschaftsstein\/","og_site_name":"Terradecor","article_modified_time":"2026-04-02T13:54:10+00:00","og_image":[{"width":1232,"height":928,"url":"https:\/\/terradecorart.com\/wp-content\/uploads\/2026\/02\/artificial-landscape-rock.webp","type":"image\/webp"}],"twitter_card":"summary_large_image","twitter_misc":{"Gesch\u00e4tzte Lesezeit":"1\u00a0Minute"},"schema":{"@context":"https:\/\/schema.org","@graph":[{"@type":"WebPage","@id":"https:\/\/terradecorart.com\/de\/produkt\/kuenstlicher-landschaftsstein\/","url":"https:\/\/terradecorart.com\/de\/produkt\/kuenstlicher-landschaftsstein\/","name":"K\u00fcnstlicher Landschaftsstein | Terradecor","isPartOf":{"@id":"https:\/\/terradecorart.com\/de\/#website"},"primaryImageOfPage":{"@id":"https:\/\/terradecorart.com\/de\/produkt\/kuenstlicher-landschaftsstein\/#primaryimage"},"image":{"@id":"https:\/\/terradecorart.com\/de\/produkt\/kuenstlicher-landschaftsstein\/#primaryimage"},"thumbnailUrl":"https:\/\/terradecorart.com\/wp-content\/uploads\/2026\/02\/artificial-landscape-rock.webp","datePublished":"2026-02-09T13:30:26+00:00","dateModified":"2026-04-02T13:54:10+00:00","description":"K\u00fcnstlicher Landschaftsstein kann m\u00fchelos \u00fcberall platziert werden, innen oder au\u00dfen. Wir fertigen alle Ma\u00dfe nach Ihren W\u00fcnschen. Premiumqualit\u00e4t.","breadcrumb":{"@id":"https:\/\/terradecorart.com\/de\/produkt\/kuenstlicher-landschaftsstein\/#breadcrumb"},"inLanguage":"de","potentialAction":[{"@type":"ReadAction","target":["https:\/\/terradecorart.com\/de\/produkt\/kuenstlicher-landschaftsstein\/"]}]},{"@type":"ImageObject","inLanguage":"de","@id":"https:\/\/terradecorart.com\/de\/produkt\/kuenstlicher-landschaftsstein\/#primaryimage","url":"https:\/\/terradecorart.com\/wp-content\/uploads\/2026\/02\/artificial-landscape-rock.webp","contentUrl":"https:\/\/terradecorart.com\/wp-content\/uploads\/2026\/02\/artificial-landscape-rock.webp","width":1232,"height":928},{"@type":"BreadcrumbList","@id":"https:\/\/terradecorart.com\/de\/produkt\/kuenstlicher-landschaftsstein\/#breadcrumb","itemListElement":[{"@type":"ListItem","position":1,"name":"Home","item":"https:\/\/terradecorart.com\/de\/"},{"@type":"ListItem","position":2,"name":"Produkte","item":"https:\/\/terradecorart.com\/de\/shop\/"},{"@type":"ListItem","position":3,"name":"K\u00fcnstlicher Landschaftsstein"}]},{"@type":"WebSite","@id":"https:\/\/terradecorart.com\/de\/#website","url":"https:\/\/terradecorart.com\/de\/","name":"Terradecor","description":"Take your interior design\u2028to the next level of style We are Terradecor, a Serbian company with 15 years of experience in creating decorative materials that look like natural stone.","publisher":{"@id":"https:\/\/terradecorart.com\/de\/#organization"},"potentialAction":[{"@type":"SearchAction","target":{"@type":"EntryPoint","urlTemplate":"https:\/\/terradecorart.com\/de\/?s={search_term_string}"},"query-input":{"@type":"PropertyValueSpecification","valueRequired":true,"valueName":"search_term_string"}}],"inLanguage":"de"},{"@type":"Organization","@id":"https:\/\/terradecorart.com\/de\/#organization","name":"Terradecor","url":"https:\/\/terradecorart.com\/de\/","logo":{"@type":"ImageObject","inLanguage":"de","@id":"https:\/\/terradecorart.com\/de\/#\/schema\/logo\/image\/","url":"https:\/\/terradecorart.com\/wp-content\/uploads\/2026\/01\/Terra-sajt-logo.png","contentUrl":"https:\/\/terradecorart.com\/wp-content\/uploads\/2026\/01\/Terra-sajt-logo.png","width":781,"height":188,"caption":"Terradecor"},"image":{"@id":"https:\/\/terradecorart.com\/de\/#\/schema\/logo\/image\/"}}]}},"_links":{"self":[{"href":"https:\/\/terradecorart.com\/de\/wp-json\/wp\/v2\/product\/5628","targetHints":{"allow":["GET"]}}],"collection":[{"href":"https:\/\/terradecorart.com\/de\/wp-json\/wp\/v2\/product"}],"about":[{"href":"https:\/\/terradecorart.com\/de\/wp-json\/wp\/v2\/types\/product"}],"replies":[{"embeddable":true,"href":"https:\/\/terradecorart.com\/de\/wp-json\/wp\/v2\/comments?post=5628"}],"wp:featuredmedia":[{"embeddable":true,"href":"https:\/\/terradecorart.com\/de\/wp-json\/wp\/v2\/media\/5010"}],"wp:attachment":[{"href":"https:\/\/terradecorart.com\/de\/wp-json\/wp\/v2\/media?parent=5628"}],"wp:term":[{"taxonomy":"product_brand","embeddable":true,"href":"https:\/\/terradecorart.com\/de\/wp-json\/wp\/v2\/product_brand?post=5628"},{"taxonomy":"product_cat","embeddable":true,"href":"https:\/\/terradecorart.com\/de\/wp-json\/wp\/v2\/product_cat?post=5628"},{"taxonomy":"product_tag","embeddable":true,"href":"https:\/\/terradecorart.com\/de\/wp-json\/wp\/v2\/product_tag?post=5628"}],"curies":[{"name":"wp","href":"https:\/\/api.w.org\/{rel}","templated":true}]}}