{"id":5547,"date":"2025-11-10T08:32:33","date_gmt":"2025-11-10T08:32:33","guid":{"rendered":"https:\/\/terradecorart.com\/product\/dichter-bambus-spa-raumteiler\/"},"modified":"2025-11-10T08:32:33","modified_gmt":"2025-11-10T08:32:33","slug":"dichter-bambus-spa-raumteiler","status":"publish","type":"product","link":"https:\/\/terradecorart.com\/de\/produkt\/dichter-bambus-spa-raumteiler\/","title":{"rendered":"Dichter Bambus Spa-Raumteiler"},"content":{"rendered":"<div class=\"flex flex-col text-sm pb-25\">\n<article class=\"text-token-text-primary w-full focus:outline-none [--shadow-height:45px] has-data-writing-block:pointer-events-none has-data-writing-block:-mt-(--shadow-height) has-data-writing-block:pt-(--shadow-height) [&amp;:has([data-writing-block])&gt;*]:pointer-events-auto [content-visibility:auto] supports-[content-visibility:auto]:[contain-intrinsic-size:auto_100lvh] scroll-mt-[calc(var(--header-height)+min(200px,max(70px,20svh)))]\" dir=\"auto\" tabindex=\"-1\" data-turn-id=\"f1ec6221-fd6c-46bb-b10a-3f1d6eaba3e2\" data-testid=\"conversation-turn-2\" data-scroll-anchor=\"true\" data-turn=\"assistant\">\n<div class=\"text-base my-auto mx-auto pb-10 [--thread-content-margin:--spacing(4)] @w-sm\/main:[--thread-content-margin:--spacing(6)] @w-lg\/main:[--thread-content-margin:--spacing(16)] px-(--thread-content-margin)\">\n<div class=\"[--thread-content-max-width:40rem] @w-lg\/main:[--thread-content-max-width:48rem] mx-auto max-w-(--thread-content-max-width) flex-1 group\/turn-messages focus-visible:outline-hidden relative flex w-full min-w-0 flex-col agent-turn\" tabindex=\"-1\">\n<div class=\"flex max-w-full flex-col grow\">\n<div class=\"min-h-8 text-message relative flex w-full flex-col items-end gap-2 text-start break-words whitespace-normal [.text-message+&amp;]:mt-1\" dir=\"auto\" data-message-author-role=\"assistant\" data-message-id=\"3e14e1b5-12d8-4695-8408-8904529a33e2\" data-message-model-slug=\"gpt-5-2\">\n<div class=\"flex w-full flex-col gap-1 empty:hidden first:pt-[1px]\">\n<div class=\"markdown prose dark:prose-invert w-full wrap-break-word light markdown-new-styling\">\n<p data-start=\"171\" data-end=\"335\" data-is-last-node=\"\" data-is-only-node=\"\">Ultrarealistische, d\u00fcnne k\u00fcnstliche Bambusst\u00e4mme aus hochwertigen Materialien, ohne unangenehme Ger\u00fcche von Plastik oder recycelten Materialien. Preis f\u00fcr 2 laufende Meter. <\/p>\n<\/div>\n<\/div>\n<\/div>\n<\/div>\n<\/div>\n<\/div>\n<\/article>\n<\/div>\n","protected":false},"excerpt":{"rendered":"<p>Ultrarealistische, d\u00fcnne k\u00fcnstliche Bambusst\u00e4mme aus hochwertigen Materialien, ohne unangenehme Ger\u00fcche von Plastik oder recycelten Materialien. Preis f\u00fcr 2 laufende Meter.<\/p>\n","protected":false},"featured_media":3220,"comment_status":"open","ping_status":"closed","template":"","meta":{"_acf_changed":false},"product_brand":[],"product_cat":[153,173],"product_tag":[],"class_list":{"0":"post-5547","1":"product","2":"type-product","3":"status-publish","4":"has-post-thumbnail","6":"product_cat-innenraeume","7":"product_cat-spa","9":"first","10":"instock","11":"shipping-taxable","12":"purchasable","13":"product-type-simple"},"acf":[],"yoast_head":"<!-- This site is optimized with the Yoast SEO plugin v26.2 - https:\/\/yoast.com\/wordpress\/plugins\/seo\/ -->\n<title>Dichter Bambus Spa-Raumteiler | Terradecor<\/title>\n<meta name=\"robots\" content=\"index, follow, max-snippet:-1, max-image-preview:large, max-video-preview:-1\" \/>\n<link rel=\"canonical\" href=\"https:\/\/terradecorart.com\/de\/produkt\/dichter-bambus-spa-raumteiler\/\" \/>\n<meta property=\"og:locale\" content=\"de_DE\" \/>\n<meta property=\"og:type\" content=\"article\" \/>\n<meta property=\"og:title\" content=\"Dichter Bambus Spa-Raumteiler | Terradecor\" \/>\n<meta property=\"og:description\" content=\"Ultrarealistische, d\u00fcnne k\u00fcnstliche Bambusst\u00e4mme aus hochwertigen Materialien, ohne unangenehme Ger\u00fcche von Plastik oder recycelten Materialien. Preis f\u00fcr 2 laufende Meter.\" \/>\n<meta property=\"og:url\" content=\"https:\/\/terradecorart.com\/de\/produkt\/dichter-bambus-spa-raumteiler\/\" \/>\n<meta property=\"og:site_name\" content=\"Terradecor\" \/>\n<meta property=\"og:image\" content=\"https:\/\/terradecorart.com\/wp-content\/uploads\/2025\/11\/dense-bamboo-spa-divider.webp\" \/>\n\t<meta property=\"og:image:width\" content=\"1240\" \/>\n\t<meta property=\"og:image:height\" content=\"695\" \/>\n\t<meta property=\"og:image:type\" content=\"image\/webp\" \/>\n<meta name=\"twitter:card\" content=\"summary_large_image\" \/>\n<script type=\"application\/ld+json\" class=\"yoast-schema-graph\">{\"@context\":\"https:\/\/schema.org\",\"@graph\":[{\"@type\":\"WebPage\",\"@id\":\"https:\/\/terradecorart.com\/de\/produkt\/dichter-bambus-spa-raumteiler\/\",\"url\":\"https:\/\/terradecorart.com\/de\/produkt\/dichter-bambus-spa-raumteiler\/\",\"name\":\"Dichter Bambus Spa-Raumteiler | Terradecor\",\"isPartOf\":{\"@id\":\"https:\/\/terradecorart.com\/de\/#website\"},\"primaryImageOfPage\":{\"@id\":\"https:\/\/terradecorart.com\/de\/produkt\/dichter-bambus-spa-raumteiler\/#primaryimage\"},\"image\":{\"@id\":\"https:\/\/terradecorart.com\/de\/produkt\/dichter-bambus-spa-raumteiler\/#primaryimage\"},\"thumbnailUrl\":\"https:\/\/terradecorart.com\/wp-content\/uploads\/2025\/11\/dense-bamboo-spa-divider.webp\",\"datePublished\":\"2025-11-10T08:32:33+00:00\",\"breadcrumb\":{\"@id\":\"https:\/\/terradecorart.com\/de\/produkt\/dichter-bambus-spa-raumteiler\/#breadcrumb\"},\"inLanguage\":\"de\",\"potentialAction\":[{\"@type\":\"ReadAction\",\"target\":[\"https:\/\/terradecorart.com\/de\/produkt\/dichter-bambus-spa-raumteiler\/\"]}]},{\"@type\":\"ImageObject\",\"inLanguage\":\"de\",\"@id\":\"https:\/\/terradecorart.com\/de\/produkt\/dichter-bambus-spa-raumteiler\/#primaryimage\",\"url\":\"https:\/\/terradecorart.com\/wp-content\/uploads\/2025\/11\/dense-bamboo-spa-divider.webp\",\"contentUrl\":\"https:\/\/terradecorart.com\/wp-content\/uploads\/2025\/11\/dense-bamboo-spa-divider.webp\",\"width\":1240,\"height\":695},{\"@type\":\"BreadcrumbList\",\"@id\":\"https:\/\/terradecorart.com\/de\/produkt\/dichter-bambus-spa-raumteiler\/#breadcrumb\",\"itemListElement\":[{\"@type\":\"ListItem\",\"position\":1,\"name\":\"Home\",\"item\":\"https:\/\/terradecorart.com\/de\/\"},{\"@type\":\"ListItem\",\"position\":2,\"name\":\"Produkte\",\"item\":\"https:\/\/terradecorart.com\/de\/shop\/\"},{\"@type\":\"ListItem\",\"position\":3,\"name\":\"Dichter Bambus Spa-Raumteiler\"}]},{\"@type\":\"WebSite\",\"@id\":\"https:\/\/terradecorart.com\/de\/#website\",\"url\":\"https:\/\/terradecorart.com\/de\/\",\"name\":\"Terradecor\",\"description\":\"Take your interior design\\u2028to the next level of style We are Terradecor, a Serbian company with 15 years of experience in creating decorative materials that look like natural stone.\",\"publisher\":{\"@id\":\"https:\/\/terradecorart.com\/de\/#organization\"},\"potentialAction\":[{\"@type\":\"SearchAction\",\"target\":{\"@type\":\"EntryPoint\",\"urlTemplate\":\"https:\/\/terradecorart.com\/de\/?s={search_term_string}\"},\"query-input\":{\"@type\":\"PropertyValueSpecification\",\"valueRequired\":true,\"valueName\":\"search_term_string\"}}],\"inLanguage\":\"de\"},{\"@type\":\"Organization\",\"@id\":\"https:\/\/terradecorart.com\/de\/#organization\",\"name\":\"Terradecor\",\"url\":\"https:\/\/terradecorart.com\/de\/\",\"logo\":{\"@type\":\"ImageObject\",\"inLanguage\":\"de\",\"@id\":\"https:\/\/terradecorart.com\/de\/#\/schema\/logo\/image\/\",\"url\":\"https:\/\/terradecorart.com\/wp-content\/uploads\/2026\/01\/Terra-sajt-logo.png\",\"contentUrl\":\"https:\/\/terradecorart.com\/wp-content\/uploads\/2026\/01\/Terra-sajt-logo.png\",\"width\":781,\"height\":188,\"caption\":\"Terradecor\"},\"image\":{\"@id\":\"https:\/\/terradecorart.com\/de\/#\/schema\/logo\/image\/\"}}]}<\/script>\n<!-- \/ Yoast SEO plugin. -->","yoast_head_json":{"title":"Dichter Bambus Spa-Raumteiler | Terradecor","robots":{"index":"index","follow":"follow","max-snippet":"max-snippet:-1","max-image-preview":"max-image-preview:large","max-video-preview":"max-video-preview:-1"},"canonical":"https:\/\/terradecorart.com\/de\/produkt\/dichter-bambus-spa-raumteiler\/","og_locale":"de_DE","og_type":"article","og_title":"Dichter Bambus Spa-Raumteiler | Terradecor","og_description":"Ultrarealistische, d\u00fcnne k\u00fcnstliche Bambusst\u00e4mme aus hochwertigen Materialien, ohne unangenehme Ger\u00fcche von Plastik oder recycelten Materialien. Preis f\u00fcr 2 laufende Meter.","og_url":"https:\/\/terradecorart.com\/de\/produkt\/dichter-bambus-spa-raumteiler\/","og_site_name":"Terradecor","og_image":[{"width":1240,"height":695,"url":"https:\/\/terradecorart.com\/wp-content\/uploads\/2025\/11\/dense-bamboo-spa-divider.webp","type":"image\/webp"}],"twitter_card":"summary_large_image","schema":{"@context":"https:\/\/schema.org","@graph":[{"@type":"WebPage","@id":"https:\/\/terradecorart.com\/de\/produkt\/dichter-bambus-spa-raumteiler\/","url":"https:\/\/terradecorart.com\/de\/produkt\/dichter-bambus-spa-raumteiler\/","name":"Dichter Bambus Spa-Raumteiler | Terradecor","isPartOf":{"@id":"https:\/\/terradecorart.com\/de\/#website"},"primaryImageOfPage":{"@id":"https:\/\/terradecorart.com\/de\/produkt\/dichter-bambus-spa-raumteiler\/#primaryimage"},"image":{"@id":"https:\/\/terradecorart.com\/de\/produkt\/dichter-bambus-spa-raumteiler\/#primaryimage"},"thumbnailUrl":"https:\/\/terradecorart.com\/wp-content\/uploads\/2025\/11\/dense-bamboo-spa-divider.webp","datePublished":"2025-11-10T08:32:33+00:00","breadcrumb":{"@id":"https:\/\/terradecorart.com\/de\/produkt\/dichter-bambus-spa-raumteiler\/#breadcrumb"},"inLanguage":"de","potentialAction":[{"@type":"ReadAction","target":["https:\/\/terradecorart.com\/de\/produkt\/dichter-bambus-spa-raumteiler\/"]}]},{"@type":"ImageObject","inLanguage":"de","@id":"https:\/\/terradecorart.com\/de\/produkt\/dichter-bambus-spa-raumteiler\/#primaryimage","url":"https:\/\/terradecorart.com\/wp-content\/uploads\/2025\/11\/dense-bamboo-spa-divider.webp","contentUrl":"https:\/\/terradecorart.com\/wp-content\/uploads\/2025\/11\/dense-bamboo-spa-divider.webp","width":1240,"height":695},{"@type":"BreadcrumbList","@id":"https:\/\/terradecorart.com\/de\/produkt\/dichter-bambus-spa-raumteiler\/#breadcrumb","itemListElement":[{"@type":"ListItem","position":1,"name":"Home","item":"https:\/\/terradecorart.com\/de\/"},{"@type":"ListItem","position":2,"name":"Produkte","item":"https:\/\/terradecorart.com\/de\/shop\/"},{"@type":"ListItem","position":3,"name":"Dichter Bambus Spa-Raumteiler"}]},{"@type":"WebSite","@id":"https:\/\/terradecorart.com\/de\/#website","url":"https:\/\/terradecorart.com\/de\/","name":"Terradecor","description":"Take your interior design\u2028to the next level of style We are Terradecor, a Serbian company with 15 years of experience in creating decorative materials that look like natural stone.","publisher":{"@id":"https:\/\/terradecorart.com\/de\/#organization"},"potentialAction":[{"@type":"SearchAction","target":{"@type":"EntryPoint","urlTemplate":"https:\/\/terradecorart.com\/de\/?s={search_term_string}"},"query-input":{"@type":"PropertyValueSpecification","valueRequired":true,"valueName":"search_term_string"}}],"inLanguage":"de"},{"@type":"Organization","@id":"https:\/\/terradecorart.com\/de\/#organization","name":"Terradecor","url":"https:\/\/terradecorart.com\/de\/","logo":{"@type":"ImageObject","inLanguage":"de","@id":"https:\/\/terradecorart.com\/de\/#\/schema\/logo\/image\/","url":"https:\/\/terradecorart.com\/wp-content\/uploads\/2026\/01\/Terra-sajt-logo.png","contentUrl":"https:\/\/terradecorart.com\/wp-content\/uploads\/2026\/01\/Terra-sajt-logo.png","width":781,"height":188,"caption":"Terradecor"},"image":{"@id":"https:\/\/terradecorart.com\/de\/#\/schema\/logo\/image\/"}}]}},"_links":{"self":[{"href":"https:\/\/terradecorart.com\/de\/wp-json\/wp\/v2\/product\/5547","targetHints":{"allow":["GET"]}}],"collection":[{"href":"https:\/\/terradecorart.com\/de\/wp-json\/wp\/v2\/product"}],"about":[{"href":"https:\/\/terradecorart.com\/de\/wp-json\/wp\/v2\/types\/product"}],"replies":[{"embeddable":true,"href":"https:\/\/terradecorart.com\/de\/wp-json\/wp\/v2\/comments?post=5547"}],"wp:featuredmedia":[{"embeddable":true,"href":"https:\/\/terradecorart.com\/de\/wp-json\/wp\/v2\/media\/3220"}],"wp:attachment":[{"href":"https:\/\/terradecorart.com\/de\/wp-json\/wp\/v2\/media?parent=5547"}],"wp:term":[{"taxonomy":"product_brand","embeddable":true,"href":"https:\/\/terradecorart.com\/de\/wp-json\/wp\/v2\/product_brand?post=5547"},{"taxonomy":"product_cat","embeddable":true,"href":"https:\/\/terradecorart.com\/de\/wp-json\/wp\/v2\/product_cat?post=5547"},{"taxonomy":"product_tag","embeddable":true,"href":"https:\/\/terradecorart.com\/de\/wp-json\/wp\/v2\/product_tag?post=5547"}],"curies":[{"name":"wp","href":"https:\/\/api.w.org\/{rel}","templated":true}]}}