{"id":5517,"date":"2025-11-10T08:51:05","date_gmt":"2025-11-10T08:51:05","guid":{"rendered":"https:\/\/terradecorart.com\/product\/carport-aus-stein-und-holz\/"},"modified":"2026-04-02T07:29:39","modified_gmt":"2026-04-02T07:29:39","slug":"carport-aus-stein-und-holz","status":"publish","type":"product","link":"https:\/\/terradecorart.com\/de\/produkt\/carport-aus-stein-und-holz\/","title":{"rendered":"Carport aus Stein und Holz"},"content":{"rendered":"<p>Dies ist ein leichtes, ultrarealistisches Paneel, das gegen UV-Strahlen, Hitze, Wasser und St\u00f6\u00dfe best\u00e4ndig ist. Leicht zu reinigen mit Haushaltsreinigern und milden Scheuermitteln. Preis pro m\u00b2  <\/p>\n","protected":false},"excerpt":{"rendered":"<p>Dies ist ein leichtes, ultrarealistisches Paneel, das gegen UV-Strahlen, Hitze, Wasser und St\u00f6\u00dfe best\u00e4ndig ist. Leicht zu reinigen mit Haushaltsreinigern und milden Scheuermitteln. Preis pro m\u00b2<\/p>\n","protected":false},"featured_media":5518,"comment_status":"open","ping_status":"closed","template":"","meta":{"_acf_changed":false},"product_brand":[],"product_cat":[151,158],"product_tag":[],"class_list":{"0":"post-5517","1":"product","2":"type-product","3":"status-publish","4":"has-post-thumbnail","6":"product_cat-ausenbereiche","7":"product_cat-garage","9":"first","10":"instock","11":"shipping-taxable","12":"purchasable","13":"product-type-simple"},"acf":[],"yoast_head":"<!-- This site is optimized with the Yoast SEO plugin v26.2 - https:\/\/yoast.com\/wordpress\/plugins\/seo\/ -->\n<title>Carport aus Stein und Holz | Terradecor<\/title>\n<meta name=\"description\" content=\"Ein Carport aus Stein und Holz bringt ein ultra-realistisches St\u00fcck Natur in Ihren Au\u00dfenbereich. Premium-Qualit\u00e4t, schnelle Montage, lebenslange Garantie.\" \/>\n<meta name=\"robots\" content=\"index, follow, max-snippet:-1, max-image-preview:large, max-video-preview:-1\" \/>\n<link rel=\"canonical\" href=\"https:\/\/terradecorart.com\/de\/produkt\/carport-aus-stein-und-holz\/\" \/>\n<meta property=\"og:locale\" content=\"de_DE\" \/>\n<meta property=\"og:type\" content=\"article\" \/>\n<meta property=\"og:title\" content=\"Carport aus Stein und Holz | Terradecor\" \/>\n<meta property=\"og:description\" content=\"Ein Carport aus Stein und Holz bringt ein ultra-realistisches St\u00fcck Natur in Ihren Au\u00dfenbereich. Premium-Qualit\u00e4t, schnelle Montage, lebenslange Garantie.\" \/>\n<meta property=\"og:url\" content=\"https:\/\/terradecorart.com\/de\/produkt\/carport-aus-stein-und-holz\/\" \/>\n<meta property=\"og:site_name\" content=\"Terradecor\" \/>\n<meta property=\"article:modified_time\" content=\"2026-04-02T07:29:39+00:00\" \/>\n<meta property=\"og:image\" content=\"https:\/\/terradecorart.com\/wp-content\/uploads\/2025\/11\/stone-wood-carport-1024x576.png\" \/>\n\t<meta property=\"og:image:width\" content=\"1024\" \/>\n\t<meta property=\"og:image:height\" content=\"576\" \/>\n\t<meta property=\"og:image:type\" content=\"image\/png\" \/>\n<meta name=\"twitter:card\" content=\"summary_large_image\" \/>\n<meta name=\"twitter:label1\" content=\"Gesch\u00e4tzte Lesezeit\" \/>\n\t<meta name=\"twitter:data1\" content=\"1\u00a0Minute\" \/>\n<script type=\"application\/ld+json\" class=\"yoast-schema-graph\">{\"@context\":\"https:\/\/schema.org\",\"@graph\":[{\"@type\":\"WebPage\",\"@id\":\"https:\/\/terradecorart.com\/de\/produkt\/carport-aus-stein-und-holz\/\",\"url\":\"https:\/\/terradecorart.com\/de\/produkt\/carport-aus-stein-und-holz\/\",\"name\":\"Carport aus Stein und Holz | Terradecor\",\"isPartOf\":{\"@id\":\"https:\/\/terradecorart.com\/de\/#website\"},\"primaryImageOfPage\":{\"@id\":\"https:\/\/terradecorart.com\/de\/produkt\/carport-aus-stein-und-holz\/#primaryimage\"},\"image\":{\"@id\":\"https:\/\/terradecorart.com\/de\/produkt\/carport-aus-stein-und-holz\/#primaryimage\"},\"thumbnailUrl\":\"https:\/\/terradecorart.com\/wp-content\/uploads\/2025\/11\/stone-wood-carport.png\",\"datePublished\":\"2025-11-10T08:51:05+00:00\",\"dateModified\":\"2026-04-02T07:29:39+00:00\",\"description\":\"Ein Carport aus Stein und Holz bringt ein ultra-realistisches St\u00fcck Natur in Ihren Au\u00dfenbereich. Premium-Qualit\u00e4t, schnelle Montage, lebenslange Garantie.\",\"breadcrumb\":{\"@id\":\"https:\/\/terradecorart.com\/de\/produkt\/carport-aus-stein-und-holz\/#breadcrumb\"},\"inLanguage\":\"de\",\"potentialAction\":[{\"@type\":\"ReadAction\",\"target\":[\"https:\/\/terradecorart.com\/de\/produkt\/carport-aus-stein-und-holz\/\"]}]},{\"@type\":\"ImageObject\",\"inLanguage\":\"de\",\"@id\":\"https:\/\/terradecorart.com\/de\/produkt\/carport-aus-stein-und-holz\/#primaryimage\",\"url\":\"https:\/\/terradecorart.com\/wp-content\/uploads\/2025\/11\/stone-wood-carport.png\",\"contentUrl\":\"https:\/\/terradecorart.com\/wp-content\/uploads\/2025\/11\/stone-wood-carport.png\",\"width\":1600,\"height\":900},{\"@type\":\"BreadcrumbList\",\"@id\":\"https:\/\/terradecorart.com\/de\/produkt\/carport-aus-stein-und-holz\/#breadcrumb\",\"itemListElement\":[{\"@type\":\"ListItem\",\"position\":1,\"name\":\"Home\",\"item\":\"https:\/\/terradecorart.com\/de\/\"},{\"@type\":\"ListItem\",\"position\":2,\"name\":\"Shop\",\"item\":\"https:\/\/terradecorart.com\/de\/shop\/\"},{\"@type\":\"ListItem\",\"position\":3,\"name\":\"Carport aus Stein und Holz\"}]},{\"@type\":\"WebSite\",\"@id\":\"https:\/\/terradecorart.com\/de\/#website\",\"url\":\"https:\/\/terradecorart.com\/de\/\",\"name\":\"Terradecor\",\"description\":\"Take your interior design\\u2028to the next level of style We are Terradecor, a Serbian company with 15 years of experience in creating decorative materials that look like natural stone.\",\"publisher\":{\"@id\":\"https:\/\/terradecorart.com\/de\/#organization\"},\"potentialAction\":[{\"@type\":\"SearchAction\",\"target\":{\"@type\":\"EntryPoint\",\"urlTemplate\":\"https:\/\/terradecorart.com\/de\/?s={search_term_string}\"},\"query-input\":{\"@type\":\"PropertyValueSpecification\",\"valueRequired\":true,\"valueName\":\"search_term_string\"}}],\"inLanguage\":\"de\"},{\"@type\":\"Organization\",\"@id\":\"https:\/\/terradecorart.com\/de\/#organization\",\"name\":\"Terradecor\",\"url\":\"https:\/\/terradecorart.com\/de\/\",\"logo\":{\"@type\":\"ImageObject\",\"inLanguage\":\"de\",\"@id\":\"https:\/\/terradecorart.com\/de\/#\/schema\/logo\/image\/\",\"url\":\"https:\/\/terradecorart.com\/wp-content\/uploads\/2026\/01\/Terra-sajt-logo.png\",\"contentUrl\":\"https:\/\/terradecorart.com\/wp-content\/uploads\/2026\/01\/Terra-sajt-logo.png\",\"width\":781,\"height\":188,\"caption\":\"Terradecor\"},\"image\":{\"@id\":\"https:\/\/terradecorart.com\/de\/#\/schema\/logo\/image\/\"}}]}<\/script>\n<!-- \/ Yoast SEO plugin. -->","yoast_head_json":{"title":"Carport aus Stein und Holz | Terradecor","description":"Ein Carport aus Stein und Holz bringt ein ultra-realistisches St\u00fcck Natur in Ihren Au\u00dfenbereich. Premium-Qualit\u00e4t, schnelle Montage, lebenslange Garantie.","robots":{"index":"index","follow":"follow","max-snippet":"max-snippet:-1","max-image-preview":"max-image-preview:large","max-video-preview":"max-video-preview:-1"},"canonical":"https:\/\/terradecorart.com\/de\/produkt\/carport-aus-stein-und-holz\/","og_locale":"de_DE","og_type":"article","og_title":"Carport aus Stein und Holz | Terradecor","og_description":"Ein Carport aus Stein und Holz bringt ein ultra-realistisches St\u00fcck Natur in Ihren Au\u00dfenbereich. Premium-Qualit\u00e4t, schnelle Montage, lebenslange Garantie.","og_url":"https:\/\/terradecorart.com\/de\/produkt\/carport-aus-stein-und-holz\/","og_site_name":"Terradecor","article_modified_time":"2026-04-02T07:29:39+00:00","og_image":[{"width":1024,"height":576,"url":"https:\/\/terradecorart.com\/wp-content\/uploads\/2025\/11\/stone-wood-carport-1024x576.png","type":"image\/png"}],"twitter_card":"summary_large_image","twitter_misc":{"Gesch\u00e4tzte Lesezeit":"1\u00a0Minute"},"schema":{"@context":"https:\/\/schema.org","@graph":[{"@type":"WebPage","@id":"https:\/\/terradecorart.com\/de\/produkt\/carport-aus-stein-und-holz\/","url":"https:\/\/terradecorart.com\/de\/produkt\/carport-aus-stein-und-holz\/","name":"Carport aus Stein und Holz | Terradecor","isPartOf":{"@id":"https:\/\/terradecorart.com\/de\/#website"},"primaryImageOfPage":{"@id":"https:\/\/terradecorart.com\/de\/produkt\/carport-aus-stein-und-holz\/#primaryimage"},"image":{"@id":"https:\/\/terradecorart.com\/de\/produkt\/carport-aus-stein-und-holz\/#primaryimage"},"thumbnailUrl":"https:\/\/terradecorart.com\/wp-content\/uploads\/2025\/11\/stone-wood-carport.png","datePublished":"2025-11-10T08:51:05+00:00","dateModified":"2026-04-02T07:29:39+00:00","description":"Ein Carport aus Stein und Holz bringt ein ultra-realistisches St\u00fcck Natur in Ihren Au\u00dfenbereich. Premium-Qualit\u00e4t, schnelle Montage, lebenslange Garantie.","breadcrumb":{"@id":"https:\/\/terradecorart.com\/de\/produkt\/carport-aus-stein-und-holz\/#breadcrumb"},"inLanguage":"de","potentialAction":[{"@type":"ReadAction","target":["https:\/\/terradecorart.com\/de\/produkt\/carport-aus-stein-und-holz\/"]}]},{"@type":"ImageObject","inLanguage":"de","@id":"https:\/\/terradecorart.com\/de\/produkt\/carport-aus-stein-und-holz\/#primaryimage","url":"https:\/\/terradecorart.com\/wp-content\/uploads\/2025\/11\/stone-wood-carport.png","contentUrl":"https:\/\/terradecorart.com\/wp-content\/uploads\/2025\/11\/stone-wood-carport.png","width":1600,"height":900},{"@type":"BreadcrumbList","@id":"https:\/\/terradecorart.com\/de\/produkt\/carport-aus-stein-und-holz\/#breadcrumb","itemListElement":[{"@type":"ListItem","position":1,"name":"Home","item":"https:\/\/terradecorart.com\/de\/"},{"@type":"ListItem","position":2,"name":"Shop","item":"https:\/\/terradecorart.com\/de\/shop\/"},{"@type":"ListItem","position":3,"name":"Carport aus Stein und Holz"}]},{"@type":"WebSite","@id":"https:\/\/terradecorart.com\/de\/#website","url":"https:\/\/terradecorart.com\/de\/","name":"Terradecor","description":"Take your interior design\u2028to the next level of style We are Terradecor, a Serbian company with 15 years of experience in creating decorative materials that look like natural stone.","publisher":{"@id":"https:\/\/terradecorart.com\/de\/#organization"},"potentialAction":[{"@type":"SearchAction","target":{"@type":"EntryPoint","urlTemplate":"https:\/\/terradecorart.com\/de\/?s={search_term_string}"},"query-input":{"@type":"PropertyValueSpecification","valueRequired":true,"valueName":"search_term_string"}}],"inLanguage":"de"},{"@type":"Organization","@id":"https:\/\/terradecorart.com\/de\/#organization","name":"Terradecor","url":"https:\/\/terradecorart.com\/de\/","logo":{"@type":"ImageObject","inLanguage":"de","@id":"https:\/\/terradecorart.com\/de\/#\/schema\/logo\/image\/","url":"https:\/\/terradecorart.com\/wp-content\/uploads\/2026\/01\/Terra-sajt-logo.png","contentUrl":"https:\/\/terradecorart.com\/wp-content\/uploads\/2026\/01\/Terra-sajt-logo.png","width":781,"height":188,"caption":"Terradecor"},"image":{"@id":"https:\/\/terradecorart.com\/de\/#\/schema\/logo\/image\/"}}]}},"_links":{"self":[{"href":"https:\/\/terradecorart.com\/de\/wp-json\/wp\/v2\/product\/5517","targetHints":{"allow":["GET"]}}],"collection":[{"href":"https:\/\/terradecorart.com\/de\/wp-json\/wp\/v2\/product"}],"about":[{"href":"https:\/\/terradecorart.com\/de\/wp-json\/wp\/v2\/types\/product"}],"replies":[{"embeddable":true,"href":"https:\/\/terradecorart.com\/de\/wp-json\/wp\/v2\/comments?post=5517"}],"wp:featuredmedia":[{"embeddable":true,"href":"https:\/\/terradecorart.com\/de\/wp-json\/wp\/v2\/media\/5518"}],"wp:attachment":[{"href":"https:\/\/terradecorart.com\/de\/wp-json\/wp\/v2\/media?parent=5517"}],"wp:term":[{"taxonomy":"product_brand","embeddable":true,"href":"https:\/\/terradecorart.com\/de\/wp-json\/wp\/v2\/product_brand?post=5517"},{"taxonomy":"product_cat","embeddable":true,"href":"https:\/\/terradecorart.com\/de\/wp-json\/wp\/v2\/product_cat?post=5517"},{"taxonomy":"product_tag","embeddable":true,"href":"https:\/\/terradecorart.com\/de\/wp-json\/wp\/v2\/product_tag?post=5517"}],"curies":[{"name":"wp","href":"https:\/\/api.w.org\/{rel}","templated":true}]}}