{"id":5465,"date":"2025-11-10T07:48:18","date_gmt":"2025-11-10T07:48:18","guid":{"rendered":"https:\/\/terradecorart.com\/product\/dark-canyon-felsen-garagenverkleidung\/"},"modified":"2026-04-02T08:47:39","modified_gmt":"2026-04-02T08:47:39","slug":"dark-canyon-felsen-garagenverkleidung","status":"publish","type":"product","link":"https:\/\/terradecorart.com\/de\/produkt\/dark-canyon-felsen-garagenverkleidung\/","title":{"rendered":"Garagenverkleidung Dark Canyon Rock"},"content":{"rendered":"<p>Dies ist ein leichtes, ultrarealistisches Paneel, das gegen UV-Strahlen, Hitze, Wasser und St\u00f6\u00dfe best\u00e4ndig ist. Leicht zu reinigen mit Haushaltsreinigern und milden Scheuermitteln. Preis pro m\u00b2  <\/p>\n","protected":false},"excerpt":{"rendered":"<p>Dies ist ein leichtes, ultrarealistisches Paneel, das gegen UV-Strahlen, Hitze, Wasser und St\u00f6\u00dfe best\u00e4ndig ist. Leicht zu reinigen mit Haushaltsreinigern und milden Scheuermitteln. Preis pro m\u00b2<\/p>\n","protected":false},"featured_media":5467,"comment_status":"open","ping_status":"closed","template":"","meta":{"_acf_changed":false},"product_brand":[],"product_cat":[151,158],"product_tag":[],"class_list":{"0":"post-5465","1":"product","2":"type-product","3":"status-publish","4":"has-post-thumbnail","6":"product_cat-ausenbereiche","7":"product_cat-garage","9":"first","10":"instock","11":"shipping-taxable","12":"purchasable","13":"product-type-simple"},"acf":[],"yoast_head":"<!-- This site is optimized with the Yoast SEO plugin v26.2 - https:\/\/yoast.com\/wordpress\/plugins\/seo\/ -->\n<title>Garagenverkleidung Dark Canyon Rock | Terradecor<\/title>\n<meta name=\"description\" content=\"Die Dark Canyon Rock Garagenverkleidung bringt ein ultra-realistisches St\u00fcck Natur in Ihren Au\u00dfenbereich. Premium-Qualit\u00e4t, schnelle Montage.\" \/>\n<meta name=\"robots\" content=\"index, follow, max-snippet:-1, max-image-preview:large, max-video-preview:-1\" \/>\n<link rel=\"canonical\" href=\"https:\/\/terradecorart.com\/de\/produkt\/dark-canyon-felsen-garagenverkleidung\/\" \/>\n<meta property=\"og:locale\" content=\"de_DE\" \/>\n<meta property=\"og:type\" content=\"article\" \/>\n<meta property=\"og:title\" content=\"Garagenverkleidung Dark Canyon Rock | Terradecor\" \/>\n<meta property=\"og:description\" content=\"Die Dark Canyon Rock Garagenverkleidung bringt ein ultra-realistisches St\u00fcck Natur in Ihren Au\u00dfenbereich. Premium-Qualit\u00e4t, schnelle Montage.\" \/>\n<meta property=\"og:url\" content=\"https:\/\/terradecorart.com\/de\/produkt\/dark-canyon-felsen-garagenverkleidung\/\" \/>\n<meta property=\"og:site_name\" content=\"Terradecor\" \/>\n<meta property=\"article:modified_time\" content=\"2026-04-02T08:47:39+00:00\" \/>\n<meta property=\"og:image\" content=\"https:\/\/terradecorart.com\/wp-content\/uploads\/2025\/11\/dark-canyon-rock-garage-cladding.webp\" \/>\n\t<meta property=\"og:image:width\" content=\"1920\" \/>\n\t<meta property=\"og:image:height\" content=\"1088\" \/>\n\t<meta property=\"og:image:type\" content=\"image\/webp\" \/>\n<meta name=\"twitter:card\" content=\"summary_large_image\" \/>\n<meta name=\"twitter:label1\" content=\"Gesch\u00e4tzte Lesezeit\" \/>\n\t<meta name=\"twitter:data1\" content=\"1\u00a0Minute\" \/>\n<script type=\"application\/ld+json\" class=\"yoast-schema-graph\">{\"@context\":\"https:\/\/schema.org\",\"@graph\":[{\"@type\":\"WebPage\",\"@id\":\"https:\/\/terradecorart.com\/de\/produkt\/dark-canyon-felsen-garagenverkleidung\/\",\"url\":\"https:\/\/terradecorart.com\/de\/produkt\/dark-canyon-felsen-garagenverkleidung\/\",\"name\":\"Garagenverkleidung Dark Canyon Rock | Terradecor\",\"isPartOf\":{\"@id\":\"https:\/\/terradecorart.com\/de\/#website\"},\"primaryImageOfPage\":{\"@id\":\"https:\/\/terradecorart.com\/de\/produkt\/dark-canyon-felsen-garagenverkleidung\/#primaryimage\"},\"image\":{\"@id\":\"https:\/\/terradecorart.com\/de\/produkt\/dark-canyon-felsen-garagenverkleidung\/#primaryimage\"},\"thumbnailUrl\":\"https:\/\/terradecorart.com\/wp-content\/uploads\/2025\/11\/dark-canyon-rock-garage-cladding.webp\",\"datePublished\":\"2025-11-10T07:48:18+00:00\",\"dateModified\":\"2026-04-02T08:47:39+00:00\",\"description\":\"Die Dark Canyon Rock Garagenverkleidung bringt ein ultra-realistisches St\u00fcck Natur in Ihren Au\u00dfenbereich. Premium-Qualit\u00e4t, schnelle Montage.\",\"breadcrumb\":{\"@id\":\"https:\/\/terradecorart.com\/de\/produkt\/dark-canyon-felsen-garagenverkleidung\/#breadcrumb\"},\"inLanguage\":\"de\",\"potentialAction\":[{\"@type\":\"ReadAction\",\"target\":[\"https:\/\/terradecorart.com\/de\/produkt\/dark-canyon-felsen-garagenverkleidung\/\"]}]},{\"@type\":\"ImageObject\",\"inLanguage\":\"de\",\"@id\":\"https:\/\/terradecorart.com\/de\/produkt\/dark-canyon-felsen-garagenverkleidung\/#primaryimage\",\"url\":\"https:\/\/terradecorart.com\/wp-content\/uploads\/2025\/11\/dark-canyon-rock-garage-cladding.webp\",\"contentUrl\":\"https:\/\/terradecorart.com\/wp-content\/uploads\/2025\/11\/dark-canyon-rock-garage-cladding.webp\",\"width\":1920,\"height\":1088},{\"@type\":\"BreadcrumbList\",\"@id\":\"https:\/\/terradecorart.com\/de\/produkt\/dark-canyon-felsen-garagenverkleidung\/#breadcrumb\",\"itemListElement\":[{\"@type\":\"ListItem\",\"position\":1,\"name\":\"Home\",\"item\":\"https:\/\/terradecorart.com\/de\/\"},{\"@type\":\"ListItem\",\"position\":2,\"name\":\"Produkte\",\"item\":\"https:\/\/terradecorart.com\/de\/shop\/\"},{\"@type\":\"ListItem\",\"position\":3,\"name\":\"Garagenverkleidung Dark Canyon Rock\"}]},{\"@type\":\"WebSite\",\"@id\":\"https:\/\/terradecorart.com\/de\/#website\",\"url\":\"https:\/\/terradecorart.com\/de\/\",\"name\":\"Terradecor\",\"description\":\"Take your interior design\\u2028to the next level of style We are Terradecor, a Serbian company with 15 years of experience in creating decorative materials that look like natural stone.\",\"publisher\":{\"@id\":\"https:\/\/terradecorart.com\/de\/#organization\"},\"potentialAction\":[{\"@type\":\"SearchAction\",\"target\":{\"@type\":\"EntryPoint\",\"urlTemplate\":\"https:\/\/terradecorart.com\/de\/?s={search_term_string}\"},\"query-input\":{\"@type\":\"PropertyValueSpecification\",\"valueRequired\":true,\"valueName\":\"search_term_string\"}}],\"inLanguage\":\"de\"},{\"@type\":\"Organization\",\"@id\":\"https:\/\/terradecorart.com\/de\/#organization\",\"name\":\"Terradecor\",\"url\":\"https:\/\/terradecorart.com\/de\/\",\"logo\":{\"@type\":\"ImageObject\",\"inLanguage\":\"de\",\"@id\":\"https:\/\/terradecorart.com\/de\/#\/schema\/logo\/image\/\",\"url\":\"https:\/\/terradecorart.com\/wp-content\/uploads\/2026\/01\/Terra-sajt-logo.png\",\"contentUrl\":\"https:\/\/terradecorart.com\/wp-content\/uploads\/2026\/01\/Terra-sajt-logo.png\",\"width\":781,\"height\":188,\"caption\":\"Terradecor\"},\"image\":{\"@id\":\"https:\/\/terradecorart.com\/de\/#\/schema\/logo\/image\/\"}}]}<\/script>\n<!-- \/ Yoast SEO plugin. -->","yoast_head_json":{"title":"Garagenverkleidung Dark Canyon Rock | Terradecor","description":"Die Dark Canyon Rock Garagenverkleidung bringt ein ultra-realistisches St\u00fcck Natur in Ihren Au\u00dfenbereich. Premium-Qualit\u00e4t, schnelle Montage.","robots":{"index":"index","follow":"follow","max-snippet":"max-snippet:-1","max-image-preview":"max-image-preview:large","max-video-preview":"max-video-preview:-1"},"canonical":"https:\/\/terradecorart.com\/de\/produkt\/dark-canyon-felsen-garagenverkleidung\/","og_locale":"de_DE","og_type":"article","og_title":"Garagenverkleidung Dark Canyon Rock | Terradecor","og_description":"Die Dark Canyon Rock Garagenverkleidung bringt ein ultra-realistisches St\u00fcck Natur in Ihren Au\u00dfenbereich. Premium-Qualit\u00e4t, schnelle Montage.","og_url":"https:\/\/terradecorart.com\/de\/produkt\/dark-canyon-felsen-garagenverkleidung\/","og_site_name":"Terradecor","article_modified_time":"2026-04-02T08:47:39+00:00","og_image":[{"width":1920,"height":1088,"url":"https:\/\/terradecorart.com\/wp-content\/uploads\/2025\/11\/dark-canyon-rock-garage-cladding.webp","type":"image\/webp"}],"twitter_card":"summary_large_image","twitter_misc":{"Gesch\u00e4tzte Lesezeit":"1\u00a0Minute"},"schema":{"@context":"https:\/\/schema.org","@graph":[{"@type":"WebPage","@id":"https:\/\/terradecorart.com\/de\/produkt\/dark-canyon-felsen-garagenverkleidung\/","url":"https:\/\/terradecorart.com\/de\/produkt\/dark-canyon-felsen-garagenverkleidung\/","name":"Garagenverkleidung Dark Canyon Rock | Terradecor","isPartOf":{"@id":"https:\/\/terradecorart.com\/de\/#website"},"primaryImageOfPage":{"@id":"https:\/\/terradecorart.com\/de\/produkt\/dark-canyon-felsen-garagenverkleidung\/#primaryimage"},"image":{"@id":"https:\/\/terradecorart.com\/de\/produkt\/dark-canyon-felsen-garagenverkleidung\/#primaryimage"},"thumbnailUrl":"https:\/\/terradecorart.com\/wp-content\/uploads\/2025\/11\/dark-canyon-rock-garage-cladding.webp","datePublished":"2025-11-10T07:48:18+00:00","dateModified":"2026-04-02T08:47:39+00:00","description":"Die Dark Canyon Rock Garagenverkleidung bringt ein ultra-realistisches St\u00fcck Natur in Ihren Au\u00dfenbereich. Premium-Qualit\u00e4t, schnelle Montage.","breadcrumb":{"@id":"https:\/\/terradecorart.com\/de\/produkt\/dark-canyon-felsen-garagenverkleidung\/#breadcrumb"},"inLanguage":"de","potentialAction":[{"@type":"ReadAction","target":["https:\/\/terradecorart.com\/de\/produkt\/dark-canyon-felsen-garagenverkleidung\/"]}]},{"@type":"ImageObject","inLanguage":"de","@id":"https:\/\/terradecorart.com\/de\/produkt\/dark-canyon-felsen-garagenverkleidung\/#primaryimage","url":"https:\/\/terradecorart.com\/wp-content\/uploads\/2025\/11\/dark-canyon-rock-garage-cladding.webp","contentUrl":"https:\/\/terradecorart.com\/wp-content\/uploads\/2025\/11\/dark-canyon-rock-garage-cladding.webp","width":1920,"height":1088},{"@type":"BreadcrumbList","@id":"https:\/\/terradecorart.com\/de\/produkt\/dark-canyon-felsen-garagenverkleidung\/#breadcrumb","itemListElement":[{"@type":"ListItem","position":1,"name":"Home","item":"https:\/\/terradecorart.com\/de\/"},{"@type":"ListItem","position":2,"name":"Produkte","item":"https:\/\/terradecorart.com\/de\/shop\/"},{"@type":"ListItem","position":3,"name":"Garagenverkleidung Dark Canyon Rock"}]},{"@type":"WebSite","@id":"https:\/\/terradecorart.com\/de\/#website","url":"https:\/\/terradecorart.com\/de\/","name":"Terradecor","description":"Take your interior design\u2028to the next level of style We are Terradecor, a Serbian company with 15 years of experience in creating decorative materials that look like natural stone.","publisher":{"@id":"https:\/\/terradecorart.com\/de\/#organization"},"potentialAction":[{"@type":"SearchAction","target":{"@type":"EntryPoint","urlTemplate":"https:\/\/terradecorart.com\/de\/?s={search_term_string}"},"query-input":{"@type":"PropertyValueSpecification","valueRequired":true,"valueName":"search_term_string"}}],"inLanguage":"de"},{"@type":"Organization","@id":"https:\/\/terradecorart.com\/de\/#organization","name":"Terradecor","url":"https:\/\/terradecorart.com\/de\/","logo":{"@type":"ImageObject","inLanguage":"de","@id":"https:\/\/terradecorart.com\/de\/#\/schema\/logo\/image\/","url":"https:\/\/terradecorart.com\/wp-content\/uploads\/2026\/01\/Terra-sajt-logo.png","contentUrl":"https:\/\/terradecorart.com\/wp-content\/uploads\/2026\/01\/Terra-sajt-logo.png","width":781,"height":188,"caption":"Terradecor"},"image":{"@id":"https:\/\/terradecorart.com\/de\/#\/schema\/logo\/image\/"}}]}},"_links":{"self":[{"href":"https:\/\/terradecorart.com\/de\/wp-json\/wp\/v2\/product\/5465","targetHints":{"allow":["GET"]}}],"collection":[{"href":"https:\/\/terradecorart.com\/de\/wp-json\/wp\/v2\/product"}],"about":[{"href":"https:\/\/terradecorart.com\/de\/wp-json\/wp\/v2\/types\/product"}],"replies":[{"embeddable":true,"href":"https:\/\/terradecorart.com\/de\/wp-json\/wp\/v2\/comments?post=5465"}],"wp:featuredmedia":[{"embeddable":true,"href":"https:\/\/terradecorart.com\/de\/wp-json\/wp\/v2\/media\/5467"}],"wp:attachment":[{"href":"https:\/\/terradecorart.com\/de\/wp-json\/wp\/v2\/media?parent=5465"}],"wp:term":[{"taxonomy":"product_brand","embeddable":true,"href":"https:\/\/terradecorart.com\/de\/wp-json\/wp\/v2\/product_brand?post=5465"},{"taxonomy":"product_cat","embeddable":true,"href":"https:\/\/terradecorart.com\/de\/wp-json\/wp\/v2\/product_cat?post=5465"},{"taxonomy":"product_tag","embeddable":true,"href":"https:\/\/terradecorart.com\/de\/wp-json\/wp\/v2\/product_tag?post=5465"}],"curies":[{"name":"wp","href":"https:\/\/api.w.org\/{rel}","templated":true}]}}