{"id":5251,"date":"2025-12-24T07:02:15","date_gmt":"2025-12-24T07:02:15","guid":{"rendered":"https:\/\/terradecorart.com\/product\/rocky-elephant-gruene-wand\/"},"modified":"2025-12-24T07:02:15","modified_gmt":"2025-12-24T07:02:15","slug":"rocky-elephant-gruene-wand","status":"publish","type":"product","link":"https:\/\/terradecorart.com\/de\/produkt\/rocky-elephant-gruene-wand\/","title":{"rendered":"Rocky Elephant Gr\u00fcne Wand"},"content":{"rendered":"<p>Unsere gr\u00fcnen W\u00e4nde geh\u00f6ren zu den realistischsten der Welt. Gern erf\u00fcllen wir Ihren Wunsch und schaffen ein wundersch\u00f6nes St\u00fcck ultrarealistischer Natur in Ihrem Zuhause. Hochwertige Verarbeitung, kein Plastikgeruch, pflegeleicht.   Preis pro m\u00b2<\/p>\n","protected":false},"excerpt":{"rendered":"<p>Unsere gr\u00fcnen W\u00e4nde geh\u00f6ren zu den realistischsten der Welt. Gern erf\u00fcllen wir Ihren Wunsch und schaffen ein wundersch\u00f6nes St\u00fcck ultrarealistischer Natur in Ihrem Zuhause. Hochwertige Verarbeitung, kein Plastikgeruch, pflegeleicht. Preis pro m\u00b2<\/p>\n","protected":false},"featured_media":4094,"comment_status":"open","ping_status":"closed","template":"","meta":{"_acf_changed":false},"product_brand":[],"product_cat":[165],"product_tag":[],"class_list":{"0":"post-5251","1":"product","2":"type-product","3":"status-publish","4":"has-post-thumbnail","6":"product_cat-gruene-wand","8":"first","9":"instock","10":"shipping-taxable","11":"purchasable","12":"product-type-simple"},"acf":[],"yoast_head":"<!-- This site is optimized with the Yoast SEO plugin v27.4 - https:\/\/yoast.com\/product\/yoast-seo-wordpress\/ -->\n<title>Rocky Elephant Gr\u00fcne Wand | Terradecor<\/title>\n<meta name=\"robots\" content=\"index, follow, max-snippet:-1, max-image-preview:large, max-video-preview:-1\" \/>\n<link rel=\"canonical\" href=\"https:\/\/terradecorart.com\/de\/produkt\/rocky-elephant-gruene-wand\/\" \/>\n<meta property=\"og:locale\" content=\"de_DE\" \/>\n<meta property=\"og:type\" content=\"article\" \/>\n<meta property=\"og:title\" content=\"Rocky Elephant Gr\u00fcne Wand | Terradecor\" \/>\n<meta property=\"og:description\" content=\"Unsere gr\u00fcnen W\u00e4nde geh\u00f6ren zu den realistischsten der Welt. Gern erf\u00fcllen wir Ihren Wunsch und schaffen ein wundersch\u00f6nes St\u00fcck ultrarealistischer Natur in Ihrem Zuhause. Hochwertige Verarbeitung, kein Plastikgeruch, pflegeleicht. Preis pro m\u00b2\" \/>\n<meta property=\"og:url\" content=\"https:\/\/terradecorart.com\/de\/produkt\/rocky-elephant-gruene-wand\/\" \/>\n<meta property=\"og:site_name\" content=\"Terradecor\" \/>\n<meta property=\"og:image\" content=\"https:\/\/terradecorart.com\/wp-content\/uploads\/2025\/12\/rocky-elephant-green-wall.webp\" \/>\n\t<meta property=\"og:image:width\" content=\"1536\" \/>\n\t<meta property=\"og:image:height\" content=\"1024\" \/>\n\t<meta property=\"og:image:type\" content=\"image\/webp\" \/>\n<meta name=\"twitter:card\" content=\"summary_large_image\" \/>\n<script type=\"application\/ld+json\" class=\"yoast-schema-graph\">{\"@context\":\"https:\\\/\\\/schema.org\",\"@graph\":[{\"@type\":\"WebPage\",\"@id\":\"https:\\\/\\\/terradecorart.com\\\/de\\\/produkt\\\/rocky-elephant-gruene-wand\\\/\",\"url\":\"https:\\\/\\\/terradecorart.com\\\/de\\\/produkt\\\/rocky-elephant-gruene-wand\\\/\",\"name\":\"Rocky Elephant Gr\u00fcne Wand | Terradecor\",\"isPartOf\":{\"@id\":\"https:\\\/\\\/terradecorart.com\\\/de\\\/#website\"},\"primaryImageOfPage\":{\"@id\":\"https:\\\/\\\/terradecorart.com\\\/de\\\/produkt\\\/rocky-elephant-gruene-wand\\\/#primaryimage\"},\"image\":{\"@id\":\"https:\\\/\\\/terradecorart.com\\\/de\\\/produkt\\\/rocky-elephant-gruene-wand\\\/#primaryimage\"},\"thumbnailUrl\":\"https:\\\/\\\/terradecorart.com\\\/wp-content\\\/uploads\\\/2025\\\/12\\\/rocky-elephant-green-wall.webp\",\"datePublished\":\"2025-12-24T07:02:15+00:00\",\"breadcrumb\":{\"@id\":\"https:\\\/\\\/terradecorart.com\\\/de\\\/produkt\\\/rocky-elephant-gruene-wand\\\/#breadcrumb\"},\"inLanguage\":\"de\",\"potentialAction\":[{\"@type\":\"ReadAction\",\"target\":[\"https:\\\/\\\/terradecorart.com\\\/de\\\/produkt\\\/rocky-elephant-gruene-wand\\\/\"]}]},{\"@type\":\"ImageObject\",\"inLanguage\":\"de\",\"@id\":\"https:\\\/\\\/terradecorart.com\\\/de\\\/produkt\\\/rocky-elephant-gruene-wand\\\/#primaryimage\",\"url\":\"https:\\\/\\\/terradecorart.com\\\/wp-content\\\/uploads\\\/2025\\\/12\\\/rocky-elephant-green-wall.webp\",\"contentUrl\":\"https:\\\/\\\/terradecorart.com\\\/wp-content\\\/uploads\\\/2025\\\/12\\\/rocky-elephant-green-wall.webp\",\"width\":1536,\"height\":1024},{\"@type\":\"BreadcrumbList\",\"@id\":\"https:\\\/\\\/terradecorart.com\\\/de\\\/produkt\\\/rocky-elephant-gruene-wand\\\/#breadcrumb\",\"itemListElement\":[{\"@type\":\"ListItem\",\"position\":1,\"name\":\"Home\",\"item\":\"https:\\\/\\\/terradecorart.com\\\/de\\\/\"},{\"@type\":\"ListItem\",\"position\":2,\"name\":\"Produkte\",\"item\":\"https:\\\/\\\/terradecorart.com\\\/de\\\/shop\\\/\"},{\"@type\":\"ListItem\",\"position\":3,\"name\":\"Rocky Elephant Gr\u00fcne Wand\"}]},{\"@type\":\"WebSite\",\"@id\":\"https:\\\/\\\/terradecorart.com\\\/de\\\/#website\",\"url\":\"https:\\\/\\\/terradecorart.com\\\/de\\\/\",\"name\":\"Terradecor\",\"description\":\"Take your interior design\\u2028to the next level of style We are Terradecor, a Serbian company with 15 years of experience in creating decorative materials that look like natural stone.\",\"publisher\":{\"@id\":\"https:\\\/\\\/terradecorart.com\\\/de\\\/#organization\"},\"potentialAction\":[{\"@type\":\"SearchAction\",\"target\":{\"@type\":\"EntryPoint\",\"urlTemplate\":\"https:\\\/\\\/terradecorart.com\\\/de\\\/?s={search_term_string}\"},\"query-input\":{\"@type\":\"PropertyValueSpecification\",\"valueRequired\":true,\"valueName\":\"search_term_string\"}}],\"inLanguage\":\"de\"},{\"@type\":\"Organization\",\"@id\":\"https:\\\/\\\/terradecorart.com\\\/de\\\/#organization\",\"name\":\"Terradecor\",\"url\":\"https:\\\/\\\/terradecorart.com\\\/de\\\/\",\"logo\":{\"@type\":\"ImageObject\",\"inLanguage\":\"de\",\"@id\":\"https:\\\/\\\/terradecorart.com\\\/de\\\/#\\\/schema\\\/logo\\\/image\\\/\",\"url\":\"https:\\\/\\\/terradecorart.com\\\/wp-content\\\/uploads\\\/2026\\\/01\\\/Terra-sajt-logo.png\",\"contentUrl\":\"https:\\\/\\\/terradecorart.com\\\/wp-content\\\/uploads\\\/2026\\\/01\\\/Terra-sajt-logo.png\",\"width\":781,\"height\":188,\"caption\":\"Terradecor\"},\"image\":{\"@id\":\"https:\\\/\\\/terradecorart.com\\\/de\\\/#\\\/schema\\\/logo\\\/image\\\/\"}}]}<\/script>\n<!-- \/ Yoast SEO plugin. -->","yoast_head_json":{"title":"Rocky Elephant Gr\u00fcne Wand | Terradecor","robots":{"index":"index","follow":"follow","max-snippet":"max-snippet:-1","max-image-preview":"max-image-preview:large","max-video-preview":"max-video-preview:-1"},"canonical":"https:\/\/terradecorart.com\/de\/produkt\/rocky-elephant-gruene-wand\/","og_locale":"de_DE","og_type":"article","og_title":"Rocky Elephant Gr\u00fcne Wand | Terradecor","og_description":"Unsere gr\u00fcnen W\u00e4nde geh\u00f6ren zu den realistischsten der Welt. Gern erf\u00fcllen wir Ihren Wunsch und schaffen ein wundersch\u00f6nes St\u00fcck ultrarealistischer Natur in Ihrem Zuhause. Hochwertige Verarbeitung, kein Plastikgeruch, pflegeleicht. Preis pro m\u00b2","og_url":"https:\/\/terradecorart.com\/de\/produkt\/rocky-elephant-gruene-wand\/","og_site_name":"Terradecor","og_image":[{"width":1536,"height":1024,"url":"https:\/\/terradecorart.com\/wp-content\/uploads\/2025\/12\/rocky-elephant-green-wall.webp","type":"image\/webp"}],"twitter_card":"summary_large_image","schema":{"@context":"https:\/\/schema.org","@graph":[{"@type":"WebPage","@id":"https:\/\/terradecorart.com\/de\/produkt\/rocky-elephant-gruene-wand\/","url":"https:\/\/terradecorart.com\/de\/produkt\/rocky-elephant-gruene-wand\/","name":"Rocky Elephant Gr\u00fcne Wand | Terradecor","isPartOf":{"@id":"https:\/\/terradecorart.com\/de\/#website"},"primaryImageOfPage":{"@id":"https:\/\/terradecorart.com\/de\/produkt\/rocky-elephant-gruene-wand\/#primaryimage"},"image":{"@id":"https:\/\/terradecorart.com\/de\/produkt\/rocky-elephant-gruene-wand\/#primaryimage"},"thumbnailUrl":"https:\/\/terradecorart.com\/wp-content\/uploads\/2025\/12\/rocky-elephant-green-wall.webp","datePublished":"2025-12-24T07:02:15+00:00","breadcrumb":{"@id":"https:\/\/terradecorart.com\/de\/produkt\/rocky-elephant-gruene-wand\/#breadcrumb"},"inLanguage":"de","potentialAction":[{"@type":"ReadAction","target":["https:\/\/terradecorart.com\/de\/produkt\/rocky-elephant-gruene-wand\/"]}]},{"@type":"ImageObject","inLanguage":"de","@id":"https:\/\/terradecorart.com\/de\/produkt\/rocky-elephant-gruene-wand\/#primaryimage","url":"https:\/\/terradecorart.com\/wp-content\/uploads\/2025\/12\/rocky-elephant-green-wall.webp","contentUrl":"https:\/\/terradecorart.com\/wp-content\/uploads\/2025\/12\/rocky-elephant-green-wall.webp","width":1536,"height":1024},{"@type":"BreadcrumbList","@id":"https:\/\/terradecorart.com\/de\/produkt\/rocky-elephant-gruene-wand\/#breadcrumb","itemListElement":[{"@type":"ListItem","position":1,"name":"Home","item":"https:\/\/terradecorart.com\/de\/"},{"@type":"ListItem","position":2,"name":"Produkte","item":"https:\/\/terradecorart.com\/de\/shop\/"},{"@type":"ListItem","position":3,"name":"Rocky Elephant Gr\u00fcne Wand"}]},{"@type":"WebSite","@id":"https:\/\/terradecorart.com\/de\/#website","url":"https:\/\/terradecorart.com\/de\/","name":"Terradecor","description":"Take your interior design\u2028to the next level of style We are Terradecor, a Serbian company with 15 years of experience in creating decorative materials that look like natural stone.","publisher":{"@id":"https:\/\/terradecorart.com\/de\/#organization"},"potentialAction":[{"@type":"SearchAction","target":{"@type":"EntryPoint","urlTemplate":"https:\/\/terradecorart.com\/de\/?s={search_term_string}"},"query-input":{"@type":"PropertyValueSpecification","valueRequired":true,"valueName":"search_term_string"}}],"inLanguage":"de"},{"@type":"Organization","@id":"https:\/\/terradecorart.com\/de\/#organization","name":"Terradecor","url":"https:\/\/terradecorart.com\/de\/","logo":{"@type":"ImageObject","inLanguage":"de","@id":"https:\/\/terradecorart.com\/de\/#\/schema\/logo\/image\/","url":"https:\/\/terradecorart.com\/wp-content\/uploads\/2026\/01\/Terra-sajt-logo.png","contentUrl":"https:\/\/terradecorart.com\/wp-content\/uploads\/2026\/01\/Terra-sajt-logo.png","width":781,"height":188,"caption":"Terradecor"},"image":{"@id":"https:\/\/terradecorart.com\/de\/#\/schema\/logo\/image\/"}}]}},"_links":{"self":[{"href":"https:\/\/terradecorart.com\/de\/wp-json\/wp\/v2\/product\/5251","targetHints":{"allow":["GET"]}}],"collection":[{"href":"https:\/\/terradecorart.com\/de\/wp-json\/wp\/v2\/product"}],"about":[{"href":"https:\/\/terradecorart.com\/de\/wp-json\/wp\/v2\/types\/product"}],"replies":[{"embeddable":true,"href":"https:\/\/terradecorart.com\/de\/wp-json\/wp\/v2\/comments?post=5251"}],"wp:featuredmedia":[{"embeddable":true,"href":"https:\/\/terradecorart.com\/de\/wp-json\/wp\/v2\/media\/4094"}],"wp:attachment":[{"href":"https:\/\/terradecorart.com\/de\/wp-json\/wp\/v2\/media?parent=5251"}],"wp:term":[{"taxonomy":"product_brand","embeddable":true,"href":"https:\/\/terradecorart.com\/de\/wp-json\/wp\/v2\/product_brand?post=5251"},{"taxonomy":"product_cat","embeddable":true,"href":"https:\/\/terradecorart.com\/de\/wp-json\/wp\/v2\/product_cat?post=5251"},{"taxonomy":"product_tag","embeddable":true,"href":"https:\/\/terradecorart.com\/de\/wp-json\/wp\/v2\/product_tag?post=5251"}],"curies":[{"name":"wp","href":"https:\/\/api.w.org\/{rel}","templated":true}]}}