{"id":5205,"date":"2025-11-08T13:32:45","date_gmt":"2025-11-08T13:32:45","guid":{"rendered":"https:\/\/terradecorart.com\/product\/beige-hoehlen-schlafzimmerwand\/"},"modified":"2026-04-02T06:38:06","modified_gmt":"2026-04-02T06:38:06","slug":"beige-hoehlen-schlafzimmerwand","status":"publish","type":"product","link":"https:\/\/terradecorart.com\/de\/produkt\/beige-hoehlen-schlafzimmerwand\/","title":{"rendered":"Beige H\u00f6hlen-Schlafzimmerwand"},"content":{"rendered":"<p>Dies ist ein leichtes, ultrarealistisches Paneel, das best\u00e4ndig gegen UV-Strahlen, Hitze, Wasser und St\u00f6\u00dfe ist. Einfach zu reinigen mit Haushaltsreinigern und milden Scheuermitteln. Preis pro m\u00b2  <\/p>\n","protected":false},"excerpt":{"rendered":"<p>Dies ist ein leichtes, ultrarealistisches Paneel, das best\u00e4ndig gegen UV-Strahlen, Hitze, Wasser und St\u00f6\u00dfe ist. Einfach zu reinigen mit Haushaltsreinigern und milden Scheuermitteln. Preis pro m\u00b2<\/p>\n","protected":false},"featured_media":2918,"comment_status":"open","ping_status":"closed","template":"","meta":{"_acf_changed":false},"product_brand":[],"product_cat":[153,163],"product_tag":[],"class_list":{"0":"post-5205","1":"product","2":"type-product","3":"status-publish","4":"has-post-thumbnail","6":"product_cat-innenraeume","7":"product_cat-schlafzimmer","9":"first","10":"instock","11":"shipping-taxable","12":"purchasable","13":"product-type-simple"},"acf":[],"yoast_head":"<!-- This site is optimized with the Yoast SEO plugin v26.2 - https:\/\/yoast.com\/wordpress\/plugins\/seo\/ -->\n<title>Beige H\u00f6hlen-Schlafzimmerwand | Terradecor<\/title>\n<meta name=\"robots\" content=\"index, follow, max-snippet:-1, max-image-preview:large, max-video-preview:-1\" \/>\n<link rel=\"canonical\" href=\"https:\/\/terradecorart.com\/de\/produkt\/beige-hoehlen-schlafzimmerwand\/\" \/>\n<meta property=\"og:locale\" content=\"de_DE\" \/>\n<meta property=\"og:type\" content=\"article\" \/>\n<meta property=\"og:title\" content=\"Beige H\u00f6hlen-Schlafzimmerwand | Terradecor\" \/>\n<meta property=\"og:description\" content=\"Dies ist ein leichtes, ultrarealistisches Paneel, das best\u00e4ndig gegen UV-Strahlen, Hitze, Wasser und St\u00f6\u00dfe ist. Einfach zu reinigen mit Haushaltsreinigern und milden Scheuermitteln. Preis pro m\u00b2\" \/>\n<meta property=\"og:url\" content=\"https:\/\/terradecorart.com\/de\/produkt\/beige-hoehlen-schlafzimmerwand\/\" \/>\n<meta property=\"og:site_name\" content=\"Terradecor\" \/>\n<meta property=\"article:modified_time\" content=\"2026-04-02T06:38:06+00:00\" \/>\n<meta property=\"og:image\" content=\"https:\/\/terradecorart.com\/wp-content\/uploads\/2025\/11\/beige-cave-bedroom-wall.webp\" \/>\n\t<meta property=\"og:image:width\" content=\"1240\" \/>\n\t<meta property=\"og:image:height\" content=\"695\" \/>\n\t<meta property=\"og:image:type\" content=\"image\/webp\" \/>\n<meta name=\"twitter:card\" content=\"summary_large_image\" \/>\n<script type=\"application\/ld+json\" class=\"yoast-schema-graph\">{\"@context\":\"https:\/\/schema.org\",\"@graph\":[{\"@type\":\"WebPage\",\"@id\":\"https:\/\/terradecorart.com\/de\/produkt\/beige-hoehlen-schlafzimmerwand\/\",\"url\":\"https:\/\/terradecorart.com\/de\/produkt\/beige-hoehlen-schlafzimmerwand\/\",\"name\":\"Beige H\u00f6hlen-Schlafzimmerwand | Terradecor\",\"isPartOf\":{\"@id\":\"https:\/\/terradecorart.com\/de\/#website\"},\"primaryImageOfPage\":{\"@id\":\"https:\/\/terradecorart.com\/de\/produkt\/beige-hoehlen-schlafzimmerwand\/#primaryimage\"},\"image\":{\"@id\":\"https:\/\/terradecorart.com\/de\/produkt\/beige-hoehlen-schlafzimmerwand\/#primaryimage\"},\"thumbnailUrl\":\"https:\/\/terradecorart.com\/wp-content\/uploads\/2025\/11\/beige-cave-bedroom-wall.webp\",\"datePublished\":\"2025-11-08T13:32:45+00:00\",\"dateModified\":\"2026-04-02T06:38:06+00:00\",\"breadcrumb\":{\"@id\":\"https:\/\/terradecorart.com\/de\/produkt\/beige-hoehlen-schlafzimmerwand\/#breadcrumb\"},\"inLanguage\":\"de\",\"potentialAction\":[{\"@type\":\"ReadAction\",\"target\":[\"https:\/\/terradecorart.com\/de\/produkt\/beige-hoehlen-schlafzimmerwand\/\"]}]},{\"@type\":\"ImageObject\",\"inLanguage\":\"de\",\"@id\":\"https:\/\/terradecorart.com\/de\/produkt\/beige-hoehlen-schlafzimmerwand\/#primaryimage\",\"url\":\"https:\/\/terradecorart.com\/wp-content\/uploads\/2025\/11\/beige-cave-bedroom-wall.webp\",\"contentUrl\":\"https:\/\/terradecorart.com\/wp-content\/uploads\/2025\/11\/beige-cave-bedroom-wall.webp\",\"width\":1240,\"height\":695},{\"@type\":\"BreadcrumbList\",\"@id\":\"https:\/\/terradecorart.com\/de\/produkt\/beige-hoehlen-schlafzimmerwand\/#breadcrumb\",\"itemListElement\":[{\"@type\":\"ListItem\",\"position\":1,\"name\":\"Home\",\"item\":\"https:\/\/terradecorart.com\/de\/\"},{\"@type\":\"ListItem\",\"position\":2,\"name\":\"Produkte\",\"item\":\"https:\/\/terradecorart.com\/de\/shop\/\"},{\"@type\":\"ListItem\",\"position\":3,\"name\":\"Beige H\u00f6hlen-Schlafzimmerwand\"}]},{\"@type\":\"WebSite\",\"@id\":\"https:\/\/terradecorart.com\/de\/#website\",\"url\":\"https:\/\/terradecorart.com\/de\/\",\"name\":\"Terradecor\",\"description\":\"Take your interior design\\u2028to the next level of style We are Terradecor, a Serbian company with 15 years of experience in creating decorative materials that look like natural stone.\",\"publisher\":{\"@id\":\"https:\/\/terradecorart.com\/de\/#organization\"},\"potentialAction\":[{\"@type\":\"SearchAction\",\"target\":{\"@type\":\"EntryPoint\",\"urlTemplate\":\"https:\/\/terradecorart.com\/de\/?s={search_term_string}\"},\"query-input\":{\"@type\":\"PropertyValueSpecification\",\"valueRequired\":true,\"valueName\":\"search_term_string\"}}],\"inLanguage\":\"de\"},{\"@type\":\"Organization\",\"@id\":\"https:\/\/terradecorart.com\/de\/#organization\",\"name\":\"Terradecor\",\"url\":\"https:\/\/terradecorart.com\/de\/\",\"logo\":{\"@type\":\"ImageObject\",\"inLanguage\":\"de\",\"@id\":\"https:\/\/terradecorart.com\/de\/#\/schema\/logo\/image\/\",\"url\":\"https:\/\/terradecorart.com\/wp-content\/uploads\/2026\/01\/Terra-sajt-logo.png\",\"contentUrl\":\"https:\/\/terradecorart.com\/wp-content\/uploads\/2026\/01\/Terra-sajt-logo.png\",\"width\":781,\"height\":188,\"caption\":\"Terradecor\"},\"image\":{\"@id\":\"https:\/\/terradecorart.com\/de\/#\/schema\/logo\/image\/\"}}]}<\/script>\n<!-- \/ Yoast SEO plugin. -->","yoast_head_json":{"title":"Beige H\u00f6hlen-Schlafzimmerwand | Terradecor","robots":{"index":"index","follow":"follow","max-snippet":"max-snippet:-1","max-image-preview":"max-image-preview:large","max-video-preview":"max-video-preview:-1"},"canonical":"https:\/\/terradecorart.com\/de\/produkt\/beige-hoehlen-schlafzimmerwand\/","og_locale":"de_DE","og_type":"article","og_title":"Beige H\u00f6hlen-Schlafzimmerwand | Terradecor","og_description":"Dies ist ein leichtes, ultrarealistisches Paneel, das best\u00e4ndig gegen UV-Strahlen, Hitze, Wasser und St\u00f6\u00dfe ist. Einfach zu reinigen mit Haushaltsreinigern und milden Scheuermitteln. Preis pro m\u00b2","og_url":"https:\/\/terradecorart.com\/de\/produkt\/beige-hoehlen-schlafzimmerwand\/","og_site_name":"Terradecor","article_modified_time":"2026-04-02T06:38:06+00:00","og_image":[{"width":1240,"height":695,"url":"https:\/\/terradecorart.com\/wp-content\/uploads\/2025\/11\/beige-cave-bedroom-wall.webp","type":"image\/webp"}],"twitter_card":"summary_large_image","schema":{"@context":"https:\/\/schema.org","@graph":[{"@type":"WebPage","@id":"https:\/\/terradecorart.com\/de\/produkt\/beige-hoehlen-schlafzimmerwand\/","url":"https:\/\/terradecorart.com\/de\/produkt\/beige-hoehlen-schlafzimmerwand\/","name":"Beige H\u00f6hlen-Schlafzimmerwand | Terradecor","isPartOf":{"@id":"https:\/\/terradecorart.com\/de\/#website"},"primaryImageOfPage":{"@id":"https:\/\/terradecorart.com\/de\/produkt\/beige-hoehlen-schlafzimmerwand\/#primaryimage"},"image":{"@id":"https:\/\/terradecorart.com\/de\/produkt\/beige-hoehlen-schlafzimmerwand\/#primaryimage"},"thumbnailUrl":"https:\/\/terradecorart.com\/wp-content\/uploads\/2025\/11\/beige-cave-bedroom-wall.webp","datePublished":"2025-11-08T13:32:45+00:00","dateModified":"2026-04-02T06:38:06+00:00","breadcrumb":{"@id":"https:\/\/terradecorart.com\/de\/produkt\/beige-hoehlen-schlafzimmerwand\/#breadcrumb"},"inLanguage":"de","potentialAction":[{"@type":"ReadAction","target":["https:\/\/terradecorart.com\/de\/produkt\/beige-hoehlen-schlafzimmerwand\/"]}]},{"@type":"ImageObject","inLanguage":"de","@id":"https:\/\/terradecorart.com\/de\/produkt\/beige-hoehlen-schlafzimmerwand\/#primaryimage","url":"https:\/\/terradecorart.com\/wp-content\/uploads\/2025\/11\/beige-cave-bedroom-wall.webp","contentUrl":"https:\/\/terradecorart.com\/wp-content\/uploads\/2025\/11\/beige-cave-bedroom-wall.webp","width":1240,"height":695},{"@type":"BreadcrumbList","@id":"https:\/\/terradecorart.com\/de\/produkt\/beige-hoehlen-schlafzimmerwand\/#breadcrumb","itemListElement":[{"@type":"ListItem","position":1,"name":"Home","item":"https:\/\/terradecorart.com\/de\/"},{"@type":"ListItem","position":2,"name":"Produkte","item":"https:\/\/terradecorart.com\/de\/shop\/"},{"@type":"ListItem","position":3,"name":"Beige H\u00f6hlen-Schlafzimmerwand"}]},{"@type":"WebSite","@id":"https:\/\/terradecorart.com\/de\/#website","url":"https:\/\/terradecorart.com\/de\/","name":"Terradecor","description":"Take your interior design\u2028to the next level of style We are Terradecor, a Serbian company with 15 years of experience in creating decorative materials that look like natural stone.","publisher":{"@id":"https:\/\/terradecorart.com\/de\/#organization"},"potentialAction":[{"@type":"SearchAction","target":{"@type":"EntryPoint","urlTemplate":"https:\/\/terradecorart.com\/de\/?s={search_term_string}"},"query-input":{"@type":"PropertyValueSpecification","valueRequired":true,"valueName":"search_term_string"}}],"inLanguage":"de"},{"@type":"Organization","@id":"https:\/\/terradecorart.com\/de\/#organization","name":"Terradecor","url":"https:\/\/terradecorart.com\/de\/","logo":{"@type":"ImageObject","inLanguage":"de","@id":"https:\/\/terradecorart.com\/de\/#\/schema\/logo\/image\/","url":"https:\/\/terradecorart.com\/wp-content\/uploads\/2026\/01\/Terra-sajt-logo.png","contentUrl":"https:\/\/terradecorart.com\/wp-content\/uploads\/2026\/01\/Terra-sajt-logo.png","width":781,"height":188,"caption":"Terradecor"},"image":{"@id":"https:\/\/terradecorart.com\/de\/#\/schema\/logo\/image\/"}}]}},"_links":{"self":[{"href":"https:\/\/terradecorart.com\/de\/wp-json\/wp\/v2\/product\/5205","targetHints":{"allow":["GET"]}}],"collection":[{"href":"https:\/\/terradecorart.com\/de\/wp-json\/wp\/v2\/product"}],"about":[{"href":"https:\/\/terradecorart.com\/de\/wp-json\/wp\/v2\/types\/product"}],"replies":[{"embeddable":true,"href":"https:\/\/terradecorart.com\/de\/wp-json\/wp\/v2\/comments?post=5205"}],"wp:featuredmedia":[{"embeddable":true,"href":"https:\/\/terradecorart.com\/de\/wp-json\/wp\/v2\/media\/2918"}],"wp:attachment":[{"href":"https:\/\/terradecorart.com\/de\/wp-json\/wp\/v2\/media?parent=5205"}],"wp:term":[{"taxonomy":"product_brand","embeddable":true,"href":"https:\/\/terradecorart.com\/de\/wp-json\/wp\/v2\/product_brand?post=5205"},{"taxonomy":"product_cat","embeddable":true,"href":"https:\/\/terradecorart.com\/de\/wp-json\/wp\/v2\/product_cat?post=5205"},{"taxonomy":"product_tag","embeddable":true,"href":"https:\/\/terradecorart.com\/de\/wp-json\/wp\/v2\/product_tag?post=5205"}],"curies":[{"name":"wp","href":"https:\/\/api.w.org\/{rel}","templated":true}]}}