{"id":4880,"date":"2025-10-23T14:58:40","date_gmt":"2025-10-23T14:58:40","guid":{"rendered":"https:\/\/terradecorart.com\/startseite\/"},"modified":"2026-04-21T06:40:34","modified_gmt":"2026-04-21T06:40:34","slug":"startseite","status":"publish","type":"page","link":"https:\/\/terradecorart.com\/de\/","title":{"rendered":"Startseite"},"content":{"rendered":"\t\t<div data-elementor-type=\"wp-page\" data-elementor-id=\"4880\" class=\"elementor elementor-4880 elementor-9\" data-elementor-post-type=\"page\">\n\t\t\t\t<div class=\"elementor-element elementor-element-089633e e-flex e-con-boxed wpr-particle-no wpr-jarallax-no wpr-parallax-no wpr-sticky-section-no wpr-equal-height-no e-con e-parent\" data-id=\"089633e\" data-element_type=\"container\" data-e-type=\"container\" data-settings=\"{&quot;background_background&quot;:&quot;classic&quot;}\">\n\t\t\t\t\t<div class=\"e-con-inner\">\n\t\t<div class=\"elementor-element elementor-element-7df8025 e-con-full e-flex wpr-particle-no wpr-jarallax-no wpr-parallax-no wpr-sticky-section-no wpr-equal-height-no e-con e-child\" data-id=\"7df8025\" data-element_type=\"container\" data-e-type=\"container\">\n\t\t<div class=\"elementor-element elementor-element-c7a41c3 e-con-full e-flex wpr-particle-no wpr-jarallax-no wpr-parallax-no wpr-sticky-section-no wpr-equal-height-no e-con e-child\" data-id=\"c7a41c3\" data-element_type=\"container\" data-e-type=\"container\">\n\t\t\t\t<div class=\"elementor-element elementor-element-e8459e4 elementor-widget__width-initial elementor-widget-mobile__width-initial elementor-widget elementor-widget-heading\" data-id=\"e8459e4\" data-element_type=\"widget\" data-e-type=\"widget\" data-widget_type=\"heading.default\">\n\t\t\t\t\t<h2 class=\"elementor-heading-title elementor-size-default\">F\u00fchrend in naturgetreuer Nachbildung<\/h2>\t\t\t\t<\/div>\n\t\t\t\t<div class=\"elementor-element elementor-element-33a5a6d elementor-widget elementor-widget-heading\" data-id=\"33a5a6d\" data-element_type=\"widget\" data-e-type=\"widget\" data-widget_type=\"heading.default\">\n\t\t\t\t\t<h1 class=\"elementor-heading-title elementor-size-default\">TERRADECOR<\/h1>\t\t\t\t<\/div>\n\t\t\t\t<\/div>\n\t\t<div class=\"elementor-element elementor-element-fb1b2a1 e-con-full e-flex wpr-particle-no wpr-jarallax-no wpr-parallax-no wpr-sticky-section-no wpr-equal-height-no e-con e-child\" data-id=\"fb1b2a1\" data-element_type=\"container\" data-e-type=\"container\">\n\t\t\t\t<div class=\"elementor-element elementor-element-5b05c75 elementor-widget__width-initial elementor-widget elementor-widget-heading\" data-id=\"5b05c75\" data-element_type=\"widget\" data-e-type=\"widget\" data-widget_type=\"heading.default\">\n\t\t\t\t\t<h2 class=\"elementor-heading-title elementor-size-default\">Premium Innen und Au\u00dfendesign<\/h2>\t\t\t\t<\/div>\n\t\t\t\t<\/div>\n\t\t<div class=\"elementor-element elementor-element-fe5c9ce e-con-full e-flex wpr-particle-no wpr-jarallax-no wpr-parallax-no wpr-sticky-section-no wpr-equal-height-no e-con e-child\" data-id=\"fe5c9ce\" data-element_type=\"container\" data-e-type=\"container\">\n\t\t\t\t<div class=\"elementor-element elementor-element-41d8a49 elementor-widget elementor-widget-button\" data-id=\"41d8a49\" data-element_type=\"widget\" data-e-type=\"widget\" data-widget_type=\"button.default\">\n\t\t\t\t\t\t\t\t\t\t<a class=\"elementor-button elementor-button-link elementor-size-sm\" href=\"https:\/\/terradecorart.com\/de\/kontaktieren-sie-uns\/\">\n\t\t\t\t\t\t<span class=\"elementor-button-content-wrapper\">\n\t\t\t\t\t\t\t\t\t<span class=\"elementor-button-text\">Kontaktieren Sie uns<\/span>\n\t\t\t\t\t<\/span>\n\t\t\t\t\t<\/a>\n\t\t\t\t\t\t\t\t<\/div>\n\t\t\t\t<\/div>\n\t\t\t\t<\/div>\n\t\t\t\t\t<\/div>\n\t\t\t\t<\/div>\n\t\t<div class=\"elementor-element elementor-element-07b2494 e-con-full e-flex wpr-particle-no wpr-jarallax-no wpr-parallax-no wpr-sticky-section-no wpr-equal-height-no e-con e-parent\" data-id=\"07b2494\" data-element_type=\"container\" data-e-type=\"container\">\n\t\t\t\t<div class=\"elementor-element elementor-element-bb64e6d elementor-widget__width-initial elementor-invisible elementor-widget elementor-widget-heading\" data-id=\"bb64e6d\" data-element_type=\"widget\" data-e-type=\"widget\" data-settings=\"{&quot;_animation&quot;:&quot;zoomIn&quot;}\" data-widget_type=\"heading.default\">\n\t\t\t\t\t<h2 class=\"elementor-heading-title elementor-size-default\">Gestalten Sie Ihr Interieur oder Exterieur? W\u00e4hlen Sie unten Ihre gew\u00fcnschte Kategorie. <\/h2>\t\t\t\t<\/div>\n\t\t<div class=\"elementor-element elementor-element-4f02bb0 e-flex e-con-boxed wpr-particle-no wpr-jarallax-no wpr-parallax-no wpr-sticky-section-no wpr-equal-height-no e-con e-child\" data-id=\"4f02bb0\" data-element_type=\"container\" data-e-type=\"container\">\n\t\t\t\t\t<div class=\"e-con-inner\">\n\t\t\t\t<div class=\"elementor-element elementor-element-b54b367 premium-woo-cats__even elementor-widget__width-initial premium-woo-cats__content-below premium-woo-cats__img-zoomin elementor-widget elementor-widget-premium-woo-categories\" data-id=\"b54b367\" data-element_type=\"widget\" data-e-type=\"widget\" data-settings=\"{&quot;layout&quot;:&quot;even&quot;,&quot;columns&quot;:&quot;100%&quot;,&quot;columns_tablet&quot;:&quot;100%&quot;,&quot;columns_mobile&quot;:&quot;100%&quot;}\" data-widget_type=\"premium-woo-categories.default\">\n\t\t\t\t<div class=\"elementor-widget-container\">\n\t\t\t\t\t\n\t\t<div class=\"premium-woo-cats__container\">\n\n\t\t\t<div class=\"premium-woo-cats__list-wrap\">\n\n\t\t\t\t<ul class=\"products columns-\">\n<li class=\"product-category product first\">\r\n\t<a href=\"https:\/\/terradecorart.com\/de\/c\/innenraeume\/\" target=\"_self\"><div class=\"premium-woo-cats__category\"><div class=\"premium-woo-cats__img-wrap\"><img fetchpriority=\"high\" decoding=\"async\" width=\"1672\" height=\"941\" src=\"https:\/\/terradecorart.com\/wp-content\/uploads\/2026\/04\/interior-home.webp\" class=\"attachment-full size-full wp-image-6459\" alt=\"\" srcset=\"https:\/\/terradecorart.com\/wp-content\/uploads\/2026\/04\/interior-home.webp 1672w, https:\/\/terradecorart.com\/wp-content\/uploads\/2026\/04\/interior-home-300x169.webp 300w, https:\/\/terradecorart.com\/wp-content\/uploads\/2026\/04\/interior-home-1024x576.webp 1024w, https:\/\/terradecorart.com\/wp-content\/uploads\/2026\/04\/interior-home-768x432.webp 768w, https:\/\/terradecorart.com\/wp-content\/uploads\/2026\/04\/interior-home-1536x864.webp 1536w, https:\/\/terradecorart.com\/wp-content\/uploads\/2026\/04\/interior-home-600x338.webp 600w\" sizes=\"(max-width: 1672px) 100vw, 1672px\" \/><div class=\"premium-woo-cats__img-overlay\"><\/div><\/div>\t\t\t<div class=\"premium-woo-cats__content-wrap\">\n\t\t\t\t<h3 class=\"woocommerce-loop-category__title\">\n\t\t\t\t\t<span>Innenr\u00e4ume<\/span>\n\t\t\t\t\t\t\t\t\t<\/h3>\n\n\t\t\t\t\n\t\t\t\t\n\t\t\t<\/div>\n\t\t<\/div><\/a><\/li>\r\n<\/ul>\n\n\t\t\t<\/div>\n\n\t\t<\/div>\n\n\t\t\t\t\t\t<\/div>\n\t\t\t\t<\/div>\n\t\t\t\t<div class=\"elementor-element elementor-element-695bead premium-woo-cats__even elementor-widget__width-initial premium-woo-cats__content-below premium-woo-cats__img-zoomin elementor-widget elementor-widget-premium-woo-categories\" data-id=\"695bead\" data-element_type=\"widget\" data-e-type=\"widget\" data-settings=\"{&quot;layout&quot;:&quot;even&quot;,&quot;columns&quot;:&quot;100%&quot;,&quot;columns_tablet&quot;:&quot;100%&quot;,&quot;columns_mobile&quot;:&quot;100%&quot;}\" data-widget_type=\"premium-woo-categories.default\">\n\t\t\t\t<div class=\"elementor-widget-container\">\n\t\t\t\t\t\n\t\t<div class=\"premium-woo-cats__container\">\n\n\t\t\t<div class=\"premium-woo-cats__list-wrap\">\n\n\t\t\t\t<ul class=\"products columns-\">\n<li class=\"product-category product first\">\r\n\t<a href=\"https:\/\/terradecorart.com\/de\/c\/ausenbereiche\/\" target=\"_self\"><div class=\"premium-woo-cats__category\"><div class=\"premium-woo-cats__img-wrap\"><img decoding=\"async\" width=\"1672\" height=\"941\" src=\"https:\/\/terradecorart.com\/wp-content\/uploads\/2026\/04\/exterior-home.webp\" class=\"attachment-full size-full wp-image-6458\" alt=\"\" srcset=\"https:\/\/terradecorart.com\/wp-content\/uploads\/2026\/04\/exterior-home.webp 1672w, https:\/\/terradecorart.com\/wp-content\/uploads\/2026\/04\/exterior-home-300x169.webp 300w, https:\/\/terradecorart.com\/wp-content\/uploads\/2026\/04\/exterior-home-1024x576.webp 1024w, https:\/\/terradecorart.com\/wp-content\/uploads\/2026\/04\/exterior-home-768x432.webp 768w, https:\/\/terradecorart.com\/wp-content\/uploads\/2026\/04\/exterior-home-1536x864.webp 1536w, https:\/\/terradecorart.com\/wp-content\/uploads\/2026\/04\/exterior-home-600x338.webp 600w\" sizes=\"(max-width: 1672px) 100vw, 1672px\" \/><div class=\"premium-woo-cats__img-overlay\"><\/div><\/div>\t\t\t<div class=\"premium-woo-cats__content-wrap\">\n\t\t\t\t<h3 class=\"woocommerce-loop-category__title\">\n\t\t\t\t\t<span>Au\u00dfenbereiche<\/span>\n\t\t\t\t\t\t\t\t\t<\/h3>\n\n\t\t\t\t\n\t\t\t\t\n\t\t\t<\/div>\n\t\t<\/div><\/a><\/li>\r\n<\/ul>\n\n\t\t\t<\/div>\n\n\t\t<\/div>\n\n\t\t\t\t\t\t<\/div>\n\t\t\t\t<\/div>\n\t\t\t\t\t<\/div>\n\t\t\t\t<\/div>\n\t\t\t\t<\/div>\n\t\t<div class=\"elementor-element elementor-element-424cbc7 e-flex e-con-boxed wpr-particle-no wpr-jarallax-no wpr-parallax-no wpr-sticky-section-no wpr-equal-height-no e-con e-parent\" data-id=\"424cbc7\" data-element_type=\"container\" data-e-type=\"container\">\n\t\t\t\t\t<div class=\"e-con-inner\">\n\t\t\t\t<div class=\"elementor-element elementor-element-757c306 elementor-widget__width-initial e-transform elementor-widget-divider--view-line elementor-widget elementor-widget-divider\" data-id=\"757c306\" data-element_type=\"widget\" data-e-type=\"widget\" data-settings=\"{&quot;_transform_rotateZ_effect&quot;:{&quot;unit&quot;:&quot;px&quot;,&quot;size&quot;:90,&quot;sizes&quot;:[]},&quot;_transform_rotateZ_effect_laptop&quot;:{&quot;unit&quot;:&quot;deg&quot;,&quot;size&quot;:&quot;&quot;,&quot;sizes&quot;:[]},&quot;_transform_rotateZ_effect_tablet_extra&quot;:{&quot;unit&quot;:&quot;deg&quot;,&quot;size&quot;:&quot;&quot;,&quot;sizes&quot;:[]},&quot;_transform_rotateZ_effect_tablet&quot;:{&quot;unit&quot;:&quot;deg&quot;,&quot;size&quot;:&quot;&quot;,&quot;sizes&quot;:[]},&quot;_transform_rotateZ_effect_mobile&quot;:{&quot;unit&quot;:&quot;deg&quot;,&quot;size&quot;:&quot;&quot;,&quot;sizes&quot;:[]}}\" data-widget_type=\"divider.default\">\n\t\t\t\t\t\t\t<div class=\"elementor-divider\">\n\t\t\t<span class=\"elementor-divider-separator\">\n\t\t\t\t\t\t<\/span>\n\t\t<\/div>\n\t\t\t\t\t\t<\/div>\n\t\t\t\t\t<\/div>\n\t\t\t\t<\/div>\n\t\t<div class=\"elementor-element elementor-element-b1d83af e-flex e-con-boxed wpr-particle-no wpr-jarallax-no wpr-parallax-no wpr-sticky-section-no wpr-equal-height-no e-con e-parent\" data-id=\"b1d83af\" data-element_type=\"container\" data-e-type=\"container\" data-settings=\"{&quot;background_background&quot;:&quot;classic&quot;}\">\n\t\t\t\t\t<div class=\"e-con-inner\">\n\t\t\t\t<div class=\"elementor-element elementor-element-807139c elementor-invisible elementor-widget elementor-widget-heading\" data-id=\"807139c\" data-element_type=\"widget\" data-e-type=\"widget\" data-settings=\"{&quot;_animation&quot;:&quot;zoomIn&quot;,&quot;_animation_mobile&quot;:&quot;none&quot;}\" data-widget_type=\"heading.default\">\n\t\t\t\t\t<h2 class=\"elementor-heading-title elementor-size-default\">Ihr individuelles Kunstwerk<\/h2>\t\t\t\t<\/div>\n\t\t\t\t<div class=\"elementor-element elementor-element-b47da10 elementor-invisible elementor-widget elementor-widget-text-editor\" data-id=\"b47da10\" data-element_type=\"widget\" data-e-type=\"widget\" data-settings=\"{&quot;_animation&quot;:&quot;zoomIn&quot;,&quot;_animation_mobile&quot;:&quot;none&quot;}\" data-widget_type=\"text-editor.default\">\n\t\t\t\t\t\t\t\t\t<p>\u201eTeilen Sie uns Ihr Foto oder Ihre Idee mit, und wir verwandeln es in ein individuelles Kunstwerk, das speziell f\u00fcr Sie angefertigt wird.\u201c<\/p>\t\t\t\t\t\t\t\t<\/div>\n\t\t\t\t\t<\/div>\n\t\t\t\t<\/div>\n\t\t<div class=\"elementor-element elementor-element-27adc92 e-flex e-con-boxed wpr-particle-no wpr-jarallax-no wpr-parallax-no wpr-sticky-section-no wpr-equal-height-no e-con e-parent\" data-id=\"27adc92\" data-element_type=\"container\" data-e-type=\"container\">\n\t\t\t\t\t<div class=\"e-con-inner\">\n\t\t\t\t<div class=\"elementor-element elementor-element-dc33344 elementor-view-default elementor-widget elementor-widget-icon\" data-id=\"dc33344\" data-element_type=\"widget\" data-e-type=\"widget\" data-widget_type=\"icon.default\">\n\t\t\t\t\t\t\t<div class=\"elementor-icon-wrapper\">\n\t\t\t<div class=\"elementor-icon\">\n\t\t\t<svg aria-hidden=\"true\" class=\"e-font-icon-svg e-fas-star\" viewBox=\"0 0 576 512\" xmlns=\"http:\/\/www.w3.org\/2000\/svg\"><path d=\"M259.3 17.8L194 150.2 47.9 171.5c-26.2 3.8-36.7 36.1-17.7 54.6l105.7 103-25 145.5c-4.5 26.3 23.2 46 46.4 33.7L288 439.6l130.7 68.7c23.2 12.2 50.9-7.4 46.4-33.7l-25-145.5 105.7-103c19-18.5 8.5-50.8-17.7-54.6L382 150.2 316.7 17.8c-11.7-23.6-45.6-23.9-57.4 0z\"><\/path><\/svg>\t\t\t<\/div>\n\t\t<\/div>\n\t\t\t\t\t\t<\/div>\n\t\t\t\t\t<\/div>\n\t\t\t\t<\/div>\n\t\t\t\t<\/div>\n\t\t","protected":false},"excerpt":{"rendered":"<p>F\u00fchrend in naturgetreuer Nachbildung TERRADECOR Premium Innen und Au\u00dfendesign Kontaktieren Sie uns Gestalten Sie Ihr Interieur oder Exterieur? W\u00e4hlen Sie unten Ihre gew\u00fcnschte Kategorie. Innenr\u00e4ume Au\u00dfenbereiche Ihr individuelles Kunstwerk \u201eTeilen Sie uns Ihr Foto oder Ihre Idee mit, und wir verwandeln es in ein individuelles Kunstwerk, das speziell f\u00fcr Sie angefertigt wird.\u201c<\/p>\n","protected":false},"author":3,"featured_media":0,"parent":0,"menu_order":0,"comment_status":"closed","ping_status":"closed","template":"","meta":{"_acf_changed":false,"footnotes":""},"class_list":["post-4880","page","type-page","status-publish","hentry"],"acf":[],"yoast_head":"<!-- This site is optimized with the Yoast SEO plugin v27.4 - https:\/\/yoast.com\/product\/yoast-seo-wordpress\/ -->\n<title>Premium-Innen- und Au\u00dfendesign | Terradecor<\/title>\n<meta name=\"description\" content=\"Die weltweit realistischsten, von der Natur inspirierten Designs \u2013 geschaffen f\u00fcr Ihre Innen- und Au\u00dfenbereiche. Einfache Montage.\" \/>\n<meta name=\"robots\" content=\"index, follow, max-snippet:-1, max-image-preview:large, max-video-preview:-1\" \/>\n<link rel=\"canonical\" href=\"https:\/\/terradecorart.com\/de\/\" \/>\n<meta property=\"og:locale\" content=\"de_DE\" \/>\n<meta property=\"og:type\" content=\"article\" \/>\n<meta property=\"og:title\" content=\"Premium-Innen- und Au\u00dfendesign | Terradecor\" \/>\n<meta property=\"og:description\" content=\"Die weltweit realistischsten, von der Natur inspirierten Designs \u2013 geschaffen f\u00fcr Ihre Innen- und Au\u00dfenbereiche. Einfache Montage.\" \/>\n<meta property=\"og:url\" content=\"https:\/\/terradecorart.com\/de\/\" \/>\n<meta property=\"og:site_name\" content=\"Terradecor\" \/>\n<meta property=\"article:modified_time\" content=\"2026-04-21T06:40:34+00:00\" \/>\n<meta property=\"og:image\" content=\"https:\/\/terradecorart.com\/wp-content\/uploads\/2025\/12\/black-rock-birch-tv-wall.webp\" \/>\n\t<meta property=\"og:image:width\" content=\"1240\" \/>\n\t<meta property=\"og:image:height\" content=\"695\" \/>\n\t<meta property=\"og:image:type\" content=\"image\/webp\" \/>\n<meta name=\"twitter:card\" content=\"summary_large_image\" \/>\n<meta name=\"twitter:label1\" content=\"Gesch\u00e4tzte Lesezeit\" \/>\n\t<meta name=\"twitter:data1\" content=\"1\u00a0Minute\" \/>\n<script type=\"application\/ld+json\" class=\"yoast-schema-graph\">{\"@context\":\"https:\\\/\\\/schema.org\",\"@graph\":[{\"@type\":\"WebPage\",\"@id\":\"https:\\\/\\\/terradecorart.com\\\/de\\\/\",\"url\":\"https:\\\/\\\/terradecorart.com\\\/de\\\/\",\"name\":\"Premium-Innen- und Au\u00dfendesign | Terradecor\",\"isPartOf\":{\"@id\":\"https:\\\/\\\/terradecorart.com\\\/de\\\/#website\"},\"primaryImageOfPage\":{\"@id\":\"https:\\\/\\\/terradecorart.com\\\/de\\\/#primaryimage\"},\"image\":{\"@id\":\"https:\\\/\\\/terradecorart.com\\\/de\\\/#primaryimage\"},\"thumbnailUrl\":\"https:\\\/\\\/terradecorart.com\\\/wp-content\\\/uploads\\\/2025\\\/12\\\/black-rock-birch-tv-wall.webp\",\"datePublished\":\"2025-10-23T14:58:40+00:00\",\"dateModified\":\"2026-04-21T06:40:34+00:00\",\"description\":\"Die weltweit realistischsten, von der Natur inspirierten Designs \u2013 geschaffen f\u00fcr Ihre Innen- und Au\u00dfenbereiche. Einfache Montage.\",\"breadcrumb\":{\"@id\":\"https:\\\/\\\/terradecorart.com\\\/de\\\/#breadcrumb\"},\"inLanguage\":\"de\",\"potentialAction\":[{\"@type\":\"ReadAction\",\"target\":[\"https:\\\/\\\/terradecorart.com\\\/de\\\/\"]}]},{\"@type\":\"ImageObject\",\"inLanguage\":\"de\",\"@id\":\"https:\\\/\\\/terradecorart.com\\\/de\\\/#primaryimage\",\"url\":\"https:\\\/\\\/terradecorart.com\\\/wp-content\\\/uploads\\\/2025\\\/12\\\/black-rock-birch-tv-wall.webp\",\"contentUrl\":\"https:\\\/\\\/terradecorart.com\\\/wp-content\\\/uploads\\\/2025\\\/12\\\/black-rock-birch-tv-wall.webp\"},{\"@type\":\"BreadcrumbList\",\"@id\":\"https:\\\/\\\/terradecorart.com\\\/de\\\/#breadcrumb\",\"itemListElement\":[{\"@type\":\"ListItem\",\"position\":1,\"name\":\"Home\",\"item\":\"https:\\\/\\\/terradecorart.com\\\/de\\\/\"},{\"@type\":\"ListItem\",\"position\":2,\"name\":\"Startseite\"}]},{\"@type\":\"WebSite\",\"@id\":\"https:\\\/\\\/terradecorart.com\\\/de\\\/#website\",\"url\":\"https:\\\/\\\/terradecorart.com\\\/de\\\/\",\"name\":\"Terradecor\",\"description\":\"Take your interior design\\u2028to the next level of style We are Terradecor, a Serbian company with 15 years of experience in creating decorative materials that look like natural stone.\",\"publisher\":{\"@id\":\"https:\\\/\\\/terradecorart.com\\\/de\\\/#organization\"},\"potentialAction\":[{\"@type\":\"SearchAction\",\"target\":{\"@type\":\"EntryPoint\",\"urlTemplate\":\"https:\\\/\\\/terradecorart.com\\\/de\\\/?s={search_term_string}\"},\"query-input\":{\"@type\":\"PropertyValueSpecification\",\"valueRequired\":true,\"valueName\":\"search_term_string\"}}],\"inLanguage\":\"de\"},{\"@type\":\"Organization\",\"@id\":\"https:\\\/\\\/terradecorart.com\\\/de\\\/#organization\",\"name\":\"Terradecor\",\"url\":\"https:\\\/\\\/terradecorart.com\\\/de\\\/\",\"logo\":{\"@type\":\"ImageObject\",\"inLanguage\":\"de\",\"@id\":\"https:\\\/\\\/terradecorart.com\\\/de\\\/#\\\/schema\\\/logo\\\/image\\\/\",\"url\":\"https:\\\/\\\/terradecorart.com\\\/wp-content\\\/uploads\\\/2026\\\/01\\\/Terra-sajt-logo.png\",\"contentUrl\":\"https:\\\/\\\/terradecorart.com\\\/wp-content\\\/uploads\\\/2026\\\/01\\\/Terra-sajt-logo.png\",\"width\":781,\"height\":188,\"caption\":\"Terradecor\"},\"image\":{\"@id\":\"https:\\\/\\\/terradecorart.com\\\/de\\\/#\\\/schema\\\/logo\\\/image\\\/\"}}]}<\/script>\n<!-- \/ Yoast SEO plugin. -->","yoast_head_json":{"title":"Premium-Innen- und Au\u00dfendesign | Terradecor","description":"Die weltweit realistischsten, von der Natur inspirierten Designs \u2013 geschaffen f\u00fcr Ihre Innen- und Au\u00dfenbereiche. Einfache Montage.","robots":{"index":"index","follow":"follow","max-snippet":"max-snippet:-1","max-image-preview":"max-image-preview:large","max-video-preview":"max-video-preview:-1"},"canonical":"https:\/\/terradecorart.com\/de\/","og_locale":"de_DE","og_type":"article","og_title":"Premium-Innen- und Au\u00dfendesign | Terradecor","og_description":"Die weltweit realistischsten, von der Natur inspirierten Designs \u2013 geschaffen f\u00fcr Ihre Innen- und Au\u00dfenbereiche. Einfache Montage.","og_url":"https:\/\/terradecorart.com\/de\/","og_site_name":"Terradecor","article_modified_time":"2026-04-21T06:40:34+00:00","og_image":[{"width":1240,"height":695,"url":"https:\/\/terradecorart.com\/wp-content\/uploads\/2025\/12\/black-rock-birch-tv-wall.webp","type":"image\/webp"}],"twitter_card":"summary_large_image","twitter_misc":{"Gesch\u00e4tzte Lesezeit":"1\u00a0Minute"},"schema":{"@context":"https:\/\/schema.org","@graph":[{"@type":"WebPage","@id":"https:\/\/terradecorart.com\/de\/","url":"https:\/\/terradecorart.com\/de\/","name":"Premium-Innen- und Au\u00dfendesign | Terradecor","isPartOf":{"@id":"https:\/\/terradecorart.com\/de\/#website"},"primaryImageOfPage":{"@id":"https:\/\/terradecorart.com\/de\/#primaryimage"},"image":{"@id":"https:\/\/terradecorart.com\/de\/#primaryimage"},"thumbnailUrl":"https:\/\/terradecorart.com\/wp-content\/uploads\/2025\/12\/black-rock-birch-tv-wall.webp","datePublished":"2025-10-23T14:58:40+00:00","dateModified":"2026-04-21T06:40:34+00:00","description":"Die weltweit realistischsten, von der Natur inspirierten Designs \u2013 geschaffen f\u00fcr Ihre Innen- und Au\u00dfenbereiche. Einfache Montage.","breadcrumb":{"@id":"https:\/\/terradecorart.com\/de\/#breadcrumb"},"inLanguage":"de","potentialAction":[{"@type":"ReadAction","target":["https:\/\/terradecorart.com\/de\/"]}]},{"@type":"ImageObject","inLanguage":"de","@id":"https:\/\/terradecorart.com\/de\/#primaryimage","url":"https:\/\/terradecorart.com\/wp-content\/uploads\/2025\/12\/black-rock-birch-tv-wall.webp","contentUrl":"https:\/\/terradecorart.com\/wp-content\/uploads\/2025\/12\/black-rock-birch-tv-wall.webp"},{"@type":"BreadcrumbList","@id":"https:\/\/terradecorart.com\/de\/#breadcrumb","itemListElement":[{"@type":"ListItem","position":1,"name":"Home","item":"https:\/\/terradecorart.com\/de\/"},{"@type":"ListItem","position":2,"name":"Startseite"}]},{"@type":"WebSite","@id":"https:\/\/terradecorart.com\/de\/#website","url":"https:\/\/terradecorart.com\/de\/","name":"Terradecor","description":"Take your interior design\u2028to the next level of style We are Terradecor, a Serbian company with 15 years of experience in creating decorative materials that look like natural stone.","publisher":{"@id":"https:\/\/terradecorart.com\/de\/#organization"},"potentialAction":[{"@type":"SearchAction","target":{"@type":"EntryPoint","urlTemplate":"https:\/\/terradecorart.com\/de\/?s={search_term_string}"},"query-input":{"@type":"PropertyValueSpecification","valueRequired":true,"valueName":"search_term_string"}}],"inLanguage":"de"},{"@type":"Organization","@id":"https:\/\/terradecorart.com\/de\/#organization","name":"Terradecor","url":"https:\/\/terradecorart.com\/de\/","logo":{"@type":"ImageObject","inLanguage":"de","@id":"https:\/\/terradecorart.com\/de\/#\/schema\/logo\/image\/","url":"https:\/\/terradecorart.com\/wp-content\/uploads\/2026\/01\/Terra-sajt-logo.png","contentUrl":"https:\/\/terradecorart.com\/wp-content\/uploads\/2026\/01\/Terra-sajt-logo.png","width":781,"height":188,"caption":"Terradecor"},"image":{"@id":"https:\/\/terradecorart.com\/de\/#\/schema\/logo\/image\/"}}]}},"_hostinger_reach_plugin_has_subscription_block":false,"_hostinger_reach_plugin_is_elementor":false,"_links":{"self":[{"href":"https:\/\/terradecorart.com\/de\/wp-json\/wp\/v2\/pages\/4880","targetHints":{"allow":["GET"]}}],"collection":[{"href":"https:\/\/terradecorart.com\/de\/wp-json\/wp\/v2\/pages"}],"about":[{"href":"https:\/\/terradecorart.com\/de\/wp-json\/wp\/v2\/types\/page"}],"author":[{"embeddable":true,"href":"https:\/\/terradecorart.com\/de\/wp-json\/wp\/v2\/users\/3"}],"replies":[{"embeddable":true,"href":"https:\/\/terradecorart.com\/de\/wp-json\/wp\/v2\/comments?post=4880"}],"version-history":[{"count":79,"href":"https:\/\/terradecorart.com\/de\/wp-json\/wp\/v2\/pages\/4880\/revisions"}],"predecessor-version":[{"id":6451,"href":"https:\/\/terradecorart.com\/de\/wp-json\/wp\/v2\/pages\/4880\/revisions\/6451"}],"wp:attachment":[{"href":"https:\/\/terradecorart.com\/de\/wp-json\/wp\/v2\/media?parent=4880"}],"curies":[{"name":"wp","href":"https:\/\/api.w.org\/{rel}","templated":true}]}}