{"id":4839,"date":"2025-10-24T16:31:44","date_gmt":"2025-10-24T16:31:44","guid":{"rendered":"https:\/\/terradecorart.com\/ueber-uns\/"},"modified":"2026-04-01T13:32:30","modified_gmt":"2026-04-01T13:32:30","slug":"ueber-uns","status":"publish","type":"page","link":"https:\/\/terradecorart.com\/de\/ueber-uns\/","title":{"rendered":"\u00dcber uns"},"content":{"rendered":"\t\t<div data-elementor-type=\"wp-page\" data-elementor-id=\"4839\" class=\"elementor elementor-4839 elementor-809\" data-elementor-post-type=\"page\">\n\t\t\t\t<div class=\"elementor-element elementor-element-83dfda0 e-flex e-con-boxed wpr-particle-no wpr-jarallax-no wpr-parallax-no wpr-sticky-section-no wpr-equal-height-no e-con e-parent\" data-id=\"83dfda0\" data-element_type=\"container\" data-e-type=\"container\" data-settings=\"{&quot;background_background&quot;:&quot;classic&quot;}\">\n\t\t\t\t\t<div class=\"e-con-inner\">\n\t\t\t\t<div class=\"elementor-element elementor-element-c33cddb elementor-invisible elementor-widget elementor-widget-heading\" data-id=\"c33cddb\" data-element_type=\"widget\" data-e-type=\"widget\" data-settings=\"{&quot;_animation&quot;:&quot;zoomIn&quot;}\" data-widget_type=\"heading.default\">\n\t\t\t\t\t<h2 class=\"elementor-heading-title elementor-size-default\">\u00dcber uns<\/h2>\t\t\t\t<\/div>\n\t\t<div class=\"elementor-element elementor-element-6d200d0 e-con-full e-flex wpr-particle-no wpr-jarallax-no wpr-parallax-no wpr-sticky-section-no wpr-equal-height-no e-con e-child\" data-id=\"6d200d0\" data-element_type=\"container\" data-e-type=\"container\" data-settings=\"{&quot;background_background&quot;:&quot;classic&quot;}\">\n\t\t\t\t<\/div>\n\t\t<div class=\"elementor-element elementor-element-4c9c36a e-con-full e-flex wpr-particle-no wpr-jarallax-no wpr-parallax-no wpr-sticky-section-no wpr-equal-height-no e-con e-child\" data-id=\"4c9c36a\" data-element_type=\"container\" data-e-type=\"container\">\n\t\t<div class=\"elementor-element elementor-element-9286bcb e-con-full e-flex wpr-particle-no wpr-jarallax-no wpr-parallax-no wpr-sticky-section-no wpr-equal-height-no e-con e-child\" data-id=\"9286bcb\" data-element_type=\"container\" data-e-type=\"container\">\n\t\t\t\t<div class=\"elementor-element elementor-element-99aebb4 elementor-widget__width-initial elementor-invisible elementor-widget elementor-widget-heading\" data-id=\"99aebb4\" data-element_type=\"widget\" data-e-type=\"widget\" data-settings=\"{&quot;_animation&quot;:&quot;fadeInLeft&quot;}\" data-widget_type=\"heading.default\">\n\t\t\t\t\t<h2 class=\"elementor-heading-title elementor-size-default\">Wir sind Terradecor, ein serbisches Unternehmen mit \u00fcber 15 Jahren Erfahrung, spezialisiert auf dekorative Materialien, die wie Naturstein aussehen.<\/h2>\t\t\t\t<\/div>\n\t\t\t\t<\/div>\n\t\t<div class=\"elementor-element elementor-element-b968e53 e-con-full e-flex wpr-particle-no wpr-jarallax-no wpr-parallax-no wpr-sticky-section-no wpr-equal-height-no e-con e-child\" data-id=\"b968e53\" data-element_type=\"container\" data-e-type=\"container\" data-settings=\"{&quot;background_background&quot;:&quot;classic&quot;}\">\n\t\t\t\t<\/div>\n\t\t<div class=\"elementor-element elementor-element-36b6e33 e-con-full e-flex wpr-particle-no wpr-jarallax-no wpr-parallax-no wpr-sticky-section-no wpr-equal-height-no e-con e-child\" data-id=\"36b6e33\" data-element_type=\"container\" data-e-type=\"container\">\n\t\t<div class=\"elementor-element elementor-element-90fcc84 e-con-full e-flex wpr-particle-no wpr-jarallax-no wpr-parallax-no wpr-sticky-section-no wpr-equal-height-no e-con e-child\" data-id=\"90fcc84\" data-element_type=\"container\" data-e-type=\"container\">\n\t\t\t\t<div class=\"elementor-element elementor-element-770c6fa elementor-invisible elementor-widget elementor-widget-text-editor\" data-id=\"770c6fa\" data-element_type=\"widget\" data-e-type=\"widget\" data-settings=\"{&quot;_animation&quot;:&quot;fadeInUp&quot;}\" data-widget_type=\"text-editor.default\">\n\t\t\t\t\t\t\t\t\t<div class=\"split-text__line\">Bis vor Kurzem bestand unsere Hauptt\u00e4tigkeit ausschlie\u00dflich in der Herstellung dekorativer Paneele und 3D-Hintergr\u00fcnde f\u00fcr Aquarien unter dem heute international bekannten Markennamen <a href=\"https:\/\/www.instagram.com\/aquadecor\/\">Aquadecor<\/a>, der sowohl in unserem Heimatland als auch weltweit gesch\u00e4tzt wird.<br><br>In letzter Zeit haben wir entschieden, dass unsere Vorstellungskraft, Ideen und Projekte nicht auf eine einzige Kategorie beschr\u00e4nkt bleiben sollten, und haben uns daher entschlossen, unser Gesch\u00e4ft zu erweitern und auch den Bereich Innenraumgestaltung zu starten.<\/div>\t\t\t\t\t\t\t\t<\/div>\n\t\t\t\t<\/div>\n\t\t\t\t<\/div>\n\t\t\t\t<\/div>\n\t\t<div class=\"elementor-element elementor-element-0ca40ae e-con-full e-flex wpr-particle-no wpr-jarallax-no wpr-parallax-no wpr-sticky-section-no wpr-equal-height-no e-con e-child\" data-id=\"0ca40ae\" data-element_type=\"container\" data-e-type=\"container\" data-settings=\"{&quot;background_background&quot;:&quot;classic&quot;}\">\n\t\t\t\t<\/div>\n\t\t\t\t\t<\/div>\n\t\t\t\t<\/div>\n\t\t<div class=\"elementor-element elementor-element-452c50a e-flex e-con-boxed wpr-particle-no wpr-jarallax-no wpr-parallax-no wpr-sticky-section-no wpr-equal-height-no e-con e-parent\" data-id=\"452c50a\" data-element_type=\"container\" data-e-type=\"container\" data-settings=\"{&quot;background_background&quot;:&quot;classic&quot;}\">\n\t\t\t\t\t<div class=\"e-con-inner\">\n\t\t\t\t<div class=\"elementor-element elementor-element-068db86 elementor-align-center elementor-icon-list--layout-traditional elementor-list-item-link-full_width elementor-widget elementor-widget-icon-list\" data-id=\"068db86\" data-element_type=\"widget\" data-e-type=\"widget\" data-widget_type=\"icon-list.default\">\n\t\t\t\t\t\t\t<ul class=\"elementor-icon-list-items\">\n\t\t\t\t\t\t\t<li class=\"elementor-icon-list-item\">\n\t\t\t\t\t\t\t\t\t\t<span class=\"elementor-icon-list-text\">Handwerkskunst inspiriert von Stein seit 2004<\/span>\n\t\t\t\t\t\t\t\t\t<\/li>\n\t\t\t\t\t\t<\/ul>\n\t\t\t\t\t\t<\/div>\n\t\t\t\t<div class=\"elementor-element elementor-element-3907341 elementor-widget__width-initial elementor-widget elementor-widget-heading\" data-id=\"3907341\" data-element_type=\"widget\" data-e-type=\"widget\" data-widget_type=\"heading.default\">\n\t\t\t\t\t<h2 class=\"elementor-heading-title elementor-size-default\">Dekoratives Design\nneu definiert<\/h2>\t\t\t\t<\/div>\n\t\t\t\t<div class=\"elementor-element elementor-element-42a21e9 elementor-widget__width-initial elementor-widget elementor-widget-heading\" data-id=\"42a21e9\" data-element_type=\"widget\" data-e-type=\"widget\" data-widget_type=\"heading.default\">\n\t\t\t\t\t<h2 class=\"elementor-heading-title elementor-size-default\">Seit \u00fcber 15 Jahren fertigt Terradecor hochwertige\nDekorationsmaterialien, die die zeitlose Optik von\nNaturstein mit un\u00fcbertroffener Langlebigkeit, Kunstfertigkeit und Innovation vereinen.<\/h2>\t\t\t\t<\/div>\n\t\t\t\t<div class=\"elementor-element elementor-element-9af7f98 elementor-widget__width-initial elementor-widget elementor-widget-text-editor\" data-id=\"9af7f98\" data-element_type=\"widget\" data-e-type=\"widget\" data-widget_type=\"text-editor.default\">\n\t\t\t\t\t\t\t\t\t<p>Wir sind Terradecor, ein serbisches Unternehmen mit \u00fcber 15 Jahren Erfahrung im Bereich dekorativer Materialien in Steinoptik. Was mit der Herstellung von Paneelen und 3D-Aquarienhintergr\u00fcnden unter der weltweit anerkannten Marke Aquadecor begann, hat sich zu einer umfassenderen Vision entwickelt \u2013 unsere Kreativit\u00e4t und Handwerkskunst auch in die Innenraumgestaltung einzubringen. <\/p><p>Unsere Produkte vereinen beeindruckendes Design mit au\u00dfergew\u00f6hnlicher Langlebigkeit, sind best\u00e4ndig gegen alle Witterungsbedingungen und f\u00fcr Jahrzehnte ausgelegt. Seit 2004 haben wir unsere Modelle verfeinert und Materialien perfektioniert, die extremer Hitze und K\u00e4lte standhalten \u2013 deshalb bieten wir Garantien von 20 Jahren bis hin zu lebenslanger Abdeckung. <\/p><p>Im Mittelpunkt von Terradecor steht Florian Kova\u010d \u2013 Gr\u00fcnder, Chefdesigner und K\u00fcnstler \u2013 dessen Engagement unsere kompromisslosen Standards gepr\u00e4gt hat. 2018 gr\u00fcndete er die DecorGroup und vereinte Aquadecor und Terradecor zu einer Markenfamilie, die f\u00fcr Innovation, Kunstfertigkeit und bleibenden Wert steht. <\/p>\t\t\t\t\t\t\t\t<\/div>\n\t\t\t\t\t<\/div>\n\t\t\t\t<\/div>\n\t\t\t\t<\/div>\n\t\t","protected":false},"excerpt":{"rendered":"<p>\u00dcber uns Wir sind Terradecor, ein serbisches Unternehmen mit \u00fcber 15 Jahren Erfahrung, spezialisiert auf dekorative Materialien, die wie Naturstein aussehen. Bis vor Kurzem bestand unsere Hauptt\u00e4tigkeit ausschlie\u00dflich in der Herstellung dekorativer Paneele und 3D-Hintergr\u00fcnde f\u00fcr Aquarien unter dem heute international bekannten Markennamen Aquadecor, der sowohl in unserem Heimatland als auch weltweit gesch\u00e4tzt wird. In letzter Zeit haben wir entschieden, dass unsere Vorstellungskraft, Ideen und Projekte nicht auf eine einzige Kategorie beschr\u00e4nkt bleiben sollten, und haben uns daher entschlossen, unser Gesch\u00e4ft zu erweitern und auch den Bereich Innenraumgestaltung zu starten. Handwerkskunst inspiriert von Stein seit 2004 Dekoratives Design neu definiert Seit \u00fcber 15 Jahren fertigt Terradecor hochwertige Dekorationsmaterialien, die die zeitlose Optik von Naturstein mit un\u00fcbertroffener Langlebigkeit, Kunstfertigkeit und Innovation vereinen. Wir sind Terradecor, ein serbisches Unternehmen mit \u00fcber 15 Jahren Erfahrung im Bereich dekorativer Materialien in Steinoptik. Was mit der Herstellung von Paneelen und 3D-Aquarienhintergr\u00fcnden unter der weltweit anerkannten Marke Aquadecor begann, hat sich zu einer umfassenderen Vision entwickelt \u2013 unsere Kreativit\u00e4t und Handwerkskunst auch in die Innenraumgestaltung einzubringen. Unsere Produkte vereinen beeindruckendes Design mit au\u00dfergew\u00f6hnlicher Langlebigkeit, sind best\u00e4ndig gegen alle Witterungsbedingungen und f\u00fcr Jahrzehnte ausgelegt. Seit 2004 haben wir unsere Modelle verfeinert und Materialien perfektioniert, die extremer Hitze und K\u00e4lte standhalten \u2013 deshalb bieten wir Garantien von 20 Jahren bis hin zu lebenslanger Abdeckung. Im Mittelpunkt von Terradecor steht Florian Kova\u010d \u2013 Gr\u00fcnder, Chefdesigner und K\u00fcnstler \u2013 dessen Engagement unsere kompromisslosen Standards gepr\u00e4gt hat. 2018 gr\u00fcndete er die DecorGroup und vereinte Aquadecor und Terradecor zu einer Markenfamilie, die f\u00fcr Innovation, Kunstfertigkeit und bleibenden Wert steht.<\/p>\n","protected":false},"author":3,"featured_media":0,"parent":0,"menu_order":0,"comment_status":"closed","ping_status":"closed","template":"elementor_header_footer","meta":{"_acf_changed":false,"footnotes":""},"class_list":["post-4839","page","type-page","status-publish","hentry"],"acf":[],"yoast_head":"<!-- This site is optimized with the Yoast SEO plugin v27.4 - https:\/\/yoast.com\/product\/yoast-seo-wordpress\/ -->\n<title>\u00dcber uns | Terradecor<\/title>\n<meta name=\"robots\" content=\"index, follow, max-snippet:-1, max-image-preview:large, max-video-preview:-1\" \/>\n<link rel=\"canonical\" href=\"https:\/\/terradecorart.com\/de\/ueber-uns\/\" \/>\n<meta property=\"og:locale\" content=\"de_DE\" \/>\n<meta property=\"og:type\" content=\"article\" \/>\n<meta property=\"og:title\" content=\"\u00dcber uns | Terradecor\" \/>\n<meta property=\"og:description\" content=\"\u00dcber uns Wir sind Terradecor, ein serbisches Unternehmen mit \u00fcber 15 Jahren Erfahrung, spezialisiert auf dekorative Materialien, die wie Naturstein aussehen. Bis vor Kurzem bestand unsere Hauptt\u00e4tigkeit ausschlie\u00dflich in der Herstellung dekorativer Paneele und 3D-Hintergr\u00fcnde f\u00fcr Aquarien unter dem heute international bekannten Markennamen Aquadecor, der sowohl in unserem Heimatland als auch weltweit gesch\u00e4tzt wird. In letzter Zeit haben wir entschieden, dass unsere Vorstellungskraft, Ideen und Projekte nicht auf eine einzige Kategorie beschr\u00e4nkt bleiben sollten, und haben uns daher entschlossen, unser Gesch\u00e4ft zu erweitern und auch den Bereich Innenraumgestaltung zu starten. Handwerkskunst inspiriert von Stein seit 2004 Dekoratives Design neu definiert Seit \u00fcber 15 Jahren fertigt Terradecor hochwertige Dekorationsmaterialien, die die zeitlose Optik von Naturstein mit un\u00fcbertroffener Langlebigkeit, Kunstfertigkeit und Innovation vereinen. Wir sind Terradecor, ein serbisches Unternehmen mit \u00fcber 15 Jahren Erfahrung im Bereich dekorativer Materialien in Steinoptik. Was mit der Herstellung von Paneelen und 3D-Aquarienhintergr\u00fcnden unter der weltweit anerkannten Marke Aquadecor begann, hat sich zu einer umfassenderen Vision entwickelt \u2013 unsere Kreativit\u00e4t und Handwerkskunst auch in die Innenraumgestaltung einzubringen. Unsere Produkte vereinen beeindruckendes Design mit au\u00dfergew\u00f6hnlicher Langlebigkeit, sind best\u00e4ndig gegen alle Witterungsbedingungen und f\u00fcr Jahrzehnte ausgelegt. Seit 2004 haben wir unsere Modelle verfeinert und Materialien perfektioniert, die extremer Hitze und K\u00e4lte standhalten \u2013 deshalb bieten wir Garantien von 20 Jahren bis hin zu lebenslanger Abdeckung. Im Mittelpunkt von Terradecor steht Florian Kova\u010d \u2013 Gr\u00fcnder, Chefdesigner und K\u00fcnstler \u2013 dessen Engagement unsere kompromisslosen Standards gepr\u00e4gt hat. 2018 gr\u00fcndete er die DecorGroup und vereinte Aquadecor und Terradecor zu einer Markenfamilie, die f\u00fcr Innovation, Kunstfertigkeit und bleibenden Wert steht.\" \/>\n<meta property=\"og:url\" content=\"https:\/\/terradecorart.com\/de\/ueber-uns\/\" \/>\n<meta property=\"og:site_name\" content=\"Terradecor\" \/>\n<meta property=\"article:modified_time\" content=\"2026-04-01T13:32:30+00:00\" \/>\n<meta property=\"og:image\" content=\"https:\/\/terradecorart.com\/wp-content\/uploads\/2025\/10\/Screenshot-2025-10-24-003550-1.png\" \/>\n\t<meta property=\"og:image:width\" content=\"925\" \/>\n\t<meta property=\"og:image:height\" content=\"162\" \/>\n\t<meta property=\"og:image:type\" content=\"image\/png\" \/>\n<meta name=\"twitter:card\" content=\"summary_large_image\" \/>\n<meta name=\"twitter:label1\" content=\"Gesch\u00e4tzte Lesezeit\" \/>\n\t<meta name=\"twitter:data1\" content=\"1\u00a0Minute\" \/>\n<script type=\"application\/ld+json\" class=\"yoast-schema-graph\">{\"@context\":\"https:\\\/\\\/schema.org\",\"@graph\":[{\"@type\":\"WebPage\",\"@id\":\"https:\\\/\\\/terradecorart.com\\\/de\\\/ueber-uns\\\/\",\"url\":\"https:\\\/\\\/terradecorart.com\\\/de\\\/ueber-uns\\\/\",\"name\":\"\u00dcber uns | Terradecor\",\"isPartOf\":{\"@id\":\"https:\\\/\\\/terradecorart.com\\\/de\\\/#website\"},\"datePublished\":\"2025-10-24T16:31:44+00:00\",\"dateModified\":\"2026-04-01T13:32:30+00:00\",\"breadcrumb\":{\"@id\":\"https:\\\/\\\/terradecorart.com\\\/de\\\/ueber-uns\\\/#breadcrumb\"},\"inLanguage\":\"de\",\"potentialAction\":[{\"@type\":\"ReadAction\",\"target\":[\"https:\\\/\\\/terradecorart.com\\\/de\\\/ueber-uns\\\/\"]}]},{\"@type\":\"BreadcrumbList\",\"@id\":\"https:\\\/\\\/terradecorart.com\\\/de\\\/ueber-uns\\\/#breadcrumb\",\"itemListElement\":[{\"@type\":\"ListItem\",\"position\":1,\"name\":\"Home\",\"item\":\"https:\\\/\\\/terradecorart.com\\\/de\\\/\"},{\"@type\":\"ListItem\",\"position\":2,\"name\":\"\u00dcber uns\"}]},{\"@type\":\"WebSite\",\"@id\":\"https:\\\/\\\/terradecorart.com\\\/de\\\/#website\",\"url\":\"https:\\\/\\\/terradecorart.com\\\/de\\\/\",\"name\":\"Terradecor\",\"description\":\"Take your interior design\\u2028to the next level of style We are Terradecor, a Serbian company with 15 years of experience in creating decorative materials that look like natural stone.\",\"publisher\":{\"@id\":\"https:\\\/\\\/terradecorart.com\\\/de\\\/#organization\"},\"potentialAction\":[{\"@type\":\"SearchAction\",\"target\":{\"@type\":\"EntryPoint\",\"urlTemplate\":\"https:\\\/\\\/terradecorart.com\\\/de\\\/?s={search_term_string}\"},\"query-input\":{\"@type\":\"PropertyValueSpecification\",\"valueRequired\":true,\"valueName\":\"search_term_string\"}}],\"inLanguage\":\"de\"},{\"@type\":\"Organization\",\"@id\":\"https:\\\/\\\/terradecorart.com\\\/de\\\/#organization\",\"name\":\"Terradecor\",\"url\":\"https:\\\/\\\/terradecorart.com\\\/de\\\/\",\"logo\":{\"@type\":\"ImageObject\",\"inLanguage\":\"de\",\"@id\":\"https:\\\/\\\/terradecorart.com\\\/de\\\/#\\\/schema\\\/logo\\\/image\\\/\",\"url\":\"https:\\\/\\\/terradecorart.com\\\/wp-content\\\/uploads\\\/2026\\\/01\\\/Terra-sajt-logo.png\",\"contentUrl\":\"https:\\\/\\\/terradecorart.com\\\/wp-content\\\/uploads\\\/2026\\\/01\\\/Terra-sajt-logo.png\",\"width\":781,\"height\":188,\"caption\":\"Terradecor\"},\"image\":{\"@id\":\"https:\\\/\\\/terradecorart.com\\\/de\\\/#\\\/schema\\\/logo\\\/image\\\/\"}}]}<\/script>\n<!-- \/ Yoast SEO plugin. -->","yoast_head_json":{"title":"\u00dcber uns | Terradecor","robots":{"index":"index","follow":"follow","max-snippet":"max-snippet:-1","max-image-preview":"max-image-preview:large","max-video-preview":"max-video-preview:-1"},"canonical":"https:\/\/terradecorart.com\/de\/ueber-uns\/","og_locale":"de_DE","og_type":"article","og_title":"\u00dcber uns | Terradecor","og_description":"\u00dcber uns Wir sind Terradecor, ein serbisches Unternehmen mit \u00fcber 15 Jahren Erfahrung, spezialisiert auf dekorative Materialien, die wie Naturstein aussehen. Bis vor Kurzem bestand unsere Hauptt\u00e4tigkeit ausschlie\u00dflich in der Herstellung dekorativer Paneele und 3D-Hintergr\u00fcnde f\u00fcr Aquarien unter dem heute international bekannten Markennamen Aquadecor, der sowohl in unserem Heimatland als auch weltweit gesch\u00e4tzt wird. In letzter Zeit haben wir entschieden, dass unsere Vorstellungskraft, Ideen und Projekte nicht auf eine einzige Kategorie beschr\u00e4nkt bleiben sollten, und haben uns daher entschlossen, unser Gesch\u00e4ft zu erweitern und auch den Bereich Innenraumgestaltung zu starten. Handwerkskunst inspiriert von Stein seit 2004 Dekoratives Design neu definiert Seit \u00fcber 15 Jahren fertigt Terradecor hochwertige Dekorationsmaterialien, die die zeitlose Optik von Naturstein mit un\u00fcbertroffener Langlebigkeit, Kunstfertigkeit und Innovation vereinen. Wir sind Terradecor, ein serbisches Unternehmen mit \u00fcber 15 Jahren Erfahrung im Bereich dekorativer Materialien in Steinoptik. Was mit der Herstellung von Paneelen und 3D-Aquarienhintergr\u00fcnden unter der weltweit anerkannten Marke Aquadecor begann, hat sich zu einer umfassenderen Vision entwickelt \u2013 unsere Kreativit\u00e4t und Handwerkskunst auch in die Innenraumgestaltung einzubringen. Unsere Produkte vereinen beeindruckendes Design mit au\u00dfergew\u00f6hnlicher Langlebigkeit, sind best\u00e4ndig gegen alle Witterungsbedingungen und f\u00fcr Jahrzehnte ausgelegt. Seit 2004 haben wir unsere Modelle verfeinert und Materialien perfektioniert, die extremer Hitze und K\u00e4lte standhalten \u2013 deshalb bieten wir Garantien von 20 Jahren bis hin zu lebenslanger Abdeckung. Im Mittelpunkt von Terradecor steht Florian Kova\u010d \u2013 Gr\u00fcnder, Chefdesigner und K\u00fcnstler \u2013 dessen Engagement unsere kompromisslosen Standards gepr\u00e4gt hat. 2018 gr\u00fcndete er die DecorGroup und vereinte Aquadecor und Terradecor zu einer Markenfamilie, die f\u00fcr Innovation, Kunstfertigkeit und bleibenden Wert steht.","og_url":"https:\/\/terradecorart.com\/de\/ueber-uns\/","og_site_name":"Terradecor","article_modified_time":"2026-04-01T13:32:30+00:00","og_image":[{"width":925,"height":162,"url":"https:\/\/terradecorart.com\/wp-content\/uploads\/2025\/10\/Screenshot-2025-10-24-003550-1.png","type":"image\/png"}],"twitter_card":"summary_large_image","twitter_misc":{"Gesch\u00e4tzte Lesezeit":"1\u00a0Minute"},"schema":{"@context":"https:\/\/schema.org","@graph":[{"@type":"WebPage","@id":"https:\/\/terradecorart.com\/de\/ueber-uns\/","url":"https:\/\/terradecorart.com\/de\/ueber-uns\/","name":"\u00dcber uns | Terradecor","isPartOf":{"@id":"https:\/\/terradecorart.com\/de\/#website"},"datePublished":"2025-10-24T16:31:44+00:00","dateModified":"2026-04-01T13:32:30+00:00","breadcrumb":{"@id":"https:\/\/terradecorart.com\/de\/ueber-uns\/#breadcrumb"},"inLanguage":"de","potentialAction":[{"@type":"ReadAction","target":["https:\/\/terradecorart.com\/de\/ueber-uns\/"]}]},{"@type":"BreadcrumbList","@id":"https:\/\/terradecorart.com\/de\/ueber-uns\/#breadcrumb","itemListElement":[{"@type":"ListItem","position":1,"name":"Home","item":"https:\/\/terradecorart.com\/de\/"},{"@type":"ListItem","position":2,"name":"\u00dcber uns"}]},{"@type":"WebSite","@id":"https:\/\/terradecorart.com\/de\/#website","url":"https:\/\/terradecorart.com\/de\/","name":"Terradecor","description":"Take your interior design\u2028to the next level of style We are Terradecor, a Serbian company with 15 years of experience in creating decorative materials that look like natural stone.","publisher":{"@id":"https:\/\/terradecorart.com\/de\/#organization"},"potentialAction":[{"@type":"SearchAction","target":{"@type":"EntryPoint","urlTemplate":"https:\/\/terradecorart.com\/de\/?s={search_term_string}"},"query-input":{"@type":"PropertyValueSpecification","valueRequired":true,"valueName":"search_term_string"}}],"inLanguage":"de"},{"@type":"Organization","@id":"https:\/\/terradecorart.com\/de\/#organization","name":"Terradecor","url":"https:\/\/terradecorart.com\/de\/","logo":{"@type":"ImageObject","inLanguage":"de","@id":"https:\/\/terradecorart.com\/de\/#\/schema\/logo\/image\/","url":"https:\/\/terradecorart.com\/wp-content\/uploads\/2026\/01\/Terra-sajt-logo.png","contentUrl":"https:\/\/terradecorart.com\/wp-content\/uploads\/2026\/01\/Terra-sajt-logo.png","width":781,"height":188,"caption":"Terradecor"},"image":{"@id":"https:\/\/terradecorart.com\/de\/#\/schema\/logo\/image\/"}}]}},"_hostinger_reach_plugin_has_subscription_block":false,"_hostinger_reach_plugin_is_elementor":false,"_links":{"self":[{"href":"https:\/\/terradecorart.com\/de\/wp-json\/wp\/v2\/pages\/4839","targetHints":{"allow":["GET"]}}],"collection":[{"href":"https:\/\/terradecorart.com\/de\/wp-json\/wp\/v2\/pages"}],"about":[{"href":"https:\/\/terradecorart.com\/de\/wp-json\/wp\/v2\/types\/page"}],"author":[{"embeddable":true,"href":"https:\/\/terradecorart.com\/de\/wp-json\/wp\/v2\/users\/3"}],"replies":[{"embeddable":true,"href":"https:\/\/terradecorart.com\/de\/wp-json\/wp\/v2\/comments?post=4839"}],"version-history":[{"count":3,"href":"https:\/\/terradecorart.com\/de\/wp-json\/wp\/v2\/pages\/4839\/revisions"}],"predecessor-version":[{"id":5022,"href":"https:\/\/terradecorart.com\/de\/wp-json\/wp\/v2\/pages\/4839\/revisions\/5022"}],"wp:attachment":[{"href":"https:\/\/terradecorart.com\/de\/wp-json\/wp\/v2\/media?parent=4839"}],"curies":[{"name":"wp","href":"https:\/\/api.w.org\/{rel}","templated":true}]}}